{"id":8274,"date":"2025-11-10T09:16:25","date_gmt":"2025-11-10T09:16:25","guid":{"rendered":"https:\/\/qiddo.be\/?post_type=product&#038;p=8274"},"modified":"2025-11-21T05:41:08","modified_gmt":"2025-11-21T05:41:08","slug":"topmark-table-chaise-haute-rafi","status":"publish","type":"product","link":"https:\/\/qiddo.be\/fr\/affaires-de-bebe\/embaucher\/topmark-table-chaise-haute-rafi\/","title":{"rendered":"Topmark Chaise suspendue Rafi"},"content":{"rendered":"<p><strong>Topmark Chaise suspendue Rafi<\/strong><\/p>\n<p data-start=\"169\" data-end=\"562\">Cette chaise suspendue de table avec cadre en aluminium, harnais \u00e0 5 points et compartiment de rangement pratique, est super petite et pliable, et peut donc \u00eatre emport\u00e9e partout dans un sac de transport pratique. C'est un si\u00e8ge s\u00fbr et confortable pour votre enfant. Les capuchons antid\u00e9rapants et le syst\u00e8me de fixation suppl\u00e9mentaire emp\u00eachent le si\u00e8ge de glisser. Convient aux enfants qui peuvent s'asseoir sans aide jusqu'\u00e0 un maximum de 15 kg. Convient aux tables dont le plateau a une \u00e9paisseur minimale de 20 mm et maximale de 38 mm.<\/p>\n<p data-start=\"169\" data-end=\"562\">Caract\u00e9ristiques techniques :<\/p>\n<ul id=\"idTab2\" class=\"bullet\">\n<li>Dimensions d\u00e9pli\u00e9es : 62x39x34 cm<\/li>\n<li>Dimensions pli\u00e9 : 39x13x42 cm<\/li>\n<li>Poids 1,8 kg<\/li>\n<li>Convient aux enfants de : 6 mois \u00e0 15 kg<\/li>\n<\/ul>","protected":false},"excerpt":{"rendered":"<ul>\n<li data-start=\"978\" data-end=\"1019\">\n<p data-start=\"980\" data-end=\"1019\">Chaise suspendue compacte et pliable<\/p>\n<\/li>\n<li data-start=\"1020\" data-end=\"1064\">\n<p data-start=\"1022\" data-end=\"1064\">Fixation rapide et s\u00fbre \u00e0 la table<\/p>\n<\/li>\n<li data-start=\"1065\" data-end=\"1101\">\n<p data-start=\"1067\" data-end=\"1101\">Si\u00e8ge confortable et rembourr\u00e9<\/p>\n<\/li>\n<li data-start=\"1102\" data-end=\"1127\">\n<p data-start=\"1104\" data-end=\"1127\">Harnais de s\u00e9curit\u00e9 \u00e0 5 points<\/p>\n<\/li>\n<li data-start=\"1128\" data-end=\"1174\">\n<p data-start=\"1130\" data-end=\"1174\">Parfait pour la maison, les restaurants et les voyages<\/p>\n<\/li>\n<\/ul>","protected":false},"featured_media":8918,"comment_status":"open","ping_status":"closed","template":"","meta":[],"product_brand":[90],"product_cat":[78,82],"product_tag":[],"class_list":{"0":"post-8274","1":"product","2":"type-product","3":"status-publish","4":"has-post-thumbnail","6":"product_brand-topmark","7":"product_cat-stoelen","8":"product_cat-travel","10":"first","11":"instock","12":"taxable","13":"shipping-taxable","14":"purchasable","15":"product-type-simple"},"_links":{"self":[{"href":"https:\/\/qiddo.be\/fr\/wp-json\/wp\/v2\/product\/8274","targetHints":{"allow":["GET"]}}],"collection":[{"href":"https:\/\/qiddo.be\/fr\/wp-json\/wp\/v2\/product"}],"about":[{"href":"https:\/\/qiddo.be\/fr\/wp-json\/wp\/v2\/types\/product"}],"replies":[{"embeddable":true,"href":"https:\/\/qiddo.be\/fr\/wp-json\/wp\/v2\/comments?post=8274"}],"version-history":[{"count":3,"href":"https:\/\/qiddo.be\/fr\/wp-json\/wp\/v2\/product\/8274\/revisions"}],"predecessor-version":[{"id":8821,"href":"https:\/\/qiddo.be\/fr\/wp-json\/wp\/v2\/product\/8274\/revisions\/8821"}],"wp:featuredmedia":[{"embeddable":true,"href":"https:\/\/qiddo.be\/fr\/wp-json\/wp\/v2\/media\/8918"}],"wp:attachment":[{"href":"https:\/\/qiddo.be\/fr\/wp-json\/wp\/v2\/media?parent=8274"}],"wp:term":[{"taxonomy":"product_brand","embeddable":true,"href":"https:\/\/qiddo.be\/fr\/wp-json\/wp\/v2\/product_brand?post=8274"},{"taxonomy":"product_cat","embeddable":true,"href":"https:\/\/qiddo.be\/fr\/wp-json\/wp\/v2\/product_cat?post=8274"},{"taxonomy":"product_tag","embeddable":true,"href":"https:\/\/qiddo.be\/fr\/wp-json\/wp\/v2\/product_tag?post=8274"}],"curies":[{"name":"wp","href":"https:\/\/api.w.org\/{rel}","templated":true}]}}