{"id":8276,"date":"2025-11-10T09:16:25","date_gmt":"2025-11-10T09:16:25","guid":{"rendered":"https:\/\/qiddo.be\/?post_type=product&#038;p=8276"},"modified":"2025-11-19T09:01:24","modified_gmt":"2025-11-19T09:01:24","slug":"maxi-cosi-relax-kori-beyond","status":"publish","type":"product","link":"https:\/\/qiddo.be\/fr\/affaires-de-bebe\/embaucher\/maxi-cosi-relax-kori-beyond\/","title":{"rendered":"Maxi-Cosi Relax Kori Beyond Vert\u00a0"},"content":{"rendered":"<p><strong>Maxi-Cosi Relax Kori Beyond Vert\u00a0<\/strong><\/p>\n<p data-start=\"204\" data-end=\"544\">Le Maxi-Cosi Kori Beyond est un transat \u00e9l\u00e9gant, l\u00e9ger et confortable qui s'int\u00e8gre parfaitement dans la vie de famille moderne. Gr\u00e2ce \u00e0 sa conception intelligente 2 en 1, vous pouvez utiliser le Kori \u00e0 la fois comme transat et en position fixe, non oscillante. Ainsi, vous cr\u00e9ez toujours un endroit s\u00fbr et agr\u00e9able o\u00f9 votre b\u00e9b\u00e9 peut se d\u00e9tendre, jouer ou se relaxer.<\/p>\n<p data-start=\"546\" data-end=\"814\">L'insert pour nouveau-n\u00e9, doux et rembourr\u00e9, offre un soutien optimal d\u00e8s la naissance et permet aux b\u00e9b\u00e9s, m\u00eame les plus petits, de s'allonger confortablement. D'une seule main, vous pouvez r\u00e9gler sans effort les diff\u00e9rentes positions d'assise, ce qui est id\u00e9al pour l'agitation quotidienne.<\/p>\n<p data-start=\"816\" data-end=\"1092\">Le Kori Beyond est ultral\u00e9ger, pliable et donc facile \u00e0 ranger ou \u00e0 transporter. Le rembourrage de haute qualit\u00e9 est amovible et lavable, ce qui est encore plus pratique. Une combinaison de confort, de s\u00e9curit\u00e9 et de style - exactement ce que vous attendez de Maxi-Cosi.<\/p>","protected":false},"excerpt":{"rendered":"<ul>\n<li data-start=\"1140\" data-end=\"1175\">\n<p data-start=\"1142\" data-end=\"1175\">2 en 1 : ch\u00e2teau gonflable et position fixe<\/p>\n<\/li>\n<li data-start=\"1176\" data-end=\"1214\">\n<p data-start=\"1178\" data-end=\"1214\">Pliage l\u00e9ger et compact<\/p>\n<\/li>\n<li data-start=\"1215\" data-end=\"1243\">\n<p data-start=\"1217\" data-end=\"1243\">R\u00e9glable d'une seule main<\/p>\n<\/li>\n<li data-start=\"1244\" data-end=\"1287\">\n<p data-start=\"1246\" data-end=\"1287\">Incrustation souple pour nouveau-n\u00e9 pour plus de confort<\/p>\n<\/li>\n<li data-start=\"1288\" data-end=\"1323\">\n<p data-start=\"1290\" data-end=\"1323\">Housse amovible et lavable<\/p>\n<\/li>\n<\/ul>","protected":false},"featured_media":8865,"comment_status":"open","ping_status":"closed","template":"","meta":[],"product_brand":[85],"product_cat":[78],"product_tag":[],"class_list":{"0":"post-8276","1":"product","2":"type-product","3":"status-publish","4":"has-post-thumbnail","6":"product_brand-maxi-cosi","7":"product_cat-stoelen","9":"first","10":"instock","11":"taxable","12":"shipping-taxable","13":"purchasable","14":"product-type-simple"},"_links":{"self":[{"href":"https:\/\/qiddo.be\/fr\/wp-json\/wp\/v2\/product\/8276","targetHints":{"allow":["GET"]}}],"collection":[{"href":"https:\/\/qiddo.be\/fr\/wp-json\/wp\/v2\/product"}],"about":[{"href":"https:\/\/qiddo.be\/fr\/wp-json\/wp\/v2\/types\/product"}],"replies":[{"embeddable":true,"href":"https:\/\/qiddo.be\/fr\/wp-json\/wp\/v2\/comments?post=8276"}],"version-history":[{"count":3,"href":"https:\/\/qiddo.be\/fr\/wp-json\/wp\/v2\/product\/8276\/revisions"}],"predecessor-version":[{"id":8852,"href":"https:\/\/qiddo.be\/fr\/wp-json\/wp\/v2\/product\/8276\/revisions\/8852"}],"wp:featuredmedia":[{"embeddable":true,"href":"https:\/\/qiddo.be\/fr\/wp-json\/wp\/v2\/media\/8865"}],"wp:attachment":[{"href":"https:\/\/qiddo.be\/fr\/wp-json\/wp\/v2\/media?parent=8276"}],"wp:term":[{"taxonomy":"product_brand","embeddable":true,"href":"https:\/\/qiddo.be\/fr\/wp-json\/wp\/v2\/product_brand?post=8276"},{"taxonomy":"product_cat","embeddable":true,"href":"https:\/\/qiddo.be\/fr\/wp-json\/wp\/v2\/product_cat?post=8276"},{"taxonomy":"product_tag","embeddable":true,"href":"https:\/\/qiddo.be\/fr\/wp-json\/wp\/v2\/product_tag?post=8276"}],"curies":[{"name":"wp","href":"https:\/\/api.w.org\/{rel}","templated":true}]}}