{"id":8280,"date":"2025-11-10T09:16:25","date_gmt":"2025-11-10T09:16:25","guid":{"rendered":"https:\/\/qiddo.be\/?post_type=product&#038;p=8280"},"modified":"2025-11-19T09:05:13","modified_gmt":"2025-11-19T09:05:13","slug":"maxi-cosi-relax-dove-pro","status":"publish","type":"product","link":"https:\/\/qiddo.be\/fr\/affaires-de-bebe\/embaucher\/maxi-cosi-relax-dove-pro\/","title":{"rendered":"Maxi-Cosi Relax Dove Pro"},"content":{"rendered":"<p><strong>Maxi-Cosi Relax Dove Pro<\/strong><\/p>\n<p data-start=\"194\" data-end=\"482\">Le Maxi-Cosi Relax Dove Pro offre \u00e0 votre b\u00e9b\u00e9 la combinaison ultime de confort, de soutien et de repos. Ce transat haut de gamme est con\u00e7u avec un si\u00e8ge ergonomique qui s'adapte parfaitement au corps de votre b\u00e9b\u00e9, afin qu'il soit toujours allong\u00e9 dans une position naturelle et d\u00e9tendue.<\/p>\n<p data-start=\"484\" data-end=\"777\">Avec ses multiples positions r\u00e9glables et son rembourrage doux et luxueux, le Dove Pro cr\u00e9e un endroit s\u00fbr et confortable pour se d\u00e9tendre, jouer ou faire la sieste. La conception l\u00e9g\u00e8rement ber\u00e7ante apaise naturellement votre b\u00e9b\u00e9, tandis que le cadre robuste assure une stabilit\u00e9 maximale.<\/p>\n<p data-start=\"779\" data-end=\"1089\">Le ch\u00e2teau gonflable est l\u00e9ger et facilement pliable, ce qui permet de le d\u00e9placer ou de le ranger sans effort. La housse lavable le rend \u00e9galement id\u00e9al pour un usage quotidien. Le Maxi-Cosi Relax Dove Pro est le choix id\u00e9al pour les parents qui souhaitent combiner style, s\u00e9curit\u00e9 et fonctionnalit\u00e9.<\/p>","protected":false},"excerpt":{"rendered":"<ul>\n<li data-start=\"1137\" data-end=\"1176\">\n<p data-start=\"1139\" data-end=\"1176\">Ch\u00e2teau gonflable ergonomique et confortable<\/p>\n<\/li>\n<li data-start=\"1177\" data-end=\"1222\">\n<p data-start=\"1179\" data-end=\"1222\">Plusieurs positions d'assise et d'inclinaison r\u00e9glables<\/p>\n<\/li>\n<li data-start=\"1223\" data-end=\"1266\">\n<p data-start=\"1225\" data-end=\"1266\">M\u00e9canisme de basculement naturel et apaisant<\/p>\n<\/li>\n<li data-start=\"1267\" data-end=\"1314\">\n<p data-start=\"1269\" data-end=\"1314\">L\u00e9ger, pliable et facile \u00e0 transporter<\/p>\n<\/li>\n<li data-start=\"1315\" data-end=\"1342\">\n<p data-start=\"1317\" data-end=\"1342\">Sellerie luxueuse et lavable<\/p>\n<\/li>\n<\/ul>","protected":false},"featured_media":8857,"comment_status":"open","ping_status":"closed","template":"","meta":[],"product_brand":[85],"product_cat":[78],"product_tag":[],"class_list":{"0":"post-8280","1":"product","2":"type-product","3":"status-publish","4":"has-post-thumbnail","6":"product_brand-maxi-cosi","7":"product_cat-stoelen","9":"first","10":"instock","11":"taxable","12":"shipping-taxable","13":"purchasable","14":"product-type-simple"},"_links":{"self":[{"href":"https:\/\/qiddo.be\/fr\/wp-json\/wp\/v2\/product\/8280","targetHints":{"allow":["GET"]}}],"collection":[{"href":"https:\/\/qiddo.be\/fr\/wp-json\/wp\/v2\/product"}],"about":[{"href":"https:\/\/qiddo.be\/fr\/wp-json\/wp\/v2\/types\/product"}],"replies":[{"embeddable":true,"href":"https:\/\/qiddo.be\/fr\/wp-json\/wp\/v2\/comments?post=8280"}],"version-history":[{"count":3,"href":"https:\/\/qiddo.be\/fr\/wp-json\/wp\/v2\/product\/8280\/revisions"}],"predecessor-version":[{"id":8867,"href":"https:\/\/qiddo.be\/fr\/wp-json\/wp\/v2\/product\/8280\/revisions\/8867"}],"wp:featuredmedia":[{"embeddable":true,"href":"https:\/\/qiddo.be\/fr\/wp-json\/wp\/v2\/media\/8857"}],"wp:attachment":[{"href":"https:\/\/qiddo.be\/fr\/wp-json\/wp\/v2\/media?parent=8280"}],"wp:term":[{"taxonomy":"product_brand","embeddable":true,"href":"https:\/\/qiddo.be\/fr\/wp-json\/wp\/v2\/product_brand?post=8280"},{"taxonomy":"product_cat","embeddable":true,"href":"https:\/\/qiddo.be\/fr\/wp-json\/wp\/v2\/product_cat?post=8280"},{"taxonomy":"product_tag","embeddable":true,"href":"https:\/\/qiddo.be\/fr\/wp-json\/wp\/v2\/product_tag?post=8280"}],"curies":[{"name":"wp","href":"https:\/\/api.w.org\/{rel}","templated":true}]}}