{"id":8282,"date":"2025-11-10T09:16:25","date_gmt":"2025-11-10T09:16:25","guid":{"rendered":"https:\/\/qiddo.be\/?post_type=product&#038;p=8282"},"modified":"2025-11-19T09:16:57","modified_gmt":"2025-11-19T09:16:57","slug":"bumbo-baby-seat-floorseat","status":"publish","type":"product","link":"https:\/\/qiddo.be\/fr\/affaires-de-bebe\/embaucher\/bumbo-baby-seat-floorseat\/","title":{"rendered":"Bumbo Baby Seat Floorseat Cool Grey (si\u00e8ge pour b\u00e9b\u00e9)"},"content":{"rendered":"<p><strong>Bumbo Baby Seat Floorseat Cool Grey (si\u00e8ge pour b\u00e9b\u00e9)<\/strong><\/p>\n<p data-start=\"196\" data-end=\"554\">Le si\u00e8ge Bumbo Baby Seat Floorseat est le grand classique des si\u00e8ges pour b\u00e9b\u00e9s. Il est r\u00e9put\u00e9 pour son excellent soutien et son confort. Gr\u00e2ce \u00e0 la mousse souple et moul\u00e9e, votre b\u00e9b\u00e9 sera assis en toute s\u00e9curit\u00e9 et bien droit avant m\u00eame de pouvoir s'asseoir sans aide. Le Floorseat est donc id\u00e9al pour le jeu, l'interaction ou l'apprentissage d'une bonne position assise.<\/p>\n<p data-start=\"556\" data-end=\"814\">Le si\u00e8ge est l\u00e9ger, compact et facile \u00e0 nettoyer - parfait pour une utilisation \u00e0 la maison et en d\u00e9placement. Le dossier sur\u00e9lev\u00e9 et la forme ergonomique offrent un soutien optimal, tandis que l'assise large maintient votre enfant confortablement en place.<\/p>\n<p data-start=\"816\" data-end=\"1020\">Gr\u00e2ce \u00e0 sa construction robuste et \u00e0 ses mat\u00e9riaux s\u00fbrs et adapt\u00e9s aux enfants, le si\u00e8ge de sol Bumbo offre aux parents une solution pratique et fiable pour aider leur b\u00e9b\u00e9 \u00e0 se tenir droit en toute s\u00e9curit\u00e9.<\/p>","protected":false},"excerpt":{"rendered":"<ul>\n<li data-start=\"1068\" data-end=\"1108\">\n<p data-start=\"1070\" data-end=\"1108\">Si\u00e8ge b\u00e9b\u00e9 confortable et ergonomique<\/p>\n<\/li>\n<li data-start=\"1109\" data-end=\"1164\">\n<p data-start=\"1111\" data-end=\"1164\">Aide les b\u00e9b\u00e9s \u00e0 s'asseoir avant qu'ils ne puissent le faire eux-m\u00eames<\/p>\n<\/li>\n<li data-start=\"1165\" data-end=\"1210\">\n<p data-start=\"1167\" data-end=\"1210\">L\u00e9ger et facile \u00e0 nettoyer<\/p>\n<\/li>\n<li data-start=\"1211\" data-end=\"1266\">\n<p data-start=\"1213\" data-end=\"1266\">Si\u00e8ge s\u00fbr et profil\u00e9 avec un soutien ferme<\/p>\n<\/li>\n<li data-start=\"1267\" data-end=\"1300\">\n<p data-start=\"1269\" data-end=\"1300\">Id\u00e9al \u00e0 la maison et en d\u00e9placement<\/p>\n<\/li>\n<\/ul>","protected":false},"featured_media":8870,"comment_status":"open","ping_status":"closed","template":"","meta":[],"product_brand":[125],"product_cat":[78],"product_tag":[],"class_list":{"0":"post-8282","1":"product","2":"type-product","3":"status-publish","4":"has-post-thumbnail","6":"product_brand-bumbo","7":"product_cat-stoelen","9":"first","10":"instock","11":"taxable","12":"shipping-taxable","13":"purchasable","14":"product-type-simple"},"_links":{"self":[{"href":"https:\/\/qiddo.be\/fr\/wp-json\/wp\/v2\/product\/8282","targetHints":{"allow":["GET"]}}],"collection":[{"href":"https:\/\/qiddo.be\/fr\/wp-json\/wp\/v2\/product"}],"about":[{"href":"https:\/\/qiddo.be\/fr\/wp-json\/wp\/v2\/types\/product"}],"replies":[{"embeddable":true,"href":"https:\/\/qiddo.be\/fr\/wp-json\/wp\/v2\/comments?post=8282"}],"version-history":[{"count":4,"href":"https:\/\/qiddo.be\/fr\/wp-json\/wp\/v2\/product\/8282\/revisions"}],"predecessor-version":[{"id":8872,"href":"https:\/\/qiddo.be\/fr\/wp-json\/wp\/v2\/product\/8282\/revisions\/8872"}],"wp:featuredmedia":[{"embeddable":true,"href":"https:\/\/qiddo.be\/fr\/wp-json\/wp\/v2\/media\/8870"}],"wp:attachment":[{"href":"https:\/\/qiddo.be\/fr\/wp-json\/wp\/v2\/media?parent=8282"}],"wp:term":[{"taxonomy":"product_brand","embeddable":true,"href":"https:\/\/qiddo.be\/fr\/wp-json\/wp\/v2\/product_brand?post=8282"},{"taxonomy":"product_cat","embeddable":true,"href":"https:\/\/qiddo.be\/fr\/wp-json\/wp\/v2\/product_cat?post=8282"},{"taxonomy":"product_tag","embeddable":true,"href":"https:\/\/qiddo.be\/fr\/wp-json\/wp\/v2\/product_tag?post=8282"}],"curies":[{"name":"wp","href":"https:\/\/api.w.org\/{rel}","templated":true}]}}