{"id":8292,"date":"2025-11-10T09:16:26","date_gmt":"2025-11-10T09:16:26","guid":{"rendered":"https:\/\/qiddo.be\/?post_type=product&#038;p=8292"},"modified":"2025-12-01T14:32:04","modified_gmt":"2025-12-01T14:32:04","slug":"chaise-de-salle-a-manger-pour-enfant-evolu-2","status":"publish","type":"product","link":"https:\/\/qiddo.be\/fr\/affaires-de-bebe\/embaucher\/chaise-de-salle-a-manger-pour-enfant-evolu-2\/","title":{"rendered":"Childhome Chaise de salle \u00e0 manger Evolu 2 Anthracite - Naturel"},"content":{"rendered":"<p><strong>Childhome Chaise de salle \u00e0 manger Evolu 2 Anthracite - Naturel\u00a0<\/strong><\/p>\n<p data-start=\"773\" data-end=\"1165\">La chaise Childhome Evolu 2 - Anthracite\/Naturel allie un design moderne \u00e0 une fonctionnalit\u00e9 intelligente. Cette chaise de salle \u00e0 manger populaire grandit avec votre enfant : vous pouvez l'utiliser \u00e0 la hauteur d'une table standard, mais aussi la convertir facilement \u00e0 la hauteur d'un \u00eelot de cuisine ou d'un bar gr\u00e2ce aux pieds d'extension optionnels. Ainsi, votre enfant b\u00e9n\u00e9ficie toujours d'un si\u00e8ge agr\u00e9able et s\u00fbr, quel que soit l'endroit o\u00f9 vous mangez ou jouez.<\/p>\n<p data-start=\"1167\" data-end=\"1559\">Le si\u00e8ge baquet robuste offre une position confortable et est facile \u00e0 nettoyer, id\u00e9al pour un usage quotidien. Les pieds en bois naturel massif conf\u00e8rent \u00e0 la chaise un style scandinave \u00e9l\u00e9gant qui s'int\u00e8gre parfaitement \u00e0 tous les int\u00e9rieurs. Gr\u00e2ce aux accessoires optionnels, tels que la tablette, le r\u00e9ducteur d'assise ou la ceinture de s\u00e9curit\u00e9, vous pouvez enti\u00e8rement personnaliser l'Evolu 2 en fonction des besoins de votre enfant.<\/p>\n<p data-start=\"1561\" data-end=\"1796\">La Childhome Evolu 2 est connue pour sa durabilit\u00e9, sa stabilit\u00e9 et son design intemporel - un choix parfait pour les familles qui cherchent \u00e0 combiner fonctionnalit\u00e9 et style. Un investissement formidable dont vous profiterez pendant des ann\u00e9es.<\/p>","protected":false},"excerpt":{"rendered":"<ul>\n<li>Chaise haute grandissante 2 en 1<\/li>\n<li>Conception robuste et stable<\/li>\n<li>Facile \u00e0 nettoyer<\/li>\n<li>Si\u00e8ge confortable pour les b\u00e9b\u00e9s et les enfants en bas \u00e2ge<\/li>\n<li>Utilisation \u00e0 hauteur standard et \u00e0 hauteur d'\u00eelot<\/li>\n<\/ul>","protected":false},"featured_media":9239,"comment_status":"open","ping_status":"closed","template":"","meta":[],"product_brand":[104],"product_cat":[78],"product_tag":[],"class_list":{"0":"post-8292","1":"product","2":"type-product","3":"status-publish","4":"has-post-thumbnail","6":"product_brand-childhome","7":"product_cat-stoelen","9":"first","10":"instock","11":"taxable","12":"shipping-taxable","13":"product-type-simple"},"_links":{"self":[{"href":"https:\/\/qiddo.be\/fr\/wp-json\/wp\/v2\/product\/8292","targetHints":{"allow":["GET"]}}],"collection":[{"href":"https:\/\/qiddo.be\/fr\/wp-json\/wp\/v2\/product"}],"about":[{"href":"https:\/\/qiddo.be\/fr\/wp-json\/wp\/v2\/types\/product"}],"replies":[{"embeddable":true,"href":"https:\/\/qiddo.be\/fr\/wp-json\/wp\/v2\/comments?post=8292"}],"version-history":[{"count":4,"href":"https:\/\/qiddo.be\/fr\/wp-json\/wp\/v2\/product\/8292\/revisions"}],"predecessor-version":[{"id":9243,"href":"https:\/\/qiddo.be\/fr\/wp-json\/wp\/v2\/product\/8292\/revisions\/9243"}],"wp:featuredmedia":[{"embeddable":true,"href":"https:\/\/qiddo.be\/fr\/wp-json\/wp\/v2\/media\/9239"}],"wp:attachment":[{"href":"https:\/\/qiddo.be\/fr\/wp-json\/wp\/v2\/media?parent=8292"}],"wp:term":[{"taxonomy":"product_brand","embeddable":true,"href":"https:\/\/qiddo.be\/fr\/wp-json\/wp\/v2\/product_brand?post=8292"},{"taxonomy":"product_cat","embeddable":true,"href":"https:\/\/qiddo.be\/fr\/wp-json\/wp\/v2\/product_cat?post=8292"},{"taxonomy":"product_tag","embeddable":true,"href":"https:\/\/qiddo.be\/fr\/wp-json\/wp\/v2\/product_tag?post=8292"}],"curies":[{"name":"wp","href":"https:\/\/api.w.org\/{rel}","templated":true}]}}