{"id":8294,"date":"2025-11-10T09:16:26","date_gmt":"2025-11-10T09:16:26","guid":{"rendered":"https:\/\/qiddo.be\/?post_type=product&#038;p=8294"},"modified":"2025-11-19T11:04:45","modified_gmt":"2025-11-19T11:04:45","slug":"chaise-de-salle-a-manger-pour-enfant-kaos-klapp","status":"publish","type":"product","link":"https:\/\/qiddo.be\/fr\/affaires-de-bebe\/embaucher\/chaise-de-salle-a-manger-pour-enfant-kaos-klapp\/","title":{"rendered":"Chaise \u00e0 manger Kaos pour enfants Klapp"},"content":{"rendered":"<p><strong>Chaise \u00e0 manger Kaos pour enfants Klapp<\/strong><\/p>\n<p data-start=\"200\" data-end=\"552\">La chaise de salle \u00e0 manger pour enfants KAOS Klapp est une chaise de salle \u00e0 manger bien pens\u00e9e, \u00e9l\u00e9gante et durable qui grandit avec votre enfant. Gr\u00e2ce \u00e0 sa conception intelligente et pliable, la Klapp est \u00e9tonnamment pratique : elle prend peu de place et est facile \u00e0 ranger ou \u00e0 d\u00e9placer. Elle est id\u00e9ale pour les familles modernes qui souhaitent allier fonctionnalit\u00e9 et design.<\/p>\n<p data-start=\"554\" data-end=\"880\">Le si\u00e8ge et le repose-pieds ergonomiques garantissent une position assise naturelle et confortable d\u00e8s l'\u00e2ge de la petite enfance. Le cadre en bois robuste offre une stabilit\u00e9 optimale et est fabriqu\u00e9 \u00e0 partir de mat\u00e9riaux durables de haute qualit\u00e9. La chaise est l\u00e9g\u00e8re, mais suffisamment solide pour une utilisation quotidienne \u00e0 la table \u00e0 manger ou \u00e0 la table de jeu.<\/p>\n<p data-start=\"882\" data-end=\"1014\">Avec le KAOS Klapp, vous apportez \u00e0 la maison un classique scandinave minimaliste qui durera des ann\u00e9es et s'int\u00e9grera dans n'importe quel int\u00e9rieur.<\/p>","protected":false},"excerpt":{"rendered":"<ul>\n<li data-start=\"1062\" data-end=\"1102\">\n<p data-start=\"1064\" data-end=\"1102\">Chaise \u00e0 manger pliante pour enfants<\/p>\n<\/li>\n<li data-start=\"1103\" data-end=\"1140\">\n<p data-start=\"1105\" data-end=\"1140\">Conception ergonomique avec repose-pieds<\/p>\n<\/li>\n<li data-start=\"1141\" data-end=\"1177\">\n<p data-start=\"1143\" data-end=\"1177\">L\u00e9ger, robuste et peu encombrant<\/p>\n<\/li>\n<li data-start=\"1178\" data-end=\"1223\">\n<p data-start=\"1180\" data-end=\"1223\">Fabriqu\u00e9 \u00e0 partir de mat\u00e9riaux durables et de qualit\u00e9<\/p>\n<\/li>\n<li data-start=\"1224\" data-end=\"1264\">\n<p data-start=\"1226\" data-end=\"1264\">S'int\u00e8gre parfaitement \u00e0 tout int\u00e9rieur moderne<\/p>\n<\/li>\n<\/ul>","protected":false},"featured_media":8885,"comment_status":"open","ping_status":"closed","template":"","meta":[],"product_brand":[126],"product_cat":[78],"product_tag":[],"class_list":{"0":"post-8294","1":"product","2":"type-product","3":"status-publish","4":"has-post-thumbnail","6":"product_brand-kaos","7":"product_cat-stoelen","9":"first","10":"instock","11":"taxable","12":"shipping-taxable","13":"purchasable","14":"product-type-simple"},"_links":{"self":[{"href":"https:\/\/qiddo.be\/fr\/wp-json\/wp\/v2\/product\/8294","targetHints":{"allow":["GET"]}}],"collection":[{"href":"https:\/\/qiddo.be\/fr\/wp-json\/wp\/v2\/product"}],"about":[{"href":"https:\/\/qiddo.be\/fr\/wp-json\/wp\/v2\/types\/product"}],"replies":[{"embeddable":true,"href":"https:\/\/qiddo.be\/fr\/wp-json\/wp\/v2\/comments?post=8294"}],"version-history":[{"count":3,"href":"https:\/\/qiddo.be\/fr\/wp-json\/wp\/v2\/product\/8294\/revisions"}],"predecessor-version":[{"id":8891,"href":"https:\/\/qiddo.be\/fr\/wp-json\/wp\/v2\/product\/8294\/revisions\/8891"}],"wp:featuredmedia":[{"embeddable":true,"href":"https:\/\/qiddo.be\/fr\/wp-json\/wp\/v2\/media\/8885"}],"wp:attachment":[{"href":"https:\/\/qiddo.be\/fr\/wp-json\/wp\/v2\/media?parent=8294"}],"wp:term":[{"taxonomy":"product_brand","embeddable":true,"href":"https:\/\/qiddo.be\/fr\/wp-json\/wp\/v2\/product_brand?post=8294"},{"taxonomy":"product_cat","embeddable":true,"href":"https:\/\/qiddo.be\/fr\/wp-json\/wp\/v2\/product_cat?post=8294"},{"taxonomy":"product_tag","embeddable":true,"href":"https:\/\/qiddo.be\/fr\/wp-json\/wp\/v2\/product_tag?post=8294"}],"curies":[{"name":"wp","href":"https:\/\/api.w.org\/{rel}","templated":true}]}}