{"id":8296,"date":"2025-11-10T09:16:26","date_gmt":"2025-11-10T09:16:26","guid":{"rendered":"https:\/\/qiddo.be\/?post_type=product&#038;p=8296"},"modified":"2025-11-19T11:07:45","modified_gmt":"2025-11-19T11:07:45","slug":"uppababy-mamaroo-rocking-chair-with-insert-cushion","status":"publish","type":"product","link":"https:\/\/qiddo.be\/fr\/affaires-de-bebe\/embaucher\/uppababy-mamaroo-rocking-chair-with-insert-cushion\/","title":{"rendered":"Fauteuil \u00e0 bascule UPPABaby MamaRoo avec coussin d'appoint"},"content":{"rendered":"<p><strong>Fauteuil \u00e0 bascule UPPABaby MamaRoo avec coussin d'appoint<\/strong><\/p>\n<p data-start=\"215\" data-end=\"536\">Le fauteuil \u00e0 bascule UPPAbaby MamaRoo avec coussin int\u00e9gr\u00e9 offre \u00e0 votre b\u00e9b\u00e9 un confort ultime gr\u00e2ce \u00e0 des mouvements innovants qui imitent les mouvements naturels des parents. Du bercement doux au bercement rythm\u00e9, le MamaRoo aide votre enfant \u00e0 se d\u00e9tendre, \u00e0 jouer ou \u00e0 s'endormir, comme vous le feriez.<\/p>\n<p data-start=\"538\" data-end=\"883\">Gr\u00e2ce aux multiples r\u00e9glages de la vitesse et du mouvement, le rocking-chair s'adapte parfaitement aux pr\u00e9f\u00e9rences de votre b\u00e9b\u00e9. Le coussin d'appoint de luxe offre un soutien suppl\u00e9mentaire et un si\u00e8ge confortable et s\u00fbr d\u00e8s les premi\u00e8res semaines. Le fauteuil est facile \u00e0 utiliser, silencieux et con\u00e7u avec des mat\u00e9riaux de haute qualit\u00e9 qui s'int\u00e8grent parfaitement dans les int\u00e9rieurs modernes.<\/p>\n<p data-start=\"885\" data-end=\"1075\">L\u00e9g\u00e8re, compacte et facile \u00e0 nettoyer, la balancelle UPPAbaby MamaRoo est le choix id\u00e9al pour les parents qui souhaitent combiner confort, technologie et facilit\u00e9 d'utilisation dans une balancelle haut de gamme.<\/p>","protected":false},"excerpt":{"rendered":"<ul>\n<li data-start=\"1123\" data-end=\"1166\">\n<p data-start=\"1125\" data-end=\"1166\">Mouvements naturels de basculement et de balancement<\/p>\n<\/li>\n<li data-start=\"1167\" data-end=\"1210\">\n<p data-start=\"1169\" data-end=\"1210\">Plusieurs modes de vitesse et de mouvement<\/p>\n<\/li>\n<li data-start=\"1211\" data-end=\"1257\">\n<p data-start=\"1213\" data-end=\"1257\">Insert de soutien souple inclus<\/p>\n<\/li>\n<li data-start=\"1258\" data-end=\"1301\">\n<p data-start=\"1260\" data-end=\"1301\">Fonctionnement silencieux et facile \u00e0 utiliser<\/p>\n<\/li>\n<li data-start=\"1302\" data-end=\"1345\">\n<p data-start=\"1304\" data-end=\"1345\">Design moderne, confortable et pratique<\/p>\n<\/li>\n<\/ul>","protected":false},"featured_media":8893,"comment_status":"open","ping_status":"closed","template":"","meta":[],"product_brand":[127],"product_cat":[78],"product_tag":[],"class_list":{"0":"post-8296","1":"product","2":"type-product","3":"status-publish","4":"has-post-thumbnail","6":"product_brand-mamaroo","7":"product_cat-stoelen","9":"first","10":"instock","11":"taxable","12":"shipping-taxable","13":"purchasable","14":"product-type-simple"},"_links":{"self":[{"href":"https:\/\/qiddo.be\/fr\/wp-json\/wp\/v2\/product\/8296","targetHints":{"allow":["GET"]}}],"collection":[{"href":"https:\/\/qiddo.be\/fr\/wp-json\/wp\/v2\/product"}],"about":[{"href":"https:\/\/qiddo.be\/fr\/wp-json\/wp\/v2\/types\/product"}],"replies":[{"embeddable":true,"href":"https:\/\/qiddo.be\/fr\/wp-json\/wp\/v2\/comments?post=8296"}],"version-history":[{"count":3,"href":"https:\/\/qiddo.be\/fr\/wp-json\/wp\/v2\/product\/8296\/revisions"}],"predecessor-version":[{"id":8900,"href":"https:\/\/qiddo.be\/fr\/wp-json\/wp\/v2\/product\/8296\/revisions\/8900"}],"wp:featuredmedia":[{"embeddable":true,"href":"https:\/\/qiddo.be\/fr\/wp-json\/wp\/v2\/media\/8893"}],"wp:attachment":[{"href":"https:\/\/qiddo.be\/fr\/wp-json\/wp\/v2\/media?parent=8296"}],"wp:term":[{"taxonomy":"product_brand","embeddable":true,"href":"https:\/\/qiddo.be\/fr\/wp-json\/wp\/v2\/product_brand?post=8296"},{"taxonomy":"product_cat","embeddable":true,"href":"https:\/\/qiddo.be\/fr\/wp-json\/wp\/v2\/product_cat?post=8296"},{"taxonomy":"product_tag","embeddable":true,"href":"https:\/\/qiddo.be\/fr\/wp-json\/wp\/v2\/product_tag?post=8296"}],"curies":[{"name":"wp","href":"https:\/\/api.w.org\/{rel}","templated":true}]}}