{"id":8298,"date":"2025-11-10T09:16:26","date_gmt":"2025-11-10T09:16:26","guid":{"rendered":"https:\/\/qiddo.be\/?post_type=product&#038;p=8298"},"modified":"2025-11-19T11:12:15","modified_gmt":"2025-11-19T11:12:15","slug":"bumbo-booster-seat-multi-seat","status":"publish","type":"product","link":"https:\/\/qiddo.be\/fr\/affaires-de-bebe\/embaucher\/bumbo-booster-seat-multi-seat\/","title":{"rendered":"Si\u00e8ge rehausseur Bumbo Multi-Seat Gris ardoise"},"content":{"rendered":"<p><strong>Si\u00e8ge rehausseur Bumbo Multi-Seat Gris ardoise<\/strong><\/p>\n<p data-start=\"200\" data-end=\"575\">Le si\u00e8ge Bumbo Multi-Seat est un si\u00e8ge d'appoint polyvalent 3 en 1 qui grandit avec votre enfant, du b\u00e9b\u00e9 au jeune enfant. Utilisez-le d'abord comme si\u00e8ge de soutien au sol, puis comme si\u00e8ge d'appoint sur une chaise et enfin comme si\u00e8ge d'appoint pour la table. Gr\u00e2ce au coussin d'assise amovible, le Multi-Seat s'adapte sans effort aux diff\u00e9rents \u00e2ges et morphologies.<\/p>\n<p data-start=\"577\" data-end=\"906\">La conception robuste, la base large et les sangles de s\u00e9curit\u00e9 r\u00e9glables garantissent une stabilit\u00e9 et une s\u00e9curit\u00e9 optimales. Le plateau peut \u00eatre facilement fix\u00e9 et rang\u00e9 \u00e0 l'arri\u00e8re du si\u00e8ge, pour que tout soit toujours \u00e0 port\u00e9e de main. Les mat\u00e9riaux lisses sont faciles \u00e0 nettoyer et conviennent parfaitement \u00e0 un usage quotidien.<\/p>\n<p data-start=\"908\" data-end=\"1050\">Qu'il s'agisse de jouer, de manger ou d'explorer : avec le multi-si\u00e8ge Bumbo, vous cr\u00e9ez toujours un si\u00e8ge confortable et s\u00fbr pour votre enfant.<\/p>","protected":false},"excerpt":{"rendered":"<ul>\n<li data-start=\"1098\" data-end=\"1151\">\n<p data-start=\"1100\" data-end=\"1151\">Si\u00e8ge 3 en 1 : si\u00e8ge au sol, si\u00e8ge d'appoint et coussin d'appoint<\/p>\n<\/li>\n<li data-start=\"1152\" data-end=\"1190\">\n<p data-start=\"1154\" data-end=\"1190\">Coussin amovible qui grandit avec vous<\/p>\n<\/li>\n<li data-start=\"1191\" data-end=\"1225\">\n<p data-start=\"1193\" data-end=\"1225\">Robuste, s\u00fbr et tr\u00e8s stable<\/p>\n<\/li>\n<li data-start=\"1226\" data-end=\"1279\">\n<p data-start=\"1228\" data-end=\"1279\">Comprend un plateau amovible (\u00e0 ranger \u00e0 l'arri\u00e8re)<\/p>\n<\/li>\n<li data-start=\"1280\" data-end=\"1342\">\n<p data-start=\"1282\" data-end=\"1342\">Facile \u00e0 nettoyer et id\u00e9al pour une utilisation quotidienne<\/p>\n<\/li>\n<\/ul>","protected":false},"featured_media":8901,"comment_status":"open","ping_status":"closed","template":"","meta":[],"product_brand":[125],"product_cat":[78],"product_tag":[],"class_list":{"0":"post-8298","1":"product","2":"type-product","3":"status-publish","4":"has-post-thumbnail","6":"product_brand-bumbo","7":"product_cat-stoelen","9":"first","10":"instock","11":"taxable","12":"shipping-taxable","13":"purchasable","14":"product-type-simple"},"_links":{"self":[{"href":"https:\/\/qiddo.be\/fr\/wp-json\/wp\/v2\/product\/8298","targetHints":{"allow":["GET"]}}],"collection":[{"href":"https:\/\/qiddo.be\/fr\/wp-json\/wp\/v2\/product"}],"about":[{"href":"https:\/\/qiddo.be\/fr\/wp-json\/wp\/v2\/types\/product"}],"replies":[{"embeddable":true,"href":"https:\/\/qiddo.be\/fr\/wp-json\/wp\/v2\/comments?post=8298"}],"version-history":[{"count":3,"href":"https:\/\/qiddo.be\/fr\/wp-json\/wp\/v2\/product\/8298\/revisions"}],"predecessor-version":[{"id":8903,"href":"https:\/\/qiddo.be\/fr\/wp-json\/wp\/v2\/product\/8298\/revisions\/8903"}],"wp:featuredmedia":[{"embeddable":true,"href":"https:\/\/qiddo.be\/fr\/wp-json\/wp\/v2\/media\/8901"}],"wp:attachment":[{"href":"https:\/\/qiddo.be\/fr\/wp-json\/wp\/v2\/media?parent=8298"}],"wp:term":[{"taxonomy":"product_brand","embeddable":true,"href":"https:\/\/qiddo.be\/fr\/wp-json\/wp\/v2\/product_brand?post=8298"},{"taxonomy":"product_cat","embeddable":true,"href":"https:\/\/qiddo.be\/fr\/wp-json\/wp\/v2\/product_cat?post=8298"},{"taxonomy":"product_tag","embeddable":true,"href":"https:\/\/qiddo.be\/fr\/wp-json\/wp\/v2\/product_tag?post=8298"}],"curies":[{"name":"wp","href":"https:\/\/api.w.org\/{rel}","templated":true}]}}