{"id":8300,"date":"2025-11-10T09:16:26","date_gmt":"2025-11-10T09:16:26","guid":{"rendered":"https:\/\/qiddo.be\/?post_type=product&#038;p=8300"},"modified":"2025-11-19T11:15:51","modified_gmt":"2025-11-19T11:15:51","slug":"fauteuil-a-bascule-quax-adulte-luxe","status":"publish","type":"product","link":"https:\/\/qiddo.be\/fr\/affaires-de-bebe\/embaucher\/fauteuil-a-bascule-quax-adulte-luxe\/","title":{"rendered":"Fauteuil \u00e0 bascule Quax Adulte Luxe Sand-Grey"},"content":{"rendered":"<p><strong>Fauteuil \u00e0 bascule Quax Adulte Luxe Sand-Grey<\/strong><\/p>\n<p data-start=\"199\" data-end=\"573\">Le fauteuil \u00e0 bascule Quax Adult Luxe offre une relaxation ultime dans un design moderne et \u00e9l\u00e9gant. Ce fauteuil \u00e0 bascule de luxe est id\u00e9al pour les parents et les b\u00e9b\u00e9s : il est parfait pour nourrir, c\u00e2liner ou se d\u00e9tendre pendant les journ\u00e9es charg\u00e9es. Gr\u00e2ce \u00e0 sa conception ergonomique et \u00e0 son rembourrage confortable et doux, vous b\u00e9n\u00e9ficierez toujours d'une position assise d\u00e9tendue et d'un soutien optimal.<\/p>\n<p data-start=\"575\" data-end=\"865\">La base robuste assure un mouvement de bascule doux et apaisant, tandis que les mat\u00e9riaux de haute qualit\u00e9 garantissent la durabilit\u00e9 et un aspect haut de gamme. Le Quax Adult Luxe s'int\u00e8gre facilement dans une chambre d'enfant, un salon ou un coin lecture et constitue un ajout \u00e9l\u00e9gant \u00e0 votre int\u00e9rieur.<\/p>\n<p data-start=\"867\" data-end=\"1020\">Ce fauteuil \u00e0 bascule cr\u00e9e un lieu chaleureux et paisible pour les moments pr\u00e9cieux pass\u00e9s ensemble. Il est \u00e9l\u00e9gant, confortable et con\u00e7u pour \u00eatre appr\u00e9ci\u00e9 pendant des ann\u00e9es.<\/p>","protected":false},"excerpt":{"rendered":"<ul>\n<li data-start=\"1068\" data-end=\"1104\">\n<p data-start=\"1070\" data-end=\"1104\">Fauteuil \u00e0 bascule luxueux et ergonomique<\/p>\n<\/li>\n<li data-start=\"1105\" data-end=\"1138\">\n<p data-start=\"1107\" data-end=\"1138\">Rev\u00eatement souple et confortable<\/p>\n<\/li>\n<li data-start=\"1139\" data-end=\"1180\">\n<p data-start=\"1141\" data-end=\"1180\">Mouvement de bascule doux et apaisant<\/p>\n<\/li>\n<li data-start=\"1181\" data-end=\"1213\">\n<p data-start=\"1183\" data-end=\"1213\">Base solide et durable<\/p>\n<\/li>\n<li data-start=\"1214\" data-end=\"1257\">\n<p data-start=\"1216\" data-end=\"1257\">Design \u00e9l\u00e9gant pour le b\u00e9b\u00e9 ou le salon<\/p>\n<\/li>\n<\/ul>","protected":false},"featured_media":8909,"comment_status":"open","ping_status":"closed","template":"","meta":[],"product_brand":[],"product_cat":[78],"product_tag":[],"class_list":{"0":"post-8300","1":"product","2":"type-product","3":"status-publish","4":"has-post-thumbnail","6":"product_cat-stoelen","8":"first","9":"instock","10":"taxable","11":"shipping-taxable","12":"purchasable","13":"product-type-simple"},"_links":{"self":[{"href":"https:\/\/qiddo.be\/fr\/wp-json\/wp\/v2\/product\/8300","targetHints":{"allow":["GET"]}}],"collection":[{"href":"https:\/\/qiddo.be\/fr\/wp-json\/wp\/v2\/product"}],"about":[{"href":"https:\/\/qiddo.be\/fr\/wp-json\/wp\/v2\/types\/product"}],"replies":[{"embeddable":true,"href":"https:\/\/qiddo.be\/fr\/wp-json\/wp\/v2\/comments?post=8300"}],"version-history":[{"count":3,"href":"https:\/\/qiddo.be\/fr\/wp-json\/wp\/v2\/product\/8300\/revisions"}],"predecessor-version":[{"id":8911,"href":"https:\/\/qiddo.be\/fr\/wp-json\/wp\/v2\/product\/8300\/revisions\/8911"}],"wp:featuredmedia":[{"embeddable":true,"href":"https:\/\/qiddo.be\/fr\/wp-json\/wp\/v2\/media\/8909"}],"wp:attachment":[{"href":"https:\/\/qiddo.be\/fr\/wp-json\/wp\/v2\/media?parent=8300"}],"wp:term":[{"taxonomy":"product_brand","embeddable":true,"href":"https:\/\/qiddo.be\/fr\/wp-json\/wp\/v2\/product_brand?post=8300"},{"taxonomy":"product_cat","embeddable":true,"href":"https:\/\/qiddo.be\/fr\/wp-json\/wp\/v2\/product_cat?post=8300"},{"taxonomy":"product_tag","embeddable":true,"href":"https:\/\/qiddo.be\/fr\/wp-json\/wp\/v2\/product_tag?post=8300"}],"curies":[{"name":"wp","href":"https:\/\/api.w.org\/{rel}","templated":true}]}}