{"id":8302,"date":"2025-11-10T09:16:26","date_gmt":"2025-11-10T09:16:26","guid":{"rendered":"https:\/\/qiddo.be\/?post_type=product&#038;p=8302"},"modified":"2025-11-19T11:20:02","modified_gmt":"2025-11-19T11:20:02","slug":"banwood-eco-scooter","status":"publish","type":"product","link":"https:\/\/qiddo.be\/fr\/affaires-de-bebe\/embaucher\/banwood-eco-scooter\/","title":{"rendered":"Banwood Eco Scooter"},"content":{"rendered":"<p><strong>Banwood Eco Scooter Clay<\/strong><\/p>\n<p>Laissez votre enfant d\u00e9couvrir le monde d'une mani\u00e8re \u00e0 la fois amusante et durable avec le Banwood Eco Scooter. Ce magnifique scooter pour enfants est soigneusement con\u00e7u pour les jeunes explorateurs \u00e0 partir de 3 ans. Gr\u00e2ce \u00e0 la conception stable \u00e0 trois roues avec deux roues avant, les enfants apprennent \u00e0 garder l'\u00e9quilibre d'une mani\u00e8re s\u00fbre et naturelle. Le large marchepied antid\u00e9rapant donne de l'assurance, tandis que les mouvements de direction souples garantissent que m\u00eame les plus petits aventuriers prendront plaisir \u00e0 parcourir les m\u00e8tres - de l'all\u00e9e au parc.<\/p>\n<p>Ce qui rend ce scooter vraiment unique, c'est sa nature durable. Banwood utilise des mat\u00e9riaux plastiques recycl\u00e9s et r\u00e9utilis\u00e9s dans cette ligne Eco, qui retrouvent une nouvelle vie dans un produit magnifiquement fini. Le poids l\u00e9ger d'environ 2,5 kg rend la trottinette facilement maniable pour les enfants et facile \u00e0 transporter pour les parents. De plus, la trottinette grandit avec vous gr\u00e2ce \u00e0 son guidon r\u00e9glable en hauteur (70 \/ 75 \/ 80 cm), ce qui en fait un compagnon fid\u00e8le pour les ann\u00e9es \u00e0 venir.<\/p>","protected":false},"excerpt":{"rendered":"<ul>\n<li>100% fabriqu\u00e9 \u00e0 partir de plastique recycl\u00e9 : bouteilles, sacs et filets de p\u00eache ont trouv\u00e9 une nouvelle utilit\u00e9.<\/li>\n<li>Guidon r\u00e9glable en hauteur (70 \/ 75 \/ 80 cm) pour que votre enfant puisse profiter de sa trottinette encore plus longtemps.<\/li>\n<li>Convient aux enfants \u00e0 partir de 3 ans environ et peut \u00eatre charg\u00e9 jusqu'\u00e0 50 kg - id\u00e9al pour des ann\u00e9es d'utilisation.<\/li>\n<li>Conception tricycle avec deux roues avant pour plus de stabilit\u00e9 : id\u00e9al pour les novices.<\/li>\n<li>Ch\u00e2ssis l\u00e9ger de seulement \u00b1 2,5 kg - facile \u00e0 soulever et \u00e0 transporter.<\/li>\n<\/ul>","protected":false},"featured_media":8642,"comment_status":"open","ping_status":"closed","template":"","meta":[],"product_brand":[108],"product_cat":[80],"product_tag":[],"class_list":{"0":"post-8302","1":"product","2":"type-product","3":"status-publish","4":"has-post-thumbnail","6":"product_brand-banwood","7":"product_cat-fietsen","9":"first","10":"instock","11":"taxable","12":"shipping-taxable","13":"purchasable","14":"product-type-simple"},"_links":{"self":[{"href":"https:\/\/qiddo.be\/fr\/wp-json\/wp\/v2\/product\/8302","targetHints":{"allow":["GET"]}}],"collection":[{"href":"https:\/\/qiddo.be\/fr\/wp-json\/wp\/v2\/product"}],"about":[{"href":"https:\/\/qiddo.be\/fr\/wp-json\/wp\/v2\/types\/product"}],"replies":[{"embeddable":true,"href":"https:\/\/qiddo.be\/fr\/wp-json\/wp\/v2\/comments?post=8302"}],"version-history":[{"count":3,"href":"https:\/\/qiddo.be\/fr\/wp-json\/wp\/v2\/product\/8302\/revisions"}],"predecessor-version":[{"id":8651,"href":"https:\/\/qiddo.be\/fr\/wp-json\/wp\/v2\/product\/8302\/revisions\/8651"}],"wp:featuredmedia":[{"embeddable":true,"href":"https:\/\/qiddo.be\/fr\/wp-json\/wp\/v2\/media\/8642"}],"wp:attachment":[{"href":"https:\/\/qiddo.be\/fr\/wp-json\/wp\/v2\/media?parent=8302"}],"wp:term":[{"taxonomy":"product_brand","embeddable":true,"href":"https:\/\/qiddo.be\/fr\/wp-json\/wp\/v2\/product_brand?post=8302"},{"taxonomy":"product_cat","embeddable":true,"href":"https:\/\/qiddo.be\/fr\/wp-json\/wp\/v2\/product_cat?post=8302"},{"taxonomy":"product_tag","embeddable":true,"href":"https:\/\/qiddo.be\/fr\/wp-json\/wp\/v2\/product_tag?post=8302"}],"curies":[{"name":"wp","href":"https:\/\/api.w.org\/{rel}","templated":true}]}}