{"id":8304,"date":"2025-11-10T09:16:27","date_gmt":"2025-11-10T09:16:27","guid":{"rendered":"https:\/\/qiddo.be\/?post_type=product&#038;p=8304"},"modified":"2025-11-19T11:23:52","modified_gmt":"2025-11-19T11:23:52","slug":"casque-eco-banwood","status":"publish","type":"product","link":"https:\/\/qiddo.be\/fr\/affaires-de-bebe\/embaucher\/casque-eco-banwood\/","title":{"rendered":"Casque Banwood Eco"},"content":{"rendered":"<p><strong>Casque Banwood Eco Clay<\/strong><\/p>\n<p>Offrez \u00e0 votre enfant une s\u00e9curit\u00e9 suppl\u00e9mentaire lors de ses d\u00e9placements, avec un casque aussi beau que protecteur. Le casque Banwood Kids Eco Helmet est disponible dans une couleur douce et tendance. <em data-start=\"332\" data-end=\"338\">Argile<\/em> Combine s\u00e9curit\u00e9, confort et style. Id\u00e9al pour les jeunes aventuriers \u00e0 v\u00e9lo ou en scooter.<\/p>\n<p data-start=\"322\" data-end=\"741\">Le casque Banwood Kids Eco est la combinaison parfaite de s\u00e9curit\u00e9, de confort et de style - sp\u00e9cialement con\u00e7u pour les petits aventuriers qui explorent le monde sur leur v\u00e9lo, leur trottinette ou leur v\u00e9lo d'\u00e9quilibre. Banwood est connu pour son design haut de gamme et sa grande qualit\u00e9. Avec cette ligne Eco, la marque fait un nouveau pas vers le d\u00e9veloppement durable sans faire de compromis sur l'esth\u00e9tique ou la fonctionnalit\u00e9.<\/p>\n<p data-start=\"743\" data-end=\"1183\">Le casque est fabriqu\u00e9 \u00e0 partir de mat\u00e9riaux ABS recycl\u00e9s, qui forment une couche ext\u00e9rieure solide et r\u00e9sistante aux coups et aux impacts quotidiens. Cela fait de l'Eco Helmet non seulement un choix s\u00fbr, mais aussi un choix conscient pour les parents d\u00e9sireux de contribuer \u00e0 un avenir plus vert. L'int\u00e9rieur est constitu\u00e9 d'une couche de mousse douce qui absorbe les chocs, ce qui rend le port confortable et aide \u00e0 att\u00e9nuer l'impact en cas de chute.<\/p>\n<p data-start=\"1185\" data-end=\"1679\">Banwood sait qu'il n'y a pas deux t\u00eates d'enfants identiques. C'est pourquoi le casque est \u00e9quip\u00e9 d'un syst\u00e8me de pivot r\u00e9glable \u00e0 l'arri\u00e8re, qui vous permet d'ajuster parfaitement le casque \u00e0 la t\u00eate de votre enfant (50-54 cm) en un seul geste. La mentonni\u00e8re souple avec fermeture s\u00e9curis\u00e9e \u00e9vite les irritations et maintient le casque fermement en place, tandis que les grandes a\u00e9rations sur le dessus assurent une bonne circulation de l'air - id\u00e9al pour les enfants actifs qui aiment jouer, faire la course et explorer.<\/p>\n<p>&nbsp;<\/p>\n<p>&nbsp;<\/p>","protected":false},"excerpt":{"rendered":"<ul>\n<li>Un casque qui n'est pas seulement fonctionnel, mais aussi joli \u00e0 regarder - votre enfant adorera le porter.<\/li>\n<li>L'\u00e9quilibre parfait entre protection, confort et design - sans compromis.<\/li>\n<li>Un investissement intelligent pour les parents qui accordent de l'importance au style, \u00e0 la s\u00e9curit\u00e9 et \u00e0 l'environnement.<\/li>\n<li>Compatible avec les c\u00e9l\u00e8bres accessoires de la marque Banwood - id\u00e9al pour combiner avec les scooters, les d\u00e9ambulateurs ou les v\u00e9los pour enfants.<\/li>\n<li>Garantissez la tranquillit\u00e9 d'esprit et la confiance : votre enfant en mouvement, bien prot\u00e9g\u00e9 et avec style.<\/li>\n<\/ul>","protected":false},"featured_media":8652,"comment_status":"open","ping_status":"closed","template":"","meta":[],"product_brand":[108],"product_cat":[80],"product_tag":[],"class_list":{"0":"post-8304","1":"product","2":"type-product","3":"status-publish","4":"has-post-thumbnail","6":"product_brand-banwood","7":"product_cat-fietsen","9":"first","10":"instock","11":"taxable","12":"shipping-taxable","13":"purchasable","14":"product-type-simple"},"_links":{"self":[{"href":"https:\/\/qiddo.be\/fr\/wp-json\/wp\/v2\/product\/8304","targetHints":{"allow":["GET"]}}],"collection":[{"href":"https:\/\/qiddo.be\/fr\/wp-json\/wp\/v2\/product"}],"about":[{"href":"https:\/\/qiddo.be\/fr\/wp-json\/wp\/v2\/types\/product"}],"replies":[{"embeddable":true,"href":"https:\/\/qiddo.be\/fr\/wp-json\/wp\/v2\/comments?post=8304"}],"version-history":[{"count":4,"href":"https:\/\/qiddo.be\/fr\/wp-json\/wp\/v2\/product\/8304\/revisions"}],"predecessor-version":[{"id":8658,"href":"https:\/\/qiddo.be\/fr\/wp-json\/wp\/v2\/product\/8304\/revisions\/8658"}],"wp:featuredmedia":[{"embeddable":true,"href":"https:\/\/qiddo.be\/fr\/wp-json\/wp\/v2\/media\/8652"}],"wp:attachment":[{"href":"https:\/\/qiddo.be\/fr\/wp-json\/wp\/v2\/media?parent=8304"}],"wp:term":[{"taxonomy":"product_brand","embeddable":true,"href":"https:\/\/qiddo.be\/fr\/wp-json\/wp\/v2\/product_brand?post=8304"},{"taxonomy":"product_cat","embeddable":true,"href":"https:\/\/qiddo.be\/fr\/wp-json\/wp\/v2\/product_cat?post=8304"},{"taxonomy":"product_tag","embeddable":true,"href":"https:\/\/qiddo.be\/fr\/wp-json\/wp\/v2\/product_tag?post=8304"}],"curies":[{"name":"wp","href":"https:\/\/api.w.org\/{rel}","templated":true}]}}