{"id":8306,"date":"2025-11-10T09:16:27","date_gmt":"2025-11-10T09:16:27","guid":{"rendered":"https:\/\/qiddo.be\/?post_type=product&#038;p=8306"},"modified":"2025-11-19T11:26:06","modified_gmt":"2025-11-19T11:26:06","slug":"velo-dappartement","status":"publish","type":"product","link":"https:\/\/qiddo.be\/fr\/affaires-de-bebe\/embaucher\/velo-dappartement\/","title":{"rendered":"Trybike V\u00e9lo d'\u00e9quilibre en acier"},"content":{"rendered":"<p><strong>Trybike V\u00e9lo d'\u00e9quilibre en acier<\/strong><\/p>\n<p>D\u00e9couvrez un v\u00e9lo d'\u00e9quilibre aussi robuste qu'iconique : le v\u00e9lo d'\u00e9quilibre Trybike Steel Balance Bike dans une couleur brillante. <em data-start=\"194\" data-end=\"209\">Cr\u00e8me Vintage<\/em> est con\u00e7u pour les jeunes enfants pr\u00eats \u00e0 faire leur premi\u00e8re grande balade. Ce deux-roues aux finitions soign\u00e9es allie acier robuste et d\u00e9tails raffin\u00e9s - id\u00e9al pour les jeunes aventuriers \u00e0 partir de 2 ans environ.<\/p>\n<p data-start=\"693\" data-end=\"1144\">D\u00e8s le premier instant, le Trybike Steel Vintage Cream respire la qualit\u00e9 et le caract\u00e8re. Le cadre en acier robuste assure une stabilit\u00e9 in\u00e9gal\u00e9e, tandis que les pneus garantissent une conduite en douceur, que ce soit sur le trottoir, dans le parc ou sur des chemins l\u00e9g\u00e8rement non pav\u00e9s. Les enfants apprennent l'\u00e9quilibre et le mouvement de mani\u00e8re naturelle, ce qui rend la transition vers un vrai v\u00e9lo plus tard presque automatique.<\/p>\n<p data-start=\"1146\" data-end=\"1538\">Ce v\u00e9lo d'\u00e9quilibre n'est pas seulement fonctionnel, il est aussi agr\u00e9able \u00e0 regarder. La couleur Vintage Cream d\u00e9gage une atmosph\u00e8re r\u00e9tro intemporelle, parfaitement compl\u00e9t\u00e9e par des d\u00e9tails en cuir marron, une forme de selle \u00e9l\u00e9gante et des finitions minimalistes. Le r\u00e9sultat est un v\u00e9lo qui ne fait pas seulement r\u00eaver les enfants, mais qui pla\u00eet aussi aux parents qui aiment la qualit\u00e9, l'esth\u00e9tique et la durabilit\u00e9.<\/p>\n<p data-start=\"1540\" data-end=\"1949\">Le Trybike Steel grandit sans effort avec votre enfant. La hauteur de la selle r\u00e9glable (environ 30-45 cm) et la construction intelligente du cadre permettent \u00e0 votre enfant d'en profiter pendant des ann\u00e9es. Gr\u00e2ce \u00e0 sa forme ergonomique l\u00e9g\u00e8rement incurv\u00e9e, les enfants apprennent \u00e0 rouler confortablement et en toute s\u00e9curit\u00e9 en adoptant la bonne position corporelle. Le Trybike favorise ainsi non seulement le d\u00e9veloppement de la motricit\u00e9, mais aussi la confiance en soi - \u00e0 chaque nouvelle sortie.<\/p>","protected":false},"excerpt":{"rendered":"<ul>\n<li>Mat\u00e9riaux de haute qualit\u00e9 : cadre en acier robuste et pneus de 12 pouces - tout pour la durabilit\u00e9 et le confort.<\/li>\n<li>La selle est r\u00e9glable entre 30 et 45 cm, ce qui permet \u00e0 votre enfant de profiter de ce v\u00e9lo plus longtemps.<\/li>\n<li>Favorise le d\u00e9veloppement moteur : le v\u00e9lo est con\u00e7u pour que les enfants \u00e0 partir de 2 ans apprennent \u00e0 se tenir en \u00e9quilibre et \u00e0 rouler en toute s\u00e9curit\u00e9 - une passerelle parfaite vers le vrai v\u00e9lo.<\/li>\n<li>Un look vintage \u00e9l\u00e9gant : la couleur Vintage Cream avec des poign\u00e9es marron et des accents en cuir donne \u00e0 ce v\u00e9lo d'\u00e9quilibre un look intemporel qui pla\u00eet aussi bien aux enfants qu'aux parents.<\/li>\n<\/ul>","protected":false},"featured_media":8660,"comment_status":"open","ping_status":"closed","template":"","meta":[],"product_brand":[109],"product_cat":[80],"product_tag":[],"class_list":{"0":"post-8306","1":"product","2":"type-product","3":"status-publish","4":"has-post-thumbnail","6":"product_brand-trybike","7":"product_cat-fietsen","9":"first","10":"instock","11":"taxable","12":"shipping-taxable","13":"purchasable","14":"product-type-simple"},"_links":{"self":[{"href":"https:\/\/qiddo.be\/fr\/wp-json\/wp\/v2\/product\/8306","targetHints":{"allow":["GET"]}}],"collection":[{"href":"https:\/\/qiddo.be\/fr\/wp-json\/wp\/v2\/product"}],"about":[{"href":"https:\/\/qiddo.be\/fr\/wp-json\/wp\/v2\/types\/product"}],"replies":[{"embeddable":true,"href":"https:\/\/qiddo.be\/fr\/wp-json\/wp\/v2\/comments?post=8306"}],"version-history":[{"count":3,"href":"https:\/\/qiddo.be\/fr\/wp-json\/wp\/v2\/product\/8306\/revisions"}],"predecessor-version":[{"id":8664,"href":"https:\/\/qiddo.be\/fr\/wp-json\/wp\/v2\/product\/8306\/revisions\/8664"}],"wp:featuredmedia":[{"embeddable":true,"href":"https:\/\/qiddo.be\/fr\/wp-json\/wp\/v2\/media\/8660"}],"wp:attachment":[{"href":"https:\/\/qiddo.be\/fr\/wp-json\/wp\/v2\/media?parent=8306"}],"wp:term":[{"taxonomy":"product_brand","embeddable":true,"href":"https:\/\/qiddo.be\/fr\/wp-json\/wp\/v2\/product_brand?post=8306"},{"taxonomy":"product_cat","embeddable":true,"href":"https:\/\/qiddo.be\/fr\/wp-json\/wp\/v2\/product_cat?post=8306"},{"taxonomy":"product_tag","embeddable":true,"href":"https:\/\/qiddo.be\/fr\/wp-json\/wp\/v2\/product_tag?post=8306"}],"curies":[{"name":"wp","href":"https:\/\/api.w.org\/{rel}","templated":true}]}}