{"id":8310,"date":"2025-11-10T09:16:27","date_gmt":"2025-11-10T09:16:27","guid":{"rendered":"https:\/\/qiddo.be\/?post_type=product&#038;p=8310"},"modified":"2025-11-19T11:43:02","modified_gmt":"2025-11-19T11:43:02","slug":"harnais-thule-pour-remorque-de-velo-coaster-xt","status":"publish","type":"product","link":"https:\/\/qiddo.be\/fr\/affaires-de-bebe\/embaucher\/harnais-thule-pour-remorque-de-velo-coaster-xt\/","title":{"rendered":"Harnais pour b\u00e9b\u00e9 Thule pour remorque de v\u00e9lo Coaster XT"},"content":{"rendered":"<p><strong>Harnais pour b\u00e9b\u00e9 Thule<\/strong><\/p>\n<p>Le <span class=\"entity-underline hover:entity-accent inline cursor-pointer align-baseline\"><span class=\"whitespace-normal\">Harnais pour b\u00e9b\u00e9 Thule<\/span><\/span> est un accessoire sp\u00e9cial pour la remorque de v\u00e9lo \u00e0 deux places <span class=\"entity-underline hover:entity-accent inline cursor-pointer align-baseline\"><span class=\"whitespace-normal\">Thule Coaster XT<\/span><\/span> (et des mod\u00e8les similaires comme le Thule Courier) qui permet de transporter de jeunes b\u00e9b\u00e9s en toute s\u00e9curit\u00e9 et confortablement.<\/p>\n<p>Offrez \u00e0 votre b\u00e9b\u00e9 une place s\u00fbre, confortable et \u00e9l\u00e9gante dans la remorque de v\u00e9lo ou la poussette avec le harnais Thule Infant Sling. Con\u00e7u pour les nouveau-n\u00e9s (1-10 mois) qui ne sont pas encore capables de s'asseoir sans aide, ce porte-b\u00e9b\u00e9 soigneusement con\u00e7u offre un soutien optimal pour que vous puissiez prendre la route ensemble - que ce soit pour une balade en ville ou une promenade dans le parc.<\/p>","protected":false},"excerpt":{"rendered":"<p>Thule Infant Sling De Thule\u202fInfant\u202fSling is een speciaal accessoire voor de tweezits-fietskar Thule\u202fCoaster\u202fXT (en vergelijkbare modellen zoals de Thule Courier) dat jonge baby\u2019s veilig en comfortabel meeneemt. Geef je baby een veilige, comfortabele en stijlvolle plek in de fietskar of wandelwagen met de Thule Infant Sling. Ontworpen voor pasgeborenen (1-10 maanden) die nog niet zelfstandig [&hellip;]<\/p>","protected":false},"featured_media":8665,"comment_status":"open","ping_status":"closed","template":"","meta":[],"product_brand":[110],"product_cat":[80],"product_tag":[],"class_list":{"0":"post-8310","1":"product","2":"type-product","3":"status-publish","4":"has-post-thumbnail","6":"product_brand-thule","7":"product_cat-fietsen","9":"first","10":"instock","11":"taxable","12":"shipping-taxable","13":"purchasable","14":"product-type-simple"},"_links":{"self":[{"href":"https:\/\/qiddo.be\/fr\/wp-json\/wp\/v2\/product\/8310","targetHints":{"allow":["GET"]}}],"collection":[{"href":"https:\/\/qiddo.be\/fr\/wp-json\/wp\/v2\/product"}],"about":[{"href":"https:\/\/qiddo.be\/fr\/wp-json\/wp\/v2\/types\/product"}],"replies":[{"embeddable":true,"href":"https:\/\/qiddo.be\/fr\/wp-json\/wp\/v2\/comments?post=8310"}],"version-history":[{"count":3,"href":"https:\/\/qiddo.be\/fr\/wp-json\/wp\/v2\/product\/8310\/revisions"}],"predecessor-version":[{"id":8667,"href":"https:\/\/qiddo.be\/fr\/wp-json\/wp\/v2\/product\/8310\/revisions\/8667"}],"wp:featuredmedia":[{"embeddable":true,"href":"https:\/\/qiddo.be\/fr\/wp-json\/wp\/v2\/media\/8665"}],"wp:attachment":[{"href":"https:\/\/qiddo.be\/fr\/wp-json\/wp\/v2\/media?parent=8310"}],"wp:term":[{"taxonomy":"product_brand","embeddable":true,"href":"https:\/\/qiddo.be\/fr\/wp-json\/wp\/v2\/product_brand?post=8310"},{"taxonomy":"product_cat","embeddable":true,"href":"https:\/\/qiddo.be\/fr\/wp-json\/wp\/v2\/product_cat?post=8310"},{"taxonomy":"product_tag","embeddable":true,"href":"https:\/\/qiddo.be\/fr\/wp-json\/wp\/v2\/product_tag?post=8310"}],"curies":[{"name":"wp","href":"https:\/\/api.w.org\/{rel}","templated":true}]}}