{"id":8312,"date":"2025-11-10T09:16:27","date_gmt":"2025-11-10T09:16:27","guid":{"rendered":"https:\/\/qiddo.be\/?post_type=product&#038;p=8312"},"modified":"2025-11-19T11:51:15","modified_gmt":"2025-11-19T11:51:15","slug":"joolz-geo-3","status":"publish","type":"product","link":"https:\/\/qiddo.be\/fr\/affaires-de-bebe\/embaucher\/joolz-geo-3\/","title":{"rendered":"Poussette Joolz Geo 3"},"content":{"rendered":"<p><strong>Poussette Joolz Geo\u00b3<\/strong><\/p>\n<p>La poussette Joolz Geo\u00b3 vous emm\u00e8ne partout, des chemins forestiers accident\u00e9s aux pav\u00e9s. Gr\u00e2ce \u00e0 la protection tout temps du berceau et du si\u00e8ge et aux roues antid\u00e9rapantes, vous sortirez des sentiers battus sans effort. Notre poussette la plus robuste et la plus spacieuse offre des possibilit\u00e9s d'extension infinies - pr\u00eate \u00e0 grandir avec votre famille. En attendant, vous pouvez ranger tout ce que vous voulez dans le panier extra-large. Parce que maintenant que vous avez un enfant, rien ne vaut la commodit\u00e9.<\/p>\n<p>Propri\u00e9t\u00e9s techniques<\/p>\n<ul>\n<li>Convient d\u00e8s la naissance (avec le berceau) et jusqu'\u00e0 4 ans (charge maximale du si\u00e8ge de 22 kg)<\/li>\n<li>Poids ch\u00e2ssis + si\u00e8ge : 13 kg<\/li>\n<li>Poids ch\u00e2ssis + berceau : 14;1 kg<\/li>\n<li>Poids du berceau : environ 4,4 kg<\/li>\n<li>Dimensions pli\u00e9es avec le si\u00e8ge : 93 cm \u00d7 60 cm \u00d7 47 cm (L x l x h)<\/li>\n<li>Dimensions pli\u00e9es sans si\u00e8ge : 92 cm \u00d7 57 cm \u00d7 30 cm (L x l x h)<\/li>\n<li>Mat\u00e9riau du cadre : aluminium<\/li>\n<\/ul>\n<p>&nbsp;<\/p>","protected":false},"excerpt":{"rendered":"<ul>\n<li>\u00c0 la naissance, vous utilisez le berceau ; \u00e0 partir de 6 mois environ, vous pouvez passer \u00e0 l'unit\u00e9 d'assise. Le si\u00e8ge est dot\u00e9 d'un dossier r\u00e9glable (plusieurs positions), d'un repose-pieds r\u00e9glable et peut \u00eatre plac\u00e9 \u00e0 la fois vers l'avant (face au parent) et vers l'arri\u00e8re (face au parent).<\/li>\n<li>Les grandes roues avant et la suspension \u00e0 quatre roues permettent au Geo\u00b3 de rouler en douceur sur une grande vari\u00e9t\u00e9 de surfaces : des pav\u00e9s au sol de la for\u00eat.<\/li>\n<li>La nacelle et le si\u00e8ge sont tous deux con\u00e7us pour le confort : ventilation dans le fond de la nacelle, si\u00e8ge d'\u00e9t\u00e9 int\u00e9gr\u00e9, tissu d\u00e9perlant, grand pare-soleil (UPF50+) et protection contre le vent et la pluie.<\/li>\n<li>Pliage compact (d'une seule main) et possibilit\u00e9 d'enlever les roues pour un rangement plus compact.<\/li>\n<li>Le si\u00e8ge est au niveau de la table, ce qui permet de placer facilement l'enfant \u00e0 table depuis la poussette, un plus appr\u00e9ciable \u00e0 la maison ou en d\u00e9placement.<\/li>\n<\/ul>","protected":false},"featured_media":8668,"comment_status":"open","ping_status":"closed","template":"","meta":[],"product_brand":[111],"product_cat":[79],"product_tag":[],"class_list":{"0":"post-8312","1":"product","2":"type-product","3":"status-publish","4":"has-post-thumbnail","6":"product_brand-joolz","7":"product_cat-wandelwagens","9":"first","10":"instock","11":"taxable","12":"shipping-taxable","13":"purchasable","14":"product-type-simple"},"_links":{"self":[{"href":"https:\/\/qiddo.be\/fr\/wp-json\/wp\/v2\/product\/8312","targetHints":{"allow":["GET"]}}],"collection":[{"href":"https:\/\/qiddo.be\/fr\/wp-json\/wp\/v2\/product"}],"about":[{"href":"https:\/\/qiddo.be\/fr\/wp-json\/wp\/v2\/types\/product"}],"replies":[{"embeddable":true,"href":"https:\/\/qiddo.be\/fr\/wp-json\/wp\/v2\/comments?post=8312"}],"version-history":[{"count":3,"href":"https:\/\/qiddo.be\/fr\/wp-json\/wp\/v2\/product\/8312\/revisions"}],"predecessor-version":[{"id":8676,"href":"https:\/\/qiddo.be\/fr\/wp-json\/wp\/v2\/product\/8312\/revisions\/8676"}],"wp:featuredmedia":[{"embeddable":true,"href":"https:\/\/qiddo.be\/fr\/wp-json\/wp\/v2\/media\/8668"}],"wp:attachment":[{"href":"https:\/\/qiddo.be\/fr\/wp-json\/wp\/v2\/media?parent=8312"}],"wp:term":[{"taxonomy":"product_brand","embeddable":true,"href":"https:\/\/qiddo.be\/fr\/wp-json\/wp\/v2\/product_brand?post=8312"},{"taxonomy":"product_cat","embeddable":true,"href":"https:\/\/qiddo.be\/fr\/wp-json\/wp\/v2\/product_cat?post=8312"},{"taxonomy":"product_tag","embeddable":true,"href":"https:\/\/qiddo.be\/fr\/wp-json\/wp\/v2\/product_tag?post=8312"}],"curies":[{"name":"wp","href":"https:\/\/api.w.org\/{rel}","templated":true}]}}