{"id":8314,"date":"2025-11-10T09:16:27","date_gmt":"2025-11-10T09:16:27","guid":{"rendered":"https:\/\/qiddo.be\/?post_type=product&#038;p=8314"},"modified":"2026-03-17T09:27:00","modified_gmt":"2026-03-17T09:27:00","slug":"joolz-geo-3-extension-set-duo-set","status":"publish","type":"product","link":"https:\/\/qiddo.be\/fr\/affaires-de-bebe\/embaucher\/joolz-geo-3-extension-set-duo-set\/","title":{"rendered":"Joolz Geo 3 Extension Set Duoset"},"content":{"rendered":"<p><strong>Joolz Duoset pour poussette Geo\u00b3<\/strong><\/p>\n<p>Un deuxi\u00e8me enfant en route ? Votre Joolz Geo3 grandit avec votre famille. Il vous suffit d'ajouter un adaptateur sup\u00e9rieur ou inf\u00e9rieur, une barre de s\u00e9curit\u00e9 suppl\u00e9mentaire et un toit solaire. C'est tr\u00e8s simple ! Et toujours aussi confortable pour vous et vos enfants, parce que vous ne devez jamais vous contenter de moins. Tout le monde est maintenant pr\u00eat \u00e0 partir \u00e0 l'aventure.<\/p>\n<p>couleur pare-soleil : bleu marine | couleur adaptateurs : noir<\/p>\n<p>&nbsp;<\/p>","protected":false},"excerpt":{"rendered":"<p>Joolz Duoset voor Kinderwagen Geo\u00b3 Tweede kindje op komst? Je Joolz Geo3 groeit met je gezin mee. Je hoeft alleen maar een bovenste of onderste adapter en een extra veiligheidsbeugel en zonnekap erbij te klikken. Super simpel! En nog steeds even comfortabel voor zowel jou als je kindjes, omdat je nooit genoegen moet nemen met [&hellip;]<\/p>","protected":false},"featured_media":8678,"comment_status":"open","ping_status":"closed","template":"","meta":[],"product_brand":[111],"product_cat":[79],"product_tag":[],"class_list":{"0":"post-8314","1":"product","2":"type-product","3":"status-publish","4":"has-post-thumbnail","6":"product_brand-joolz","7":"product_cat-wandelwagens","9":"first","10":"instock","11":"taxable","12":"shipping-taxable","13":"purchasable","14":"product-type-simple"},"_links":{"self":[{"href":"https:\/\/qiddo.be\/fr\/wp-json\/wp\/v2\/product\/8314","targetHints":{"allow":["GET"]}}],"collection":[{"href":"https:\/\/qiddo.be\/fr\/wp-json\/wp\/v2\/product"}],"about":[{"href":"https:\/\/qiddo.be\/fr\/wp-json\/wp\/v2\/types\/product"}],"replies":[{"embeddable":true,"href":"https:\/\/qiddo.be\/fr\/wp-json\/wp\/v2\/comments?post=8314"}],"version-history":[{"count":5,"href":"https:\/\/qiddo.be\/fr\/wp-json\/wp\/v2\/product\/8314\/revisions"}],"predecessor-version":[{"id":9344,"href":"https:\/\/qiddo.be\/fr\/wp-json\/wp\/v2\/product\/8314\/revisions\/9344"}],"wp:featuredmedia":[{"embeddable":true,"href":"https:\/\/qiddo.be\/fr\/wp-json\/wp\/v2\/media\/8678"}],"wp:attachment":[{"href":"https:\/\/qiddo.be\/fr\/wp-json\/wp\/v2\/media?parent=8314"}],"wp:term":[{"taxonomy":"product_brand","embeddable":true,"href":"https:\/\/qiddo.be\/fr\/wp-json\/wp\/v2\/product_brand?post=8314"},{"taxonomy":"product_cat","embeddable":true,"href":"https:\/\/qiddo.be\/fr\/wp-json\/wp\/v2\/product_cat?post=8314"},{"taxonomy":"product_tag","embeddable":true,"href":"https:\/\/qiddo.be\/fr\/wp-json\/wp\/v2\/product_tag?post=8314"}],"curies":[{"name":"wp","href":"https:\/\/api.w.org\/{rel}","templated":true}]}}