{"id":8316,"date":"2025-11-10T09:16:27","date_gmt":"2025-11-10T09:16:27","guid":{"rendered":"https:\/\/qiddo.be\/?post_type=product&#038;p=8316"},"modified":"2025-11-24T10:47:14","modified_gmt":"2025-11-24T10:47:14","slug":"cybex-beezy-buggy","status":"publish","type":"product","link":"https:\/\/qiddo.be\/fr\/affaires-de-bebe\/embaucher\/cybex-beezy-buggy\/","title":{"rendered":"Cybex Beezy Buggy"},"content":{"rendered":"<p><strong>Cybex Beezy Buggy<\/strong><\/p>\n<p>D\u00e9couvrez l'\u00e9l\u00e9gante poussette de ville qui rendra vos trajets quotidiens confortables et \u00e9l\u00e9gants. La Cybex Beezy est con\u00e7ue pour les parents d'aujourd'hui : suffisamment compacte pour les rues anim\u00e9es et les petits appartements, mais dot\u00e9e de fonctions intelligentes. De la naissance \u00e0 environ 4 ans (charge maximale de 22 kg), elle offre \u00e0 votre enfant une position allong\u00e9e ergonomique avec un support de jambe int\u00e9gr\u00e9 - parfait pour se d\u00e9tendre pendant les trajets. Gr\u00e2ce au harnais rapide \u00e0 une seule traction, votre enfant est attach\u00e9 en toute s\u00e9curit\u00e9 en un rien de temps. Les roues tout-terrain robustes avec suspension \u00e0 quatre roues garantissent une conduite en douceur, m\u00eame sur les trottoirs cahoteux ou en ville. Se plie en un ensemble autonome pour faciliter le rangement ou le transport. Id\u00e9al pour les parents qui sont souvent en d\u00e9placement et qui ne veulent pas faire de compromis sur le confort ou la facilit\u00e9 d'utilisation.<\/p>\n<p>Sp\u00e9cifications techniques<\/p>\n<ul>\n<li>Convient de la naissance \u00e0 environ 4 ans.<\/li>\n<li>Charge maximale pour les enfants : environ 22 kg.<\/li>\n<li>Poids du buggy : environ 8,5 kg.<\/li>\n<li>Pli\u00e9 : environ 27 cm \u00d7 48,5 cm \u00d7 64,5 cm (L x L x H).<\/li>\n<li>D\u00e9pli\u00e9e : environ 82 cm \u00d7 45,5 cm \u00d7 107 cm (L x l x h).<\/li>\n<li>Toit solaire XL avec protection UV UPF 50+.<\/li>\n<li>Grand panier \u00e0 provisions sous le chariot, d'une capacit\u00e9 de 5 kg.<\/li>\n<\/ul>","protected":false},"excerpt":{"rendered":"<ul>\n<li>Buggy urbain compact qui se faufile sans effort dans les boutiques \u00e9troites et les rues anim\u00e9es.<\/li>\n<li>Convient d\u00e8s la naissance gr\u00e2ce \u00e0 la position de couchage enti\u00e8rement plate.<\/li>\n<li>Poussette l\u00e9g\u00e8re (8,5 kg) et super compacte qui se plie en un ensemble autonome.<\/li>\n<li>Design \u00e9l\u00e9gant et moderne avec des tissus de haute qualit\u00e9 et une finition soign\u00e9e.<\/li>\n<li>Le choix id\u00e9al pour les parents qui se d\u00e9placent souvent et qui veulent une poussette intelligente et portable sans compromis sur le confort.<\/li>\n<\/ul>","protected":false},"featured_media":8680,"comment_status":"open","ping_status":"closed","template":"","meta":[],"product_brand":[112],"product_cat":[82,79],"product_tag":[],"class_list":{"0":"post-8316","1":"product","2":"type-product","3":"status-publish","4":"has-post-thumbnail","6":"product_brand-cybex","7":"product_cat-travel","8":"product_cat-wandelwagens","10":"first","11":"instock","12":"taxable","13":"shipping-taxable","14":"purchasable","15":"product-type-simple"},"_links":{"self":[{"href":"https:\/\/qiddo.be\/fr\/wp-json\/wp\/v2\/product\/8316","targetHints":{"allow":["GET"]}}],"collection":[{"href":"https:\/\/qiddo.be\/fr\/wp-json\/wp\/v2\/product"}],"about":[{"href":"https:\/\/qiddo.be\/fr\/wp-json\/wp\/v2\/types\/product"}],"replies":[{"embeddable":true,"href":"https:\/\/qiddo.be\/fr\/wp-json\/wp\/v2\/comments?post=8316"}],"version-history":[{"count":3,"href":"https:\/\/qiddo.be\/fr\/wp-json\/wp\/v2\/product\/8316\/revisions"}],"predecessor-version":[{"id":8682,"href":"https:\/\/qiddo.be\/fr\/wp-json\/wp\/v2\/product\/8316\/revisions\/8682"}],"wp:featuredmedia":[{"embeddable":true,"href":"https:\/\/qiddo.be\/fr\/wp-json\/wp\/v2\/media\/8680"}],"wp:attachment":[{"href":"https:\/\/qiddo.be\/fr\/wp-json\/wp\/v2\/media?parent=8316"}],"wp:term":[{"taxonomy":"product_brand","embeddable":true,"href":"https:\/\/qiddo.be\/fr\/wp-json\/wp\/v2\/product_brand?post=8316"},{"taxonomy":"product_cat","embeddable":true,"href":"https:\/\/qiddo.be\/fr\/wp-json\/wp\/v2\/product_cat?post=8316"},{"taxonomy":"product_tag","embeddable":true,"href":"https:\/\/qiddo.be\/fr\/wp-json\/wp\/v2\/product_tag?post=8316"}],"curies":[{"name":"wp","href":"https:\/\/api.w.org\/{rel}","templated":true}]}}