{"id":8318,"date":"2025-11-10T09:16:27","date_gmt":"2025-11-10T09:16:27","guid":{"rendered":"https:\/\/qiddo.be\/?post_type=product&#038;p=8318"},"modified":"2025-11-19T11:58:58","modified_gmt":"2025-11-19T11:58:58","slug":"landau-maxi-cosi-fame","status":"publish","type":"product","link":"https:\/\/qiddo.be\/fr\/affaires-de-bebe\/embaucher\/landau-maxi-cosi-fame\/","title":{"rendered":"Poussette Maxi-Cosi Fame"},"content":{"rendered":"<p><strong>Poussette Maxi-Cosi Fame<\/strong><\/p>\n<p>Entrez dans l'avenir de la mobilit\u00e9 familiale avec la Maxi-Cosi Fame - une poussette haut de gamme qui allie luxe, confort et innovation dans un design intemporel. Gr\u00e2ce \u00e0 la position inclin\u00e9e \u00e0 plat d\u00e8s la naissance, votre b\u00e9b\u00e9 peut voyager en toute s\u00e9curit\u00e9 et en toute d\u00e9contraction. Le ch\u00e2ssis robuste dot\u00e9 de ressorts All-Terrain et de pneus anti-punk garantit une conduite en douceur, que ce soit en ville ou sur les routes de campagne. La lumi\u00e8re LumiRide int\u00e9gr\u00e9e et la banque d'\u00e9nergie permettent de marcher la nuit ou dans des conditions de faible luminosit\u00e9, tout en \u00e9tant \u00e9l\u00e9gantes et s\u00fbres. Compatible avec les derniers si\u00e8ges auto 360 Pro et la technologie SlideTech\u00ae, la Fame est pr\u00eate pour le syst\u00e8me de voyage complet. Con\u00e7ue pour durer jusqu'\u00e0 environ 4 ans (jusqu'\u00e0 22 kg), la Fame est un investissement dans le confort, le style et la commodit\u00e9 pour toute la famille.<\/p>\n<p>Caract\u00e9ristiques techniques :<\/p>\n<ul>\n<li>Convient d\u00e8s la naissance (avec la position berceau disponible s\u00e9par\u00e9ment) jusqu'\u00e0 environ 4 ans ou un poids maximal du si\u00e8ge de 22 kg.<\/li>\n<li>Poids du cadre + module d'assise : 13 kg<\/li>\n<li>Dimensions pli\u00e9es (avec module d'assise) : 93 cm \u00d7 60 cm \u00d7 47 cm (L x l x h)<\/li>\n<li>Dimensions repli\u00e9es (sans module d'assise) : 92 cm \u00d7 57 cm \u00d7 30 cm (L x l x h)<\/li>\n<li>Si\u00e8ge : r\u00e9versible (direction parentale ou avant), dossier r\u00e9glable en plusieurs positions, repose-pieds r\u00e9glable<\/li>\n<li>Capuche : grande capuche XL avec protection UV (UPF50+)<\/li>\n<li>Mat\u00e9riau du cadre : construction l\u00e9g\u00e8re en aluminium<\/li>\n<\/ul>\n<p>&nbsp;<\/p>","protected":false},"excerpt":{"rendered":"<ul>\n<li>Un confort de conduite exceptionnel sur toutes les surfaces gr\u00e2ce \u00e0 la suspension tout-terrain avanc\u00e9e et aux roues anti-crevaison, le Fame roule en douceur en ville, en for\u00eat et dans les parcs - sans secousses pour votre enfant.<\/li>\n<li>Feux intelligents \u2018LumiRide\u2019 pour plus de s\u00e9curit\u00e9. Les lumi\u00e8res LED int\u00e9gr\u00e9es vous rendent plus visible dans des conditions de faible luminosit\u00e9, ce qui rend la marche de nuit s\u00fbre et \u00e9l\u00e9gante.<\/li>\n<li>Compatible avec les derniers si\u00e8ges auto Maxi-Cosi avec SlideTech\u00ae - la technologie innovante de glissement qui permet d'entrer et de sortir sans effort.<\/li>\n<li>Confort luxueux pour b\u00e9b\u00e9 et ses parents : si\u00e8ge en mousse \u00e0 m\u00e9moire de forme, ventilation gr\u00e2ce aux panneaux ClimaFlow, grand pare-soleil UPF 50+ et mat\u00e9riaux de haute qualit\u00e9 pour une exp\u00e9rience de conduite haut de gamme.<\/li>\n<li>Il se plie rapidement et de mani\u00e8re compacte pour former un ensemble autonome, un grand panier \u00e0 provisions et il est con\u00e7u pour grandir avec vous de la naissance \u00e0 l'\u00e2ge de 4 ans.<\/li>\n<\/ul>","protected":false},"featured_media":8683,"comment_status":"open","ping_status":"closed","template":"","meta":[],"product_brand":[85],"product_cat":[79],"product_tag":[],"class_list":{"0":"post-8318","1":"product","2":"type-product","3":"status-publish","4":"has-post-thumbnail","6":"product_brand-maxi-cosi","7":"product_cat-wandelwagens","9":"first","10":"instock","11":"taxable","12":"shipping-taxable","13":"purchasable","14":"product-type-simple"},"_links":{"self":[{"href":"https:\/\/qiddo.be\/fr\/wp-json\/wp\/v2\/product\/8318","targetHints":{"allow":["GET"]}}],"collection":[{"href":"https:\/\/qiddo.be\/fr\/wp-json\/wp\/v2\/product"}],"about":[{"href":"https:\/\/qiddo.be\/fr\/wp-json\/wp\/v2\/types\/product"}],"replies":[{"embeddable":true,"href":"https:\/\/qiddo.be\/fr\/wp-json\/wp\/v2\/comments?post=8318"}],"version-history":[{"count":3,"href":"https:\/\/qiddo.be\/fr\/wp-json\/wp\/v2\/product\/8318\/revisions"}],"predecessor-version":[{"id":8685,"href":"https:\/\/qiddo.be\/fr\/wp-json\/wp\/v2\/product\/8318\/revisions\/8685"}],"wp:featuredmedia":[{"embeddable":true,"href":"https:\/\/qiddo.be\/fr\/wp-json\/wp\/v2\/media\/8683"}],"wp:attachment":[{"href":"https:\/\/qiddo.be\/fr\/wp-json\/wp\/v2\/media?parent=8318"}],"wp:term":[{"taxonomy":"product_brand","embeddable":true,"href":"https:\/\/qiddo.be\/fr\/wp-json\/wp\/v2\/product_brand?post=8318"},{"taxonomy":"product_cat","embeddable":true,"href":"https:\/\/qiddo.be\/fr\/wp-json\/wp\/v2\/product_cat?post=8318"},{"taxonomy":"product_tag","embeddable":true,"href":"https:\/\/qiddo.be\/fr\/wp-json\/wp\/v2\/product_tag?post=8318"}],"curies":[{"name":"wp","href":"https:\/\/api.w.org\/{rel}","templated":true}]}}