{"id":8320,"date":"2025-11-10T09:16:27","date_gmt":"2025-11-10T09:16:27","guid":{"rendered":"https:\/\/qiddo.be\/?post_type=product&#038;p=8320"},"modified":"2025-11-19T12:01:31","modified_gmt":"2025-11-19T12:01:31","slug":"nacelle-maxi-cosi-fame","status":"publish","type":"product","link":"https:\/\/qiddo.be\/fr\/affaires-de-bebe\/embaucher\/nacelle-maxi-cosi-fame\/","title":{"rendered":"Maxi-Cosi Carrycot Fame"},"content":{"rendered":"<p><strong>Nacelle Maxi-Cosi Fame<\/strong><\/p>\n<p>D\u00e9couvrez la nacelle de luxe qui compl\u00e8te parfaitement le style et l'innovation de la ligne Fame : la nacelle Maxi-Cosi Fame. Cette nacelle spacieuse et \u00e9l\u00e9gante offre \u00e0 votre b\u00e9b\u00e9 un confort optimal de la naissance \u00e0 environ 6 mois (jusqu'\u00e0 9 kg). Gr\u00e2ce au matelas r\u00e9versible en mousse \u00e0 m\u00e9moire de forme, \u00e0 la fen\u00eatre d'a\u00e9ration et \u00e0 la pente int\u00e9gr\u00e9e SoothingSlope pour un sommeil en pente douce, les moments de repos en d\u00e9placement sont parfaitement pris en charge. Gr\u00e2ce \u00e0 la fonction de r\u00e9glage de la hauteur Close2Me, vous pouvez installer et retirer votre enfant sans effort et sans vous fatiguer le dos. Le design respectueux du cadre s'adapte directement au ch\u00e2ssis Fame, avec des tissus \u00e9cologiques modernes et une finition haut de gamme pour les parents qui choisissent le style et la fonctionnalit\u00e9.<\/p>\n<p>Caract\u00e9ristiques techniques :<\/p>\n<ul>\n<li>Convient de la naissance jusqu'\u00e0 9 kg (environ 6 mois) en position berceau<\/li>\n<li>Panier aux dimensions int\u00e9rieures g\u00e9n\u00e9reuses : 87 cm \u00d7 42,5 cm \u00d7 64,5 cm (L x L x H)<\/li>\n<li>Conforme \u00e0 la norme EN 1466:2023 pour les nacelles \/ lits de portage<\/li>\n<\/ul>\n<p>&nbsp;<\/p>","protected":false},"excerpt":{"rendered":"<p>Maxi-Cosi Fame Draagmand \/ Reiswieg Ontdek de luxe reiswieg die naadloos aansluit op de stijl en innovatie van de Fame-lijn: de Maxi-Cosi Fame Draagmand. Deze ruime en stijlvolle reiswieg biedt uw baby vanaf geboorte tot circa 6 maanden (tot 9 kg) optimaal comfort. Dankzij het omkeerbare traagschuimmatras, ventilatievenster en ge\u00efntegreerde SoothingSlope voor zacht hellend slapen [&hellip;]<\/p>","protected":false},"featured_media":8687,"comment_status":"open","ping_status":"closed","template":"","meta":[],"product_brand":[85],"product_cat":[79],"product_tag":[],"class_list":{"0":"post-8320","1":"product","2":"type-product","3":"status-publish","4":"has-post-thumbnail","6":"product_brand-maxi-cosi","7":"product_cat-wandelwagens","9":"first","10":"instock","11":"taxable","12":"shipping-taxable","13":"purchasable","14":"product-type-simple"},"_links":{"self":[{"href":"https:\/\/qiddo.be\/fr\/wp-json\/wp\/v2\/product\/8320","targetHints":{"allow":["GET"]}}],"collection":[{"href":"https:\/\/qiddo.be\/fr\/wp-json\/wp\/v2\/product"}],"about":[{"href":"https:\/\/qiddo.be\/fr\/wp-json\/wp\/v2\/types\/product"}],"replies":[{"embeddable":true,"href":"https:\/\/qiddo.be\/fr\/wp-json\/wp\/v2\/comments?post=8320"}],"version-history":[{"count":3,"href":"https:\/\/qiddo.be\/fr\/wp-json\/wp\/v2\/product\/8320\/revisions"}],"predecessor-version":[{"id":8691,"href":"https:\/\/qiddo.be\/fr\/wp-json\/wp\/v2\/product\/8320\/revisions\/8691"}],"wp:featuredmedia":[{"embeddable":true,"href":"https:\/\/qiddo.be\/fr\/wp-json\/wp\/v2\/media\/8687"}],"wp:attachment":[{"href":"https:\/\/qiddo.be\/fr\/wp-json\/wp\/v2\/media?parent=8320"}],"wp:term":[{"taxonomy":"product_brand","embeddable":true,"href":"https:\/\/qiddo.be\/fr\/wp-json\/wp\/v2\/product_brand?post=8320"},{"taxonomy":"product_cat","embeddable":true,"href":"https:\/\/qiddo.be\/fr\/wp-json\/wp\/v2\/product_cat?post=8320"},{"taxonomy":"product_tag","embeddable":true,"href":"https:\/\/qiddo.be\/fr\/wp-json\/wp\/v2\/product_tag?post=8320"}],"curies":[{"name":"wp","href":"https:\/\/api.w.org\/{rel}","templated":true}]}}