{"id":8322,"date":"2025-11-10T09:16:27","date_gmt":"2025-11-10T09:16:27","guid":{"rendered":"https:\/\/qiddo.be\/?post_type=product&#038;p=8322"},"modified":"2025-11-19T12:07:54","modified_gmt":"2025-11-19T12:07:54","slug":"maxi-cosi-pram-soho","status":"publish","type":"product","link":"https:\/\/qiddo.be\/fr\/affaires-de-bebe\/embaucher\/maxi-cosi-pram-soho\/","title":{"rendered":"Maxi-Cosi landau Soho"},"content":{"rendered":"<p data-start=\"177\" data-end=\"621\"><strong>Maxi-Cosi landau Soho<\/strong><\/p>\n<p data-start=\"177\" data-end=\"621\">La Maxi-Cosi Soho est la poussette id\u00e9ale pour les parents qui souhaitent allier confort, style et facilit\u00e9 d'utilisation. Cette poussette, \u00e0 la fois l\u00e9g\u00e8re et robuste, est con\u00e7ue pour emmener votre b\u00e9b\u00e9 partout en toute s\u00e9curit\u00e9 et en toute d\u00e9contraction, que ce soit dans les rues anim\u00e9es d'une ville ou dans les rues tranquilles d'un quartier. Gr\u00e2ce \u00e0 son syst\u00e8me de pliage compact d'une seule main, la poussette Soho se plie en un ensemble extr\u00eamement pratique qui se range sans effort dans n'importe quelle voiture ou dans le placard d'un couloir en quelques secondes seulement.<\/p>\n<p data-start=\"623\" data-end=\"1017\">Le si\u00e8ge confortable avec de multiples positions d'inclinaison, y compris une position de sommeil presque plate, garantit que votre enfant est toujours assis ou dort confortablement. Le grand toit solaire avec protection UPF offre une protection optimale contre le soleil et le vent. Avec ses roues pivotantes maniables, sa suspension robuste et ses mat\u00e9riaux de haute qualit\u00e9, le Soho n'est pas seulement luxueux, il roule aussi en douceur sur toutes sortes de surfaces.<\/p>\n<p data-start=\"1019\" data-end=\"1209\">Que vous fassiez une course rapide ou que vous partiez pour la journ\u00e9e : la Maxi-Cosi Soho est une solution de marche \u00e9l\u00e9gante, pratique et confortable pour vous et votre enfant.<\/p>","protected":false},"excerpt":{"rendered":"<ul>\n<li>L\u00e9ger et compact<\/li>\n<li>Position allong\u00e9e confortable<\/li>\n<li>Pliable d'une seule main<\/li>\n<li>Grand parasol UPF<\/li>\n<li>Panier spacieux<\/li>\n<li>Souplesse et agilit\u00e9<\/li>\n<\/ul>","protected":false},"featured_media":8971,"comment_status":"open","ping_status":"closed","template":"","meta":[],"product_brand":[85],"product_cat":[79],"product_tag":[],"class_list":{"0":"post-8322","1":"product","2":"type-product","3":"status-publish","4":"has-post-thumbnail","6":"product_brand-maxi-cosi","7":"product_cat-wandelwagens","9":"first","10":"instock","11":"taxable","12":"shipping-taxable","13":"purchasable","14":"product-type-simple"},"_links":{"self":[{"href":"https:\/\/qiddo.be\/fr\/wp-json\/wp\/v2\/product\/8322","targetHints":{"allow":["GET"]}}],"collection":[{"href":"https:\/\/qiddo.be\/fr\/wp-json\/wp\/v2\/product"}],"about":[{"href":"https:\/\/qiddo.be\/fr\/wp-json\/wp\/v2\/types\/product"}],"replies":[{"embeddable":true,"href":"https:\/\/qiddo.be\/fr\/wp-json\/wp\/v2\/comments?post=8322"}],"version-history":[{"count":4,"href":"https:\/\/qiddo.be\/fr\/wp-json\/wp\/v2\/product\/8322\/revisions"}],"predecessor-version":[{"id":9030,"href":"https:\/\/qiddo.be\/fr\/wp-json\/wp\/v2\/product\/8322\/revisions\/9030"}],"wp:featuredmedia":[{"embeddable":true,"href":"https:\/\/qiddo.be\/fr\/wp-json\/wp\/v2\/media\/8971"}],"wp:attachment":[{"href":"https:\/\/qiddo.be\/fr\/wp-json\/wp\/v2\/media?parent=8322"}],"wp:term":[{"taxonomy":"product_brand","embeddable":true,"href":"https:\/\/qiddo.be\/fr\/wp-json\/wp\/v2\/product_brand?post=8322"},{"taxonomy":"product_cat","embeddable":true,"href":"https:\/\/qiddo.be\/fr\/wp-json\/wp\/v2\/product_cat?post=8322"},{"taxonomy":"product_tag","embeddable":true,"href":"https:\/\/qiddo.be\/fr\/wp-json\/wp\/v2\/product_tag?post=8322"}],"curies":[{"name":"wp","href":"https:\/\/api.w.org\/{rel}","templated":true}]}}