{"id":8324,"date":"2025-11-10T09:16:28","date_gmt":"2025-11-10T09:16:28","guid":{"rendered":"https:\/\/qiddo.be\/?post_type=product&#038;p=8324"},"modified":"2025-11-19T12:13:00","modified_gmt":"2025-11-19T12:13:00","slug":"joolz-buggy-aer-2","status":"publish","type":"product","link":"https:\/\/qiddo.be\/fr\/affaires-de-bebe\/embaucher\/joolz-buggy-aer-2\/","title":{"rendered":"Joolz Buggy Aer 2"},"content":{"rendered":"<p><strong>Joolz Buggy Aer 2 Space Black<\/strong><\/p>\n<p data-start=\"188\" data-end=\"691\">La Joolz Aer 2 est la poussette haut de gamme pour les parents qui aiment voyager l\u00e9ger et flexible sans compromettre le confort. Pesant seulement quelques kilos et dot\u00e9e d'un m\u00e9canisme de pliage ultra-rapide \u00e0 une main, cette poussette est parfaite pour les d\u00e9placements : en voiture, en vacances ou simplement lors des sorties quotidiennes. L'Aer 2 a \u00e9t\u00e9 con\u00e7ue avec le souci du d\u00e9tail : du si\u00e8ge ergonomique qui soutient votre enfant de mani\u00e8re optimale, \u00e0 la ventilation am\u00e9lior\u00e9e et \u00e0 la suspension extra souple qui rendent chaque trajet confortable.<\/p>\n<p data-start=\"693\" data-end=\"1133\">Gr\u00e2ce \u00e0 sa taille ultra-compacte, vous pouvez facilement emporter l'Aer 2 en tant que bagage \u00e0 main sur de nombreuses compagnies a\u00e9riennes. L'auvent profond avec UPF 50+ prot\u00e8ge votre enfant du soleil et du vent, tandis que la zone d'assise spacieuse permet aux b\u00e9b\u00e9s et aux jeunes enfants de s'asseoir ou de dormir confortablement. L'Aer 2 combine des mat\u00e9riaux luxueux, un design moderne et une grande facilit\u00e9 d'utilisation. Il est id\u00e9al pour les parents actifs qui recherchent la qualit\u00e9 et la commodit\u00e9.<\/p>","protected":false},"excerpt":{"rendered":"<ul>\n<li data-start=\"1193\" data-end=\"1227\">\n<p data-start=\"1195\" data-end=\"1227\">Super-l\u00e9ger et ultra-compact<\/p>\n<\/li>\n<li data-start=\"1228\" data-end=\"1259\">\n<p data-start=\"1230\" data-end=\"1259\">Pliage d'une seule main<\/p>\n<\/li>\n<li data-start=\"1260\" data-end=\"1295\">\n<p data-start=\"1262\" data-end=\"1295\">Position assise et couch\u00e9e ergonomique<\/p>\n<\/li>\n<li data-start=\"1296\" data-end=\"1320\">\n<p data-start=\"1298\" data-end=\"1320\">Pare-soleil UPF 50<\/p>\n<\/li>\n<li data-start=\"1321\" data-end=\"1359\">\n<p data-start=\"1323\" data-end=\"1359\">Conduite souple gr\u00e2ce \u00e0 la suspension sup\u00e9rieure<\/p>\n<\/li>\n<li data-start=\"1360\" data-end=\"1385\">\n<p data-start=\"1362\" data-end=\"1385\"><strong data-start=\"1362\" data-end=\"1383\">Taille du bagage \u00e0 main<\/strong><\/p>\n<\/li>\n<\/ul>","protected":false},"featured_media":8984,"comment_status":"open","ping_status":"closed","template":"","meta":[],"product_brand":[111],"product_cat":[79],"product_tag":[],"class_list":{"0":"post-8324","1":"product","2":"type-product","3":"status-publish","4":"has-post-thumbnail","6":"product_brand-joolz","7":"product_cat-wandelwagens","9":"first","10":"instock","11":"taxable","12":"shipping-taxable","13":"purchasable","14":"product-type-simple"},"_links":{"self":[{"href":"https:\/\/qiddo.be\/fr\/wp-json\/wp\/v2\/product\/8324","targetHints":{"allow":["GET"]}}],"collection":[{"href":"https:\/\/qiddo.be\/fr\/wp-json\/wp\/v2\/product"}],"about":[{"href":"https:\/\/qiddo.be\/fr\/wp-json\/wp\/v2\/types\/product"}],"replies":[{"embeddable":true,"href":"https:\/\/qiddo.be\/fr\/wp-json\/wp\/v2\/comments?post=8324"}],"version-history":[{"count":4,"href":"https:\/\/qiddo.be\/fr\/wp-json\/wp\/v2\/product\/8324\/revisions"}],"predecessor-version":[{"id":9031,"href":"https:\/\/qiddo.be\/fr\/wp-json\/wp\/v2\/product\/8324\/revisions\/9031"}],"wp:featuredmedia":[{"embeddable":true,"href":"https:\/\/qiddo.be\/fr\/wp-json\/wp\/v2\/media\/8984"}],"wp:attachment":[{"href":"https:\/\/qiddo.be\/fr\/wp-json\/wp\/v2\/media?parent=8324"}],"wp:term":[{"taxonomy":"product_brand","embeddable":true,"href":"https:\/\/qiddo.be\/fr\/wp-json\/wp\/v2\/product_brand?post=8324"},{"taxonomy":"product_cat","embeddable":true,"href":"https:\/\/qiddo.be\/fr\/wp-json\/wp\/v2\/product_cat?post=8324"},{"taxonomy":"product_tag","embeddable":true,"href":"https:\/\/qiddo.be\/fr\/wp-json\/wp\/v2\/product_tag?post=8324"}],"curies":[{"name":"wp","href":"https:\/\/api.w.org\/{rel}","templated":true}]}}