{"id":8326,"date":"2025-11-10T09:16:28","date_gmt":"2025-11-10T09:16:28","guid":{"rendered":"https:\/\/qiddo.be\/?post_type=product&#038;p=8326"},"modified":"2025-11-19T12:22:42","modified_gmt":"2025-11-19T12:22:42","slug":"nacelle-joolz-aer-2","status":"publish","type":"product","link":"https:\/\/qiddo.be\/fr\/affaires-de-bebe\/embaucher\/nacelle-joolz-aer-2\/","title":{"rendered":"Nacelle Joolz Aer 2"},"content":{"rendered":"<p><strong>Nacelle Joolz Aer 2<\/strong><\/p>\n<p data-start=\"172\" data-end=\"574\">La nacelle Joolz Aer 2 offre \u00e0 votre b\u00e9b\u00e9 un endroit chaud, s\u00fbr et confortable d\u00e8s le premier jour. Cette nacelle luxueuse est sp\u00e9cialement con\u00e7ue pour la poussette Joolz Aer 2 et la transforme instantan\u00e9ment en un landau complet. Gr\u00e2ce \u00e0 son design ultra-l\u00e9ger et \u00e0 sa poign\u00e9e de transport intelligente, vous pouvez facilement emporter la nacelle n'importe o\u00f9, id\u00e9ale pour les voyages, les vacances ou les promenades quotidiennes.<\/p>\n<p data-start=\"576\" data-end=\"1038\">La nacelle est merveilleusement douce \u00e0 l'int\u00e9rieur gr\u00e2ce \u00e0 son matelas respirant et \u00e0 son espace de couchage spacieux et ergonomique. Votre b\u00e9b\u00e9 est enti\u00e8rement prot\u00e9g\u00e9 par le pare-soleil \u00e9tendu avec UPF 50+ et les panneaux de ventilation int\u00e9gr\u00e9s qui assurent une circulation optimale de l'air, m\u00eame par temps chaud. La nacelle Joolz Aer 2 est r\u00e9put\u00e9e pour sa fabrication haut de gamme, ses mat\u00e9riaux de qualit\u00e9 sup\u00e9rieure et son design bien pens\u00e9 qui offre aux parents et \u00e0 leur b\u00e9b\u00e9 le summum de la commodit\u00e9 et du confort.<\/p>","protected":false},"excerpt":{"rendered":"<ul>\n<li data-start=\"1098\" data-end=\"1128\">\n<p data-start=\"1100\" data-end=\"1128\"><strong data-start=\"1100\" data-end=\"1126\">Ultra-l\u00e9ger et portable<\/strong><\/p>\n<\/li>\n<li data-start=\"1129\" data-end=\"1162\">\n<p data-start=\"1131\" data-end=\"1162\"><strong data-start=\"1131\" data-end=\"1160\">Convient \u00e0 la poussette Joolz Aer 2<\/strong><\/p>\n<\/li>\n<li data-start=\"1163\" data-end=\"1202\">\n<p data-start=\"1165\" data-end=\"1202\"><strong data-start=\"1165\" data-end=\"1200\">Espace de couchage spacieux et confortable<\/strong><\/p>\n<\/li>\n<li data-start=\"1203\" data-end=\"1246\">\n<p data-start=\"1205\" data-end=\"1246\"><strong data-start=\"1205\" data-end=\"1244\">Panneaux de ventilation pour l'air frais<\/strong><\/p>\n<\/li>\n<li data-start=\"1247\" data-end=\"1281\">\n<p data-start=\"1249\" data-end=\"1281\"><strong data-start=\"1249\" data-end=\"1279\">Couverture solaire UPF 50+ \u00e9tendue<\/strong><\/p>\n<\/li>\n<li data-start=\"1282\" data-end=\"1320\">\n<p data-start=\"1284\" data-end=\"1320\"><strong data-start=\"1284\" data-end=\"1320\">Finition luxueuse et confort sup\u00e9rieur<\/strong><\/p>\n<\/li>\n<\/ul>","protected":false},"featured_media":8988,"comment_status":"open","ping_status":"closed","template":"","meta":[],"product_brand":[111],"product_cat":[79],"product_tag":[],"class_list":{"0":"post-8326","1":"product","2":"type-product","3":"status-publish","4":"has-post-thumbnail","6":"product_brand-joolz","7":"product_cat-wandelwagens","9":"first","10":"instock","11":"taxable","12":"shipping-taxable","13":"purchasable","14":"product-type-simple"},"_links":{"self":[{"href":"https:\/\/qiddo.be\/fr\/wp-json\/wp\/v2\/product\/8326","targetHints":{"allow":["GET"]}}],"collection":[{"href":"https:\/\/qiddo.be\/fr\/wp-json\/wp\/v2\/product"}],"about":[{"href":"https:\/\/qiddo.be\/fr\/wp-json\/wp\/v2\/types\/product"}],"replies":[{"embeddable":true,"href":"https:\/\/qiddo.be\/fr\/wp-json\/wp\/v2\/comments?post=8326"}],"version-history":[{"count":3,"href":"https:\/\/qiddo.be\/fr\/wp-json\/wp\/v2\/product\/8326\/revisions"}],"predecessor-version":[{"id":8991,"href":"https:\/\/qiddo.be\/fr\/wp-json\/wp\/v2\/product\/8326\/revisions\/8991"}],"wp:featuredmedia":[{"embeddable":true,"href":"https:\/\/qiddo.be\/fr\/wp-json\/wp\/v2\/media\/8988"}],"wp:attachment":[{"href":"https:\/\/qiddo.be\/fr\/wp-json\/wp\/v2\/media?parent=8326"}],"wp:term":[{"taxonomy":"product_brand","embeddable":true,"href":"https:\/\/qiddo.be\/fr\/wp-json\/wp\/v2\/product_brand?post=8326"},{"taxonomy":"product_cat","embeddable":true,"href":"https:\/\/qiddo.be\/fr\/wp-json\/wp\/v2\/product_cat?post=8326"},{"taxonomy":"product_tag","embeddable":true,"href":"https:\/\/qiddo.be\/fr\/wp-json\/wp\/v2\/product_tag?post=8326"}],"curies":[{"name":"wp","href":"https:\/\/api.w.org\/{rel}","templated":true}]}}