{"id":8328,"date":"2025-11-10T09:16:28","date_gmt":"2025-11-10T09:16:28","guid":{"rendered":"https:\/\/qiddo.be\/?post_type=product&#038;p=8328"},"modified":"2025-11-17T09:59:21","modified_gmt":"2025-11-17T09:59:21","slug":"bugaboo-buggy-butterfly-2","status":"publish","type":"product","link":"https:\/\/qiddo.be\/fr\/affaires-de-bebe\/embaucher\/bugaboo-buggy-butterfly-2\/","title":{"rendered":"Bugaboo buggy Butterfly 2"},"content":{"rendered":"<p><strong>Bugaboo buggy Butterfly 2<\/strong><\/p>\n<p data-start=\"175\" data-end=\"558\">La Bugaboo Butterfly 2 est la poussette de voyage id\u00e9ale pour les parents qui souhaitent allier libert\u00e9 maximale et confort haut de gamme. Gr\u00e2ce \u00e0 son syst\u00e8me de pliage en une seconde, la Butterfly 2 est pr\u00eate \u00e0 partir d\u00e8s que vous l'\u00eates. Cette poussette ultra-compacte est l\u00e9g\u00e8re, facile \u00e0 transporter et se range sans effort dans les compartiments de bagages \u00e0 main des compagnies a\u00e9riennes, dans les voitures ou dans les petits espaces de rangement.<\/p>\n<p data-start=\"560\" data-end=\"946\">Votre enfant profitera d'un si\u00e8ge spacieux et moelleux avec un dossier r\u00e9glable et une position de sommeil presque plate, id\u00e9ale pour les siestes en d\u00e9placement. La suspension souple de toutes les roues assure une conduite stable et confortable, m\u00eame sur des surfaces irr\u00e9guli\u00e8res. La Bugaboo Butterfly 2 est \u00e9galement \u00e9quip\u00e9e d'un tr\u00e8s grand pare-soleil avec UPF 50+ et d'un panier \u00e0 provisions g\u00e9n\u00e9reux qui offre un espace surprenant.<\/p>\n<p data-start=\"948\" data-end=\"1119\">Avec son design moderne, ses mat\u00e9riaux de haute qualit\u00e9 et sa facilit\u00e9 d'utilisation, la Butterfly 2 est la poussette des parents qui aiment voyager de mani\u00e8re flexible, \u00e9l\u00e9gante et confortable.<\/p>","protected":false},"excerpt":{"rendered":"<ul>\n<li data-start=\"1179\" data-end=\"1207\">\n<p data-start=\"1181\" data-end=\"1207\"><strong data-start=\"1181\" data-end=\"1205\">Pliage en 1 seconde<\/strong><\/p>\n<\/li>\n<li data-start=\"1208\" data-end=\"1243\">\n<p data-start=\"1210\" data-end=\"1243\"><strong data-start=\"1210\" data-end=\"1241\">Ultra-compact et l\u00e9ger<\/strong><\/p>\n<\/li>\n<li data-start=\"1276\" data-end=\"1306\">\n<p data-start=\"1278\" data-end=\"1306\"><strong data-start=\"1278\" data-end=\"1304\">Dossier r\u00e9glable<\/strong><\/p>\n<\/li>\n<li data-start=\"1307\" data-end=\"1331\">\n<p data-start=\"1309\" data-end=\"1331\"><strong data-start=\"1309\" data-end=\"1329\">Pare-soleil UPF 50<\/strong><\/p>\n<\/li>\n<li data-start=\"1332\" data-end=\"1369\">\n<p data-start=\"1334\" data-end=\"1369\"><strong data-start=\"1334\" data-end=\"1367\">Suspension souple sur toutes les roues<\/strong><\/p>\n<\/li>\n<li data-start=\"1370\" data-end=\"1393\">\n<p data-start=\"1372\" data-end=\"1393\"><strong data-start=\"1372\" data-end=\"1393\">Taille du bagage \u00e0 main<\/strong><\/p>\n<\/li>\n<\/ul>","protected":false},"featured_media":8997,"comment_status":"open","ping_status":"closed","template":"","meta":[],"product_brand":[],"product_cat":[15],"product_tag":[],"class_list":{"0":"post-8328","1":"product","2":"type-product","3":"status-publish","4":"has-post-thumbnail","6":"product_cat-uncategorized","8":"first","9":"instock","10":"taxable","11":"shipping-taxable","12":"product-type-simple"},"_links":{"self":[{"href":"https:\/\/qiddo.be\/fr\/wp-json\/wp\/v2\/product\/8328","targetHints":{"allow":["GET"]}}],"collection":[{"href":"https:\/\/qiddo.be\/fr\/wp-json\/wp\/v2\/product"}],"about":[{"href":"https:\/\/qiddo.be\/fr\/wp-json\/wp\/v2\/types\/product"}],"replies":[{"embeddable":true,"href":"https:\/\/qiddo.be\/fr\/wp-json\/wp\/v2\/comments?post=8328"}],"version-history":[{"count":3,"href":"https:\/\/qiddo.be\/fr\/wp-json\/wp\/v2\/product\/8328\/revisions"}],"predecessor-version":[{"id":8998,"href":"https:\/\/qiddo.be\/fr\/wp-json\/wp\/v2\/product\/8328\/revisions\/8998"}],"wp:featuredmedia":[{"embeddable":true,"href":"https:\/\/qiddo.be\/fr\/wp-json\/wp\/v2\/media\/8997"}],"wp:attachment":[{"href":"https:\/\/qiddo.be\/fr\/wp-json\/wp\/v2\/media?parent=8328"}],"wp:term":[{"taxonomy":"product_brand","embeddable":true,"href":"https:\/\/qiddo.be\/fr\/wp-json\/wp\/v2\/product_brand?post=8328"},{"taxonomy":"product_cat","embeddable":true,"href":"https:\/\/qiddo.be\/fr\/wp-json\/wp\/v2\/product_cat?post=8328"},{"taxonomy":"product_tag","embeddable":true,"href":"https:\/\/qiddo.be\/fr\/wp-json\/wp\/v2\/product_tag?post=8328"}],"curies":[{"name":"wp","href":"https:\/\/api.w.org\/{rel}","templated":true}]}}