{"id":8330,"date":"2025-11-10T09:16:28","date_gmt":"2025-11-10T09:16:28","guid":{"rendered":"https:\/\/qiddo.be\/?post_type=product&#038;p=8330"},"modified":"2025-11-19T12:47:53","modified_gmt":"2025-11-19T12:47:53","slug":"doona-convertible-portable-car-seat-group-0","status":"publish","type":"product","link":"https:\/\/qiddo.be\/fr\/affaires-de-bebe\/embaucher\/doona-convertible-portable-car-seat-group-0\/","title":{"rendered":"Doona Si\u00e8ge auto portable convertible Groupe 0+"},"content":{"rendered":"<p><strong>Doona Si\u00e8ge auto portable convertible Groupe 0+<\/strong><\/p>\n<p data-start=\"199\" data-end=\"581\">Le si\u00e8ge auto portable convertible Doona groupe 0+ est le premier si\u00e8ge auto au monde qui se transforme en une poussette compl\u00e8te d'un simple mouvement. Il est parfait pour les parents qui veulent un maximum de flexibilit\u00e9 sans avoir \u00e0 se soucier des pi\u00e8ces d\u00e9tach\u00e9es. Que vous fassiez une course rapide, que vous sortiez de la voiture dans la cour de l'\u00e9cole ou que vous voyagiez en avion, le Doona vous permettra d'\u00eatre pr\u00eat \u00e0 partir en quelques secondes.<\/p>\n<p data-start=\"583\" data-end=\"997\">Cette innovation allie une s\u00e9curit\u00e9 optimale \u00e0 une commodit\u00e9 in\u00e9gal\u00e9e. Le Doona est \u00e9quip\u00e9 d'un syst\u00e8me de harnais 5 points ultra-s\u00fbr, de mat\u00e9riaux absorbant les chocs et d'une poign\u00e9e r\u00e9glable qui sert \u00e9galement de barre anti-rebond pour une protection suppl\u00e9mentaire dans la voiture. Votre b\u00e9b\u00e9 est merveilleusement confortable gr\u00e2ce au coussin ergonomique pour la nuque, au rembourrage doux et au support stabilisateur qui favorise une posture naturelle.<\/p>\n<p data-start=\"999\" data-end=\"1158\">Avec son design compact, ses mat\u00e9riaux de qualit\u00e9 sup\u00e9rieure et sa fonctionnalit\u00e9 intuitive, le Doona offre aux parents la solution ultime pour voyager sans souci d\u00e8s la naissance.<\/p>","protected":false},"excerpt":{"rendered":"<ul>\n<li data-start=\"1218\" data-end=\"1250\">\n<p data-start=\"1220\" data-end=\"1250\">Si\u00e8ge auto et poussette en un<\/p>\n<\/li>\n<li data-start=\"1251\" data-end=\"1290\">\n<p data-start=\"1253\" data-end=\"1290\">Se plie en un seul geste<\/p>\n<\/li>\n<li data-start=\"1291\" data-end=\"1333\">\n<p data-start=\"1293\" data-end=\"1333\">Convient d\u00e8s la naissance Groupe 0+<\/p>\n<\/li>\n<li data-start=\"1334\" data-end=\"1373\">\n<p data-start=\"1336\" data-end=\"1373\">Harnais 5 points et haute s\u00e9curit\u00e9<\/p>\n<\/li>\n<li data-start=\"1374\" data-end=\"1421\">\n<p data-start=\"1376\" data-end=\"1421\">Support ergonomique confortable<\/p>\n<\/li>\n<li data-start=\"1422\" data-end=\"1458\">\n<p data-start=\"1424\" data-end=\"1458\"><strong data-start=\"1424\" data-end=\"1458\">Compact et id\u00e9al pour les voyages<\/strong><\/p>\n<\/li>\n<\/ul>","protected":false},"featured_media":9004,"comment_status":"open","ping_status":"closed","template":"","meta":[],"product_brand":[135],"product_cat":[81,79],"product_tag":[],"class_list":{"0":"post-8330","1":"product","2":"type-product","3":"status-publish","4":"has-post-thumbnail","6":"product_brand-doona","7":"product_cat-autostoelen","8":"product_cat-wandelwagens","10":"first","11":"instock","12":"taxable","13":"shipping-taxable","14":"purchasable","15":"product-type-simple"},"_links":{"self":[{"href":"https:\/\/qiddo.be\/fr\/wp-json\/wp\/v2\/product\/8330","targetHints":{"allow":["GET"]}}],"collection":[{"href":"https:\/\/qiddo.be\/fr\/wp-json\/wp\/v2\/product"}],"about":[{"href":"https:\/\/qiddo.be\/fr\/wp-json\/wp\/v2\/types\/product"}],"replies":[{"embeddable":true,"href":"https:\/\/qiddo.be\/fr\/wp-json\/wp\/v2\/comments?post=8330"}],"version-history":[{"count":4,"href":"https:\/\/qiddo.be\/fr\/wp-json\/wp\/v2\/product\/8330\/revisions"}],"predecessor-version":[{"id":9032,"href":"https:\/\/qiddo.be\/fr\/wp-json\/wp\/v2\/product\/8330\/revisions\/9032"}],"wp:featuredmedia":[{"embeddable":true,"href":"https:\/\/qiddo.be\/fr\/wp-json\/wp\/v2\/media\/9004"}],"wp:attachment":[{"href":"https:\/\/qiddo.be\/fr\/wp-json\/wp\/v2\/media?parent=8330"}],"wp:term":[{"taxonomy":"product_brand","embeddable":true,"href":"https:\/\/qiddo.be\/fr\/wp-json\/wp\/v2\/product_brand?post=8330"},{"taxonomy":"product_cat","embeddable":true,"href":"https:\/\/qiddo.be\/fr\/wp-json\/wp\/v2\/product_cat?post=8330"},{"taxonomy":"product_tag","embeddable":true,"href":"https:\/\/qiddo.be\/fr\/wp-json\/wp\/v2\/product_tag?post=8330"}],"curies":[{"name":"wp","href":"https:\/\/api.w.org\/{rel}","templated":true}]}}