{"id":8332,"date":"2025-11-10T09:16:28","date_gmt":"2025-11-10T09:16:28","guid":{"rendered":"https:\/\/qiddo.be\/?post_type=product&#038;p=8332"},"modified":"2025-11-19T12:53:12","modified_gmt":"2025-11-19T12:53:12","slug":"couvre-pieds-doona-pour-siege-auto-portable-convertible-doona","status":"publish","type":"product","link":"https:\/\/qiddo.be\/fr\/affaires-de-bebe\/embaucher\/couvre-pieds-doona-pour-siege-auto-portable-convertible-doona\/","title":{"rendered":"Chanceli\u00e8re Doona pour si\u00e8ge auto portable convertible Doona"},"content":{"rendered":"<p><strong>Chanceli\u00e8re Doona pour si\u00e8ge auto portable convertible Doona<\/strong><\/p>\n<p data-start=\"210\" data-end=\"643\">La chanceli\u00e8re Doona est sp\u00e9cialement con\u00e7ue pour garder votre b\u00e9b\u00e9 au chaud, \u00e0 l'aise et prot\u00e9g\u00e9 en toute saison. Parfaitement adapt\u00e9e au si\u00e8ge-auto portable convertible Doona, cette luxueuse chanceli\u00e8re s'ajuste parfaitement sans nuire \u00e0 la facilit\u00e9 d'utilisation du Doona. L'int\u00e9rieur doux, doubl\u00e9 d'un rev\u00eatement thermique, conserve efficacement la chaleur, tandis que la couche ext\u00e9rieure d\u00e9perlante offre une protection contre le vent, la pluie et le froid.<\/p>\n<p data-start=\"645\" data-end=\"1009\">La fermeture \u00e9clair astucieuse permet d'ouvrir ou d'enlever facilement la chanceli\u00e8re, m\u00eame lorsque votre enfant est d\u00e9j\u00e0 attach\u00e9. Le mat\u00e9riau de haute qualit\u00e9 est doux pour votre b\u00e9b\u00e9 et reste beau m\u00eame en cas d'utilisation quotidienne. La chanceli\u00e8re Doona est id\u00e9ale pour les parents qui aiment sortir sans souci, que ce soit pour une promenade en hiver, un trajet en voiture ou une petite course.<\/p>","protected":false},"excerpt":{"rendered":"<article class=\"text-token-text-primary w-full focus:outline-none [--shadow-height:45px] has-data-writing-block:pointer-events-none has-data-writing-block:-mt-(--shadow-height) has-data-writing-block:pt-(--shadow-height) [&amp;:has([data-writing-block])&gt;*]:pointer-events-auto [content-visibility:auto] supports-[content-visibility:auto]:[contain-intrinsic-size:auto_100lvh] scroll-mt-[calc(var(--header-height)+min(200px,max(70px,20svh)))]\" dir=\"auto\" tabindex=\"-1\" data-turn-id=\"request-WEB:7b439c4f-02ec-49d7-854d-f98649a80155-7\" data-testid=\"conversation-turn-16\" data-scroll-anchor=\"true\" data-turn=\"assistant\">\n<ul>\n<li>Une taille parfaite pour Doona<\/li>\n<li>Chaud et confortable<\/li>\n<li>D\u00e9perlant et coupe-vent<\/li>\n<li>Id\u00e9al pour les journ\u00e9es froides<\/li>\n<li>Ouverture\/retrait facile<\/li>\n<\/ul>\n<div class=\"text-base my-auto mx-auto pb-10 [--thread-content-margin:--spacing(4)] thread-sm:[--thread-content-margin:--spacing(6)] thread-lg:[--thread-content-margin:--spacing(16)] px-(--thread-content-margin)\">\n<div class=\"[--thread-content-max-width:40rem] thread-lg:[--thread-content-max-width:48rem] mx-auto max-w-(--thread-content-max-width) flex-1 group\/turn-messages focus-visible:outline-hidden relative flex w-full min-w-0 flex-col agent-turn\" tabindex=\"-1\">\n<div class=\"flex max-w-full flex-col grow\">\n<div class=\"min-h-8 text-message relative flex w-full flex-col items-end gap-2 text-start break-words whitespace-normal [.text-message+&amp;]:mt-1\" dir=\"auto\" data-message-author-role=\"assistant\" data-message-id=\"f3d5c71d-2730-4721-849b-480d445e2ba9\" data-message-model-slug=\"gpt-5-1\">\n<div class=\"flex w-full flex-col gap-1 empty:hidden first:pt-[1px]\">\n<div class=\"markdown prose dark:prose-invert w-full break-words light markdown-new-styling\"><\/div>\n<\/div>\n<\/div>\n<\/div>\n<div class=\"z-0 flex min-h-[46px] justify-start\"><\/div>\n<div class=\"mt-3 w-full empty:hidden\">\n<div class=\"text-center\"><\/div>\n<\/div>\n<\/div>\n<\/div>\n<\/article>\n<div class=\"pointer-events-none h-px w-px\" aria-hidden=\"true\" data-edge=\"true\"><\/div>","protected":false},"featured_media":9012,"comment_status":"open","ping_status":"closed","template":"","meta":[],"product_brand":[135],"product_cat":[81,79],"product_tag":[],"class_list":{"0":"post-8332","1":"product","2":"type-product","3":"status-publish","4":"has-post-thumbnail","6":"product_brand-doona","7":"product_cat-autostoelen","8":"product_cat-wandelwagens","10":"first","11":"instock","12":"taxable","13":"shipping-taxable","14":"purchasable","15":"product-type-simple"},"_links":{"self":[{"href":"https:\/\/qiddo.be\/fr\/wp-json\/wp\/v2\/product\/8332","targetHints":{"allow":["GET"]}}],"collection":[{"href":"https:\/\/qiddo.be\/fr\/wp-json\/wp\/v2\/product"}],"about":[{"href":"https:\/\/qiddo.be\/fr\/wp-json\/wp\/v2\/types\/product"}],"replies":[{"embeddable":true,"href":"https:\/\/qiddo.be\/fr\/wp-json\/wp\/v2\/comments?post=8332"}],"version-history":[{"count":4,"href":"https:\/\/qiddo.be\/fr\/wp-json\/wp\/v2\/product\/8332\/revisions"}],"predecessor-version":[{"id":9015,"href":"https:\/\/qiddo.be\/fr\/wp-json\/wp\/v2\/product\/8332\/revisions\/9015"}],"wp:featuredmedia":[{"embeddable":true,"href":"https:\/\/qiddo.be\/fr\/wp-json\/wp\/v2\/media\/9012"}],"wp:attachment":[{"href":"https:\/\/qiddo.be\/fr\/wp-json\/wp\/v2\/media?parent=8332"}],"wp:term":[{"taxonomy":"product_brand","embeddable":true,"href":"https:\/\/qiddo.be\/fr\/wp-json\/wp\/v2\/product_brand?post=8332"},{"taxonomy":"product_cat","embeddable":true,"href":"https:\/\/qiddo.be\/fr\/wp-json\/wp\/v2\/product_cat?post=8332"},{"taxonomy":"product_tag","embeddable":true,"href":"https:\/\/qiddo.be\/fr\/wp-json\/wp\/v2\/product_tag?post=8332"}],"curies":[{"name":"wp","href":"https:\/\/api.w.org\/{rel}","templated":true}]}}