{"id":8334,"date":"2025-11-10T09:16:28","date_gmt":"2025-11-10T09:16:28","guid":{"rendered":"https:\/\/qiddo.be\/?post_type=product&#038;p=8334"},"modified":"2025-11-24T10:51:25","modified_gmt":"2025-11-24T10:51:25","slug":"siege-auto-maxi-cosi-emerald-360-pro","status":"publish","type":"product","link":"https:\/\/qiddo.be\/fr\/affaires-de-bebe\/embaucher\/siege-auto-maxi-cosi-emerald-360-pro\/","title":{"rendered":"Si\u00e8ge auto Maxi-Cosi Emerald 360 Pro"},"content":{"rendered":"<p><strong>Si\u00e8ge auto Maxi-Cosi Emerald 360 Pro<\/strong><\/p>\n<p>Le si\u00e8ge Emerald 360 Pro de Maxi-Cosi est con\u00e7u pour les parents qui recherchent un si\u00e8ge auto capable de tout faire. De la toute premi\u00e8re balade avec votre nouveau-n\u00e9 jusqu'au moment o\u00f9 votre enfant grandit de mani\u00e8re autonome vers la phase de l'adolescence - ce si\u00e8ge vous accompagnera en toute s\u00e9curit\u00e9, confortablement et sans effort pendant 12 ans. Le Emerald 360 Pro repr\u00e9sente le meilleur de Maxi-Cosi : une technologie de pointe, une finition haut de gamme et une facilit\u00e9 d'utilisation sans pr\u00e9c\u00e9dent.<\/p>\n<p><strong>Une chaise pour tous les \u00e2ges - de la naissance \u00e0 12 ans<\/strong><\/p>\n<p>Avec une port\u00e9e impressionnante de 40 \u00e0 150 cm, le Emerald 360 Pro offre une solution d'avenir qui rend inutile le changement de si\u00e8ge auto. Le harnais est utilis\u00e9 jusqu'\u00e0 105 cm, apr\u00e8s quoi le si\u00e8ge grandit avec vous en tant que rehausseur \u00e0 dossier haut. Ce syst\u00e8me de croissance fait de ce produit la solution id\u00e9ale pour les familles qui souhaitent investir dans la durabilit\u00e9 et la qualit\u00e9.<\/p>\n<p><strong>SlideTech\u00ae - La nouvelle norme en mati\u00e8re de facilit\u00e9 d'utilisation<\/strong><\/p>\n<p>Comme pour tous les mod\u00e8les 360 Pro, Maxi-Cosi fait passer l'utilisation quotidienne \u00e0 un niveau sup\u00e9rieur gr\u00e2ce \u00e0 SlideTech\u00ae.<br \/>\nVous faites coulisser le si\u00e8ge jusqu'\u00e0 17 cm vers vous, ce qui facilite l'entr\u00e9e et la sortie de l'enfant, tout en \u00e9tant ergonomique. Pas de dos tordu, pas de man\u0153uvres compliqu\u00e9es : il suffit d'attacher tranquillement votre enfant, m\u00eame s'il grandit.<\/p>\n<p>Une s\u00e9curit\u00e9 optimale - chaque jour, \u00e0 chaque \u00e9tape<\/p>\n<p>Le Emerald 360 Pro est conforme \u00e0 la derni\u00e8re norme de s\u00e9curit\u00e9 i-Size (R129\/03) et est \u00e9quip\u00e9 de la technologie de retenue Maxi-Cosi la plus avanc\u00e9e :<\/p>\n<ul>\n<li>La protection lat\u00e9rale G-CELL 2.0 disperse les forces d'un impact pour maximiser l'absorption d'\u00e9nergie.<\/li>\n<li>Les coussins d'appui-t\u00eate AirProtect\u00ae r\u00e9duisent le risque de blessure \u00e0 la t\u00eate en cas d'impact<\/li>\n<li>ISOFIX + Top Tether stabilisent fermement le si\u00e8ge dans la voiture<\/li>\n<li>Structure extra-forte avec coque renforc\u00e9e<\/li>\n<\/ul>\n<p>Qu'il s'agisse d'un long trajet en voiture ou d'un saut \u00e0 l'\u00e9cole, vous voyagez avec la certitude que votre enfant est prot\u00e9g\u00e9 de mani\u00e8re optimale.<\/p>\n<p><strong>Un confort qui grandit avec votre enfant<\/strong><\/p>\n<p>L'Emerald 360 Pro est con\u00e7u pour les v\u00e9ritables trajets quotidiens - courts arr\u00eats, longues vacances, \u00e9t\u00e9s chauds ou hivers froids :<\/p>\n<ul>\n<li>La ventilation ClimaFlow assure une circulation d'air frais<\/li>\n<li>Eco Care - les tissus de premi\u00e8re qualit\u00e9 sont doux au toucher et produits de mani\u00e8re durable<\/li>\n<li>Les multiples positions de couchage offrent des temps de repos optimaux pour les jeunes enfants.<\/li>\n<li>Un insert de soutien pour nouveau-n\u00e9 assure la s\u00e9curit\u00e9 ergonomique des plus petits.<\/li>\n<li>La chaise continue de pivoter, de s'incliner et de s'ajuster m\u00eame lorsque les enfants grandissent.<\/li>\n<\/ul>\n<p>&nbsp;<\/p>","protected":false},"excerpt":{"rendered":"<ul>\n<li>De 40 cm \u00e0 150 cm (environ de la naissance \u00e0 12 ans).<\/li>\n<li>S\u00e9curit\u00e9 de haut niveau : conforme \u00e0 la derni\u00e8re norme i-Size (R129\/03), avec protection lat\u00e9rale G-CELL int\u00e9gr\u00e9e et coussins AirProtect\u00ae pour une protection suppl\u00e9mentaire en cas de collision.<\/li>\n<li>Un confort qui grandit avec vous : appui-t\u00eate r\u00e9glable, multiples positions de couchage, tissus Eco Care (recycl\u00e9s) et zones de ventilation ClimaFlow garantissent des promenades paisibles en toute saison.<\/li>\n<\/ul>","protected":false},"featured_media":8639,"comment_status":"open","ping_status":"closed","template":"","meta":[],"product_brand":[85],"product_cat":[81],"product_tag":[],"class_list":{"0":"post-8334","1":"product","2":"type-product","3":"status-publish","4":"has-post-thumbnail","6":"product_brand-maxi-cosi","7":"product_cat-autostoelen","9":"first","10":"instock","11":"taxable","12":"shipping-taxable","13":"purchasable","14":"product-type-simple"},"_links":{"self":[{"href":"https:\/\/qiddo.be\/fr\/wp-json\/wp\/v2\/product\/8334","targetHints":{"allow":["GET"]}}],"collection":[{"href":"https:\/\/qiddo.be\/fr\/wp-json\/wp\/v2\/product"}],"about":[{"href":"https:\/\/qiddo.be\/fr\/wp-json\/wp\/v2\/types\/product"}],"replies":[{"embeddable":true,"href":"https:\/\/qiddo.be\/fr\/wp-json\/wp\/v2\/comments?post=8334"}],"version-history":[{"count":3,"href":"https:\/\/qiddo.be\/fr\/wp-json\/wp\/v2\/product\/8334\/revisions"}],"predecessor-version":[{"id":8640,"href":"https:\/\/qiddo.be\/fr\/wp-json\/wp\/v2\/product\/8334\/revisions\/8640"}],"wp:featuredmedia":[{"embeddable":true,"href":"https:\/\/qiddo.be\/fr\/wp-json\/wp\/v2\/media\/8639"}],"wp:attachment":[{"href":"https:\/\/qiddo.be\/fr\/wp-json\/wp\/v2\/media?parent=8334"}],"wp:term":[{"taxonomy":"product_brand","embeddable":true,"href":"https:\/\/qiddo.be\/fr\/wp-json\/wp\/v2\/product_brand?post=8334"},{"taxonomy":"product_cat","embeddable":true,"href":"https:\/\/qiddo.be\/fr\/wp-json\/wp\/v2\/product_cat?post=8334"},{"taxonomy":"product_tag","embeddable":true,"href":"https:\/\/qiddo.be\/fr\/wp-json\/wp\/v2\/product_tag?post=8334"}],"curies":[{"name":"wp","href":"https:\/\/api.w.org\/{rel}","templated":true}]}}