{"id":8336,"date":"2025-11-10T09:16:28","date_gmt":"2025-11-10T09:16:28","guid":{"rendered":"https:\/\/qiddo.be\/?post_type=product&#038;p=8336"},"modified":"2025-11-24T11:00:04","modified_gmt":"2025-11-24T11:00:04","slug":"siege-auto-maxi-cosi-titan-pro-i-taille","status":"publish","type":"product","link":"https:\/\/qiddo.be\/fr\/affaires-de-bebe\/embaucher\/siege-auto-maxi-cosi-titan-pro-i-taille\/","title":{"rendered":"Si\u00e8ge auto Maxi-Cosi Titan Pro 2 i-Size"},"content":{"rendered":"<p><strong>Maxi-Cosi Titan Pro 2 i-Size<\/strong><\/p>\n<p>Le Maxi-Cosi Titan Pro 2 i-Size est con\u00e7u pour les familles qui ne veulent pas faire de compromis sur la s\u00e9curit\u00e9, le confort ou le style. Associant des technologies avanc\u00e9es \u00e0 un design \u00e9l\u00e9gant, ce si\u00e8ge auto pluriannuel est parfait pour les enfants de 15 mois \u00e0 12 ans.<\/p>\n<p>L\u00e0 o\u00f9 les si\u00e8ges auto pour b\u00e9b\u00e9s s'arr\u00eatent, le Titan Pro 2 i-Size commence. Ce si\u00e8ge s'adapte parfaitement \u00e0 chaque \u00e9tape de la croissance : du tout-petit \u00e0 l'enfant d'\u00e2ge pr\u00e9scolaire, de l'enfant de l'\u00e9cole primaire au pr\u00e9-adolescent. Le harnais r\u00e9glable, l'appui-t\u00eate \u00e9volutif et l'assise spacieuse en font l'un des si\u00e8ges auto les plus polyvalents du march\u00e9.<\/p>\n<p>Propri\u00e9t\u00e9s techniques :<\/p>\n<ul>\n<li>Type de produit : Si\u00e8ge auto pour enfant (groupe 1\/2\/3)<\/li>\n<li>\u00c2ge de l'enfant : 15 mois - 12 ans<\/li>\n<li>Taille de l'enfant : 76 - 150 cm<\/li>\n<li>Poids de l'enfant : 9 - 36 kg<\/li>\n<li>Normalisation : i-Size (UN R129\/03)<\/li>\n<li>Fixation : ISOFIX + Top Tether<\/li>\n<\/ul>","protected":false},"excerpt":{"rendered":"<ul>\n<li>Le Maxi-Cosi Titan Pro i-Size est le si\u00e8ge auto qui grandit avec votre famille. Du tout-petit \u00e0 l'adolescent : s\u00e9curit\u00e9 optimale, confort et style, dans un design puissant.<\/li>\n<li>Technologie de s\u00e9curit\u00e9 avanc\u00e9e telle que G-CELL 2.0 pour la protection contre les chocs lat\u00e9raux et les coussins de s\u00e9curit\u00e9 AirProtect\u00ae dans l'appui-t\u00eate, qui peuvent r\u00e9duire le risque de blessure \u00e0 la t\u00eate \u00e0 environ 20 %.<\/li>\n<li>Installable via ISOFIX et Top Tether : solidement ancr\u00e9 dans la voiture, stable et fiable.<\/li>\n<\/ul>","protected":false},"featured_media":8631,"comment_status":"open","ping_status":"closed","template":"","meta":[],"product_brand":[85],"product_cat":[81],"product_tag":[],"class_list":{"0":"post-8336","1":"product","2":"type-product","3":"status-publish","4":"has-post-thumbnail","6":"product_brand-maxi-cosi","7":"product_cat-autostoelen","9":"first","10":"instock","11":"taxable","12":"shipping-taxable","13":"purchasable","14":"product-type-simple"},"_links":{"self":[{"href":"https:\/\/qiddo.be\/fr\/wp-json\/wp\/v2\/product\/8336","targetHints":{"allow":["GET"]}}],"collection":[{"href":"https:\/\/qiddo.be\/fr\/wp-json\/wp\/v2\/product"}],"about":[{"href":"https:\/\/qiddo.be\/fr\/wp-json\/wp\/v2\/types\/product"}],"replies":[{"embeddable":true,"href":"https:\/\/qiddo.be\/fr\/wp-json\/wp\/v2\/comments?post=8336"}],"version-history":[{"count":5,"href":"https:\/\/qiddo.be\/fr\/wp-json\/wp\/v2\/product\/8336\/revisions"}],"predecessor-version":[{"id":9174,"href":"https:\/\/qiddo.be\/fr\/wp-json\/wp\/v2\/product\/8336\/revisions\/9174"}],"wp:featuredmedia":[{"embeddable":true,"href":"https:\/\/qiddo.be\/fr\/wp-json\/wp\/v2\/media\/8631"}],"wp:attachment":[{"href":"https:\/\/qiddo.be\/fr\/wp-json\/wp\/v2\/media?parent=8336"}],"wp:term":[{"taxonomy":"product_brand","embeddable":true,"href":"https:\/\/qiddo.be\/fr\/wp-json\/wp\/v2\/product_brand?post=8336"},{"taxonomy":"product_cat","embeddable":true,"href":"https:\/\/qiddo.be\/fr\/wp-json\/wp\/v2\/product_cat?post=8336"},{"taxonomy":"product_tag","embeddable":true,"href":"https:\/\/qiddo.be\/fr\/wp-json\/wp\/v2\/product_tag?post=8336"}],"curies":[{"name":"wp","href":"https:\/\/api.w.org\/{rel}","templated":true}]}}