{"id":8338,"date":"2025-11-10T09:16:28","date_gmt":"2025-11-10T09:16:28","guid":{"rendered":"https:\/\/qiddo.be\/?post_type=product&#038;p=8338"},"modified":"2025-11-28T14:39:24","modified_gmt":"2025-11-28T14:39:24","slug":"siege-auto-maxi-cosi-rodifix-pro-2-i-taille-35-ans-a-12-ans","status":"publish","type":"product","link":"https:\/\/qiddo.be\/fr\/affaires-de-bebe\/embaucher\/siege-auto-maxi-cosi-rodifix-pro-2-i-taille-35-ans-a-12-ans\/","title":{"rendered":"Maxi-Cosi Si\u00e8ge auto RodiFix Pro 2 i-Size | 3,5 ans \u00e0 12 ans"},"content":{"rendered":"<p><strong>Maxi-Cosi Si\u00e8ge auto RodiFix Pro 2 i-Size | 3,5 ans \u00e0 12 ans<\/strong><\/p>\n<p data-start=\"1026\" data-end=\"1467\">Le si\u00e8ge Maxi-Cosi RodiFix Pro 2 i-Size est con\u00e7u pour transporter les enfants de 3,5 \u00e0 12 ans en toute s\u00e9curit\u00e9, confortablement et surtout facilement dans la voiture. Gr\u00e2ce \u00e0 la r\u00e9glementation i-Size (R129), ce si\u00e8ge r\u00e9pond aux normes de s\u00e9curit\u00e9 les plus strictes. Le syst\u00e8me innovant de protection lat\u00e9rale G-CELL 2.0 absorbe les forces en cas de collision et la technologie unique AirProtect\u00ae de l'appui-t\u00eate offre une protection suppl\u00e9mentaire pour la t\u00eate et le cou.<\/p>\n<p data-start=\"1469\" data-end=\"1850\">Le confort est au c\u0153ur du RodiFix Pro 2 i-Size. Le si\u00e8ge est \u00e9quip\u00e9 de panneaux ClimaFlow, qui assurent une ventilation optimale, permettant \u00e0 votre enfant de rester au frais et \u00e0 l'aise, m\u00eame lors de longs trajets. Le dossier r\u00e9glable et l'appui-t\u00eate GrowSafe s'adaptent sans effort \u00e0 la taille de votre enfant, de sorte que le si\u00e8ge-auto grandit litt\u00e9ralement avec lui - jusqu'\u00e0 12 ans.<\/p>\n<p data-start=\"1852\" data-end=\"2180\">Gr\u00e2ce \u00e0 la fixation ISOFIX, vous placez le si\u00e8ge dans la voiture de mani\u00e8re rapide, stable et s\u00fbre. Les crochets de ceinture EasyGlide vous aident \u00e0 positionner correctement la ceinture du si\u00e8ge auto, ce qui permet aux enfants de s'attacher facilement. Pour plus de commodit\u00e9, la housse est amovible et lavable, id\u00e9ale pour les miettes et les petits accidents.<\/p>\n<p data-start=\"2182\" data-end=\"2345\">Choisissez le Maxi-Cosi RodiFix Pro 2 i-Size et offrez \u00e0 votre enfant un si\u00e8ge auto confortable, s\u00fbr et \u00e9volutif dont vous profiterez pendant des ann\u00e9es.<\/p>","protected":false},"excerpt":{"rendered":"<blockquote>\n<ul>\n<li>Conception de la croissance<\/li>\n<li>Protection suppl\u00e9mentaire de la t\u00eate et des c\u00f4t\u00e9s<\/li>\n<li>Tissu ClimaFlow ventil\u00e9<\/li>\n<li>T\u00eate et dossier r\u00e9glables<\/li>\n<li>Si\u00e8ge auto l\u00e9ger, facile \u00e0 d\u00e9placer<\/li>\n<\/ul>\n<\/blockquote>","protected":false},"featured_media":9206,"comment_status":"open","ping_status":"closed","template":"","meta":[],"product_brand":[85],"product_cat":[81],"product_tag":[],"class_list":{"0":"post-8338","1":"product","2":"type-product","3":"status-publish","4":"has-post-thumbnail","6":"product_brand-maxi-cosi","7":"product_cat-autostoelen","9":"first","10":"instock","11":"taxable","12":"shipping-taxable","13":"product-type-simple"},"_links":{"self":[{"href":"https:\/\/qiddo.be\/fr\/wp-json\/wp\/v2\/product\/8338","targetHints":{"allow":["GET"]}}],"collection":[{"href":"https:\/\/qiddo.be\/fr\/wp-json\/wp\/v2\/product"}],"about":[{"href":"https:\/\/qiddo.be\/fr\/wp-json\/wp\/v2\/types\/product"}],"replies":[{"embeddable":true,"href":"https:\/\/qiddo.be\/fr\/wp-json\/wp\/v2\/comments?post=8338"}],"version-history":[{"count":3,"href":"https:\/\/qiddo.be\/fr\/wp-json\/wp\/v2\/product\/8338\/revisions"}],"predecessor-version":[{"id":9211,"href":"https:\/\/qiddo.be\/fr\/wp-json\/wp\/v2\/product\/8338\/revisions\/9211"}],"wp:featuredmedia":[{"embeddable":true,"href":"https:\/\/qiddo.be\/fr\/wp-json\/wp\/v2\/media\/9206"}],"wp:attachment":[{"href":"https:\/\/qiddo.be\/fr\/wp-json\/wp\/v2\/media?parent=8338"}],"wp:term":[{"taxonomy":"product_brand","embeddable":true,"href":"https:\/\/qiddo.be\/fr\/wp-json\/wp\/v2\/product_brand?post=8338"},{"taxonomy":"product_cat","embeddable":true,"href":"https:\/\/qiddo.be\/fr\/wp-json\/wp\/v2\/product_cat?post=8338"},{"taxonomy":"product_tag","embeddable":true,"href":"https:\/\/qiddo.be\/fr\/wp-json\/wp\/v2\/product_tag?post=8338"}],"curies":[{"name":"wp","href":"https:\/\/api.w.org\/{rel}","templated":true}]}}