{"id":8340,"date":"2025-11-10T09:16:28","date_gmt":"2025-11-10T09:16:28","guid":{"rendered":"https:\/\/qiddo.be\/?post_type=product&#038;p=8340"},"modified":"2025-11-20T08:10:30","modified_gmt":"2025-11-20T08:10:30","slug":"siege-auto-maxi-cosi-pebble-360-pro-2","status":"publish","type":"product","link":"https:\/\/qiddo.be\/fr\/affaires-de-bebe\/embaucher\/siege-auto-maxi-cosi-pebble-360-pro-2\/","title":{"rendered":"Si\u00e8ge auto Maxi-Cosi Pebble 360 Pro 2"},"content":{"rendered":"<p><strong>Si\u00e8ge auto Maxi-Cosi Pebble 360 Pro\u00b2<\/strong><\/p>\n<p>Donnez \u00e0 votre b\u00e9b\u00e9 le meilleur d\u00e9part avec le Maxi-Cosi Pebble 360 Pro\u00b2 - le si\u00e8ge auto qui combine s\u00e9curit\u00e9, ergonomie et luxe dans un design moderne et convivial. Ce si\u00e8ge auto de derni\u00e8re g\u00e9n\u00e9ration de Maxi-Cosi a \u00e9t\u00e9 d\u00e9velopp\u00e9 pour les parents qui recherchent le maximum de confort et d'innovation. Chaque d\u00e9tail, du choix des mat\u00e9riaux \u00e0 la libert\u00e9 de mouvement et \u00e0 la s\u00e9curit\u00e9, a \u00e9t\u00e9 con\u00e7u pour rendre vos premiers trajets en voiture aussi faciles et agr\u00e9ables que possible.<\/p>\n<p><strong>L'innovation qui fait la diff\u00e9rence<\/strong><br \/>\nLe Pebble 360 Pro\u00b2 fait partie du syst\u00e8me familial 360 Pro et - en combinaison avec la base ad\u00e9quate - peut pivoter et glisser enti\u00e8rement vers vous gr\u00e2ce \u00e0 la technologie unique SlideTech\u00ae. Vous pouvez ainsi soulever votre b\u00e9b\u00e9 calmement, de mani\u00e8re ergonomique et sans vous pencher artificiellement pour entrer et sortir de la voiture. Une r\u00e9volution pour les parents qui souhaitent que les d\u00e9placements quotidiens en voiture se fassent sans effort.<\/p>\n<p><strong>Confort pour votre b\u00e9b\u00e9, commodit\u00e9 pour vous<\/strong><br \/>\nLe confort d'assise et de couchage est de premier ordre. La position inclin\u00e9e \u00e0 plat permet \u00e0 votre b\u00e9b\u00e9 de dormir de mani\u00e8re ergonomique, m\u00eame \u00e0 l'ext\u00e9rieur de la voiture - id\u00e9al lorsque vous \u00eates sur la route et que vous ne voulez pas r\u00e9veiller votre b\u00e9b\u00e9. Les zones de ventilation ClimaFlow et les tissus respirants innovants r\u00e9gulent la temp\u00e9rature, pour que votre b\u00e9b\u00e9 n'ait jamais trop chaud ou trop froid.<\/p>\n<p>La chaise est douce, luxueuse et de grande qualit\u00e9 gr\u00e2ce \u00e0 l'utilisation de tissus de premi\u00e8re qualit\u00e9, y compris des mat\u00e9riaux recycl\u00e9s sous le label Eco Care. Tout a \u00e9t\u00e9 pens\u00e9 : de l'auvent solaire UPF 50+ extra-large \u00e0 l'insert pour nouveau-n\u00e9 soigneusement con\u00e7u pour soutenir votre nouveau-n\u00e9 en toute s\u00e9curit\u00e9.<\/p>\n<p><strong>La s\u00e9curit\u00e9 dans toutes les directions<\/strong><br \/>\nLe Maxi-Cosi Pebble 360 Pro\u00b2 est conforme aux strictes r\u00e9glementations i-Size (R129) et offre une protection int\u00e9grale avanc\u00e9e : La protection contre les chocs lat\u00e9raux G-CELL 2.0 absorbe l'\u00e9nergie en cas de choc lat\u00e9ral. Transport vers l'arri\u00e8re jusqu'\u00e0 18 mois environ - la fa\u00e7on la plus s\u00fbre de voyager. Ceintures robustes et bien ajust\u00e9es, d'utilisation intuitive. Vous pouvez donc \u00eatre s\u00fbr que votre b\u00e9b\u00e9 b\u00e9n\u00e9ficie d'une protection optimale \u00e0 chaque voyage.<\/p>\n<p><strong>La commodit\u00e9 en mouvement, jour apr\u00e8s jour<\/strong><br \/>\nLe Pebble 360 Pro\u00b2 est con\u00e7u pour faciliter la vie des parents : le si\u00e8ge pivote \u00e0 360\u00b0 sans effort et d'une seule main, m\u00eame si votre b\u00e9b\u00e9 est d\u00e9j\u00e0 un peu plus lourd. Gr\u00e2ce \u00e0 SlideTech\u00ae, vous pouvez faire glisser le si\u00e8ge jusqu'\u00e0 17 cm vers vous - plus besoin de se tordre ou de s'\u00e9tirer. Compatible avec les poussettes de Maxi-Cosi et d'autres marques gr\u00e2ce \u00e0 sa conception modulaire. L\u00e9ger et facile \u00e0 transporter en dehors de la voiture. Ce si\u00e8ge auto est donc id\u00e9al pour les familles occup\u00e9es, pour un usage quotidien ou pour les longs voyages.<\/p>\n<p>Caract\u00e9ristiques techniques<\/p>\n<ul>\n<li>Poids du si\u00e8ge auto : 4,7-5,0 kg<\/li>\n<li>Dimensions : 44 \u00d7 44 \u00d7 67 cm (HxLxP)<\/li>\n<li>Base non incluse (\u00e0 louer s\u00e9par\u00e9ment)<\/li>\n<li>Cat\u00e9gorie de produit : Si\u00e8ge auto pour b\u00e9b\u00e9 (groupe 0+)<\/li>\n<li>\u00c2ge\/longueur : 40-87 cm (environ 0-18 mois)<\/li>\n<li>Poids du b\u00e9b\u00e9 : jusqu'\u00e0 13 kg<\/li>\n<li>Compatible avec : Base Maxi-Cosi FamilyFix 360 Pro (pour SlideTech\u00ae + rotation \u00e0 360\u00b0)<\/li>\n<\/ul>","protected":false},"excerpt":{"rendered":"<ul>\n<li>Voyage arri\u00e8re complet : convient aux b\u00e9b\u00e9s d'environ 40 cm \u00e0 87 cm (environ 0-18 mois).<\/li>\n<li>Technologie innovante SlideTech\u00ae : en combinaison avec la base appropri\u00e9e, le si\u00e8ge peut glisser jusqu'\u00e0 17 cm vers vous - ce qui rend le chargement et le d\u00e9chargement plus faciles et plus ergonomiques.<\/li>\n<li>S\u00e9curit\u00e9 maximale : conforme \u00e0 la norme i-Size (UN R129\/03), avec protection lat\u00e9rale G-CELL et ventilation ClimaFlow pour un confort optimal.<\/li>\n<li>Fonction de rotation \u00e0 360\u00b0 (en combinaison avec la base) : tourner, soulever, placer - tout est plus facile pour les parents.<\/li>\n<li>Confort pour chaque trajet : position allong\u00e9e, tissu en maille respirante, toit solaire suppl\u00e9mentaire avec UPF50+ - pour que votre b\u00e9b\u00e9 puisse dormir ou se d\u00e9tendre, en d\u00e9placement ou sur le chemin de la poussette.<\/li>\n<\/ul>","protected":false},"featured_media":8625,"comment_status":"open","ping_status":"closed","template":"","meta":[],"product_brand":[85],"product_cat":[81],"product_tag":[],"class_list":{"0":"post-8340","1":"product","2":"type-product","3":"status-publish","4":"has-post-thumbnail","6":"product_brand-maxi-cosi","7":"product_cat-autostoelen","9":"first","10":"instock","11":"taxable","12":"shipping-taxable","13":"purchasable","14":"product-type-simple"},"_links":{"self":[{"href":"https:\/\/qiddo.be\/fr\/wp-json\/wp\/v2\/product\/8340","targetHints":{"allow":["GET"]}}],"collection":[{"href":"https:\/\/qiddo.be\/fr\/wp-json\/wp\/v2\/product"}],"about":[{"href":"https:\/\/qiddo.be\/fr\/wp-json\/wp\/v2\/types\/product"}],"replies":[{"embeddable":true,"href":"https:\/\/qiddo.be\/fr\/wp-json\/wp\/v2\/comments?post=8340"}],"version-history":[{"count":5,"href":"https:\/\/qiddo.be\/fr\/wp-json\/wp\/v2\/product\/8340\/revisions"}],"predecessor-version":[{"id":8641,"href":"https:\/\/qiddo.be\/fr\/wp-json\/wp\/v2\/product\/8340\/revisions\/8641"}],"wp:featuredmedia":[{"embeddable":true,"href":"https:\/\/qiddo.be\/fr\/wp-json\/wp\/v2\/media\/8625"}],"wp:attachment":[{"href":"https:\/\/qiddo.be\/fr\/wp-json\/wp\/v2\/media?parent=8340"}],"wp:term":[{"taxonomy":"product_brand","embeddable":true,"href":"https:\/\/qiddo.be\/fr\/wp-json\/wp\/v2\/product_brand?post=8340"},{"taxonomy":"product_cat","embeddable":true,"href":"https:\/\/qiddo.be\/fr\/wp-json\/wp\/v2\/product_cat?post=8340"},{"taxonomy":"product_tag","embeddable":true,"href":"https:\/\/qiddo.be\/fr\/wp-json\/wp\/v2\/product_tag?post=8340"}],"curies":[{"name":"wp","href":"https:\/\/api.w.org\/{rel}","templated":true}]}}