{"id":8342,"date":"2025-11-10T09:16:28","date_gmt":"2025-11-10T09:16:28","guid":{"rendered":"https:\/\/qiddo.be\/?post_type=product&#038;p=8342"},"modified":"2025-11-20T08:17:32","modified_gmt":"2025-11-20T08:17:32","slug":"base-maxi-cosi-pour-siege-auto-familyfix-360-pro","status":"publish","type":"product","link":"https:\/\/qiddo.be\/fr\/affaires-de-bebe\/embaucher\/base-maxi-cosi-pour-siege-auto-familyfix-360-pro\/","title":{"rendered":"Maxi-Cosi Base pour si\u00e8ge auto FamilyFix 360 Pro"},"content":{"rendered":"<p><strong>Maxi-Cosi Base pour si\u00e8ge auto FamilyFix 360 Pro<\/strong><\/p>\n<p>Le Maxi-Cosi FamilyFix 360 est la base qui permet de commencer chaque trajet en voiture en toute s\u00e9r\u00e9nit\u00e9. Con\u00e7ue pour les parents modernes qui veulent allier s\u00e9curit\u00e9, confort et simplicit\u00e9, cette base ISOFIX avanc\u00e9e est le c\u0153ur du syst\u00e8me de voyage 360\u00b0 de Maxi-Cosi. Associ\u00e9e aux si\u00e8ges auto 360 de la collection Next Family, tels que le Pebble 360 et le Pearl 360, elle constitue un syst\u00e8me de voyage convivial, flexible et \u00e9volutif qui grandit avec votre enfant de la naissance \u00e0 environ 4 ans.<\/p>\n<p>Ce qui rend le FamilyFix 360 unique, c'est le syst\u00e8me de rotation innovant FlexiSpin. Cette fonction de rotation douce d'une seule main vous permet de tourner le si\u00e8ge vers vous sans effort. Cela facilite non seulement l'installation et la sortie de votre b\u00e9b\u00e9, mais aussi l'ergonomie, car vous n'avez plus \u00e0 vous \u00e9tirer ou \u00e0 vous soulever autant. Pour les parents qui doivent entrer et sortir de la voiture plusieurs fois par jour, c'est un grand soulagement.<\/p>\n<p>La base est \u00e9quip\u00e9e d'un ancrage ISOFIX avanc\u00e9 et d'une jambe de support r\u00e9glable, garantissant une stabilit\u00e9 maximale et un risque minimal d'installation incorrecte. Les indicateurs visuels et sonores de l'installation vous permettent de savoir exactement quand tout est bien enclench\u00e9. Vous embarquez donc en toute confiance, sachant que votre enfant est prot\u00e9g\u00e9 de mani\u00e8re optimale.<\/p>\n<p>Le FamilyFix 360 est conforme aux normes de s\u00e9curit\u00e9 europ\u00e9ennes les plus strictes (i-Size) et permet de transporter l'enfant vers l'arri\u00e8re jusqu'\u00e0 l'\u00e2ge de 4 ans - la fa\u00e7on la plus s\u00fbre de voyager selon les experts. En outre, la base est con\u00e7ue pour r\u00e9sister \u00e0 un usage intensif, de sorte qu'un seul investissement suffit pour plusieurs ann\u00e9es et \u00e9ventuellement plusieurs enfants.<\/p>\n<p>En outre, le FamilyFix 360 excelle en termes de facilit\u00e9 d'utilisation : il continue \u00e0 tourner en douceur m\u00eame lorsque votre enfant devient plus lourd, et il facilite le passage d'un si\u00e8ge \u00e0 l'autre. Gr\u00e2ce \u00e0 son design compact, il s'adapte \u00e0 presque toutes les voitures et vous permet de b\u00e9n\u00e9ficier d'un espace suppl\u00e9mentaire pour les jambes \u00e0 l'avant.<\/p>\n<p>Le FamilyFix 360 est le choix parfait pour les parents qui pensent \u00e0 l'avenir : une base, plusieurs si\u00e8ges, une s\u00e9curit\u00e9 maximale et un confort ultime. Une exp\u00e9rience haut de gamme qui rend chaque trajet en voiture plus rapide, plus s\u00fbr et plus facile.<\/p>\n<p>Sp\u00e9cifications techniques<\/p>\n<ul data-start=\"203\" data-end=\"462\">\n<li data-start=\"203\" data-end=\"263\">\n<p data-start=\"205\" data-end=\"263\">Type de produit : Base ISOFIX pour si\u00e8ges auto pivotants \u00e0 360<\/p>\n<\/li>\n<li data-start=\"264\" data-end=\"374\">\n<p data-start=\"266\" data-end=\"283\">Compatible avec : Maxi-Cosi Pebble 360<strong data-start=\"298\" data-end=\"312\">, <\/strong>Maxi-Cosi Pearl 360, Maxi-Cosi Coral 360<\/p>\n<\/li>\n<li data-start=\"375\" data-end=\"427\">\n<p data-start=\"377\" data-end=\"427\">Convient pour les \u00e2ges : 0-4 ans (40-105 cm)<\/p>\n<\/li>\n<li data-start=\"428\" data-end=\"462\">\n<p data-start=\"430\" data-end=\"462\">Normalisation : i-Size (ECE R129)<\/p>\n<\/li>\n<li data-start=\"483\" data-end=\"531\">\n<p data-start=\"485\" data-end=\"531\">Fixation ISOFIX avec indicateurs de verrouillage<\/p>\n<\/li>\n<li data-start=\"532\" data-end=\"572\">\n<p data-start=\"534\" data-end=\"572\">Pied de soutien stabilisateur r\u00e9glable<\/p>\n<\/li>\n<li data-start=\"573\" data-end=\"631\">\n<p data-start=\"575\" data-end=\"631\">Indicateurs visuels et sonores pour une installation correcte<\/p>\n<\/li>\n<li data-start=\"632\" data-end=\"682\">\n<p data-start=\"634\" data-end=\"682\">Permet de voyager vers l'arri\u00e8re jusqu'\u00e0 4 ans<\/p>\n<\/li>\n<li data-start=\"683\" data-end=\"744\">\n<p data-start=\"685\" data-end=\"744\">Risque minimal d'erreurs d'installation gr\u00e2ce au syst\u00e8me Click-&amp;-Go<\/p>\n<\/li>\n<li data-start=\"770\" data-end=\"833\">\n<p data-start=\"772\" data-end=\"833\">Syst\u00e8me de rotation FlexiSpin \u00e0 360\u00b0 (utilisation d'une seule main)<\/p>\n<\/li>\n<li data-start=\"834\" data-end=\"896\">\n<p data-start=\"836\" data-end=\"896\">Tourner en douceur, m\u00eame avec des enfants plus \u00e2g\u00e9s ou plus lourds<\/p>\n<\/li>\n<li data-start=\"989\" data-end=\"1038\">\n<p data-start=\"991\" data-end=\"1038\">Assemblage facile en quelques secondes<\/p>\n<\/li>\n<li data-start=\"1039\" data-end=\"1086\">\n<p data-start=\"1041\" data-end=\"1086\">Le design compact s'adapte \u00e0 presque toutes les voitures<\/p>\n<\/li>\n<li data-start=\"1087\" data-end=\"1164\">\n<p data-start=\"1089\" data-end=\"1164\">Continue \u00e0 tourner m\u00eame lorsque le si\u00e8ge auto est en position arri\u00e8re<\/p>\n<\/li>\n<li data-start=\"1165\" data-end=\"1220\">\n<p data-start=\"1167\" data-end=\"1220\">Des indicateurs d'installation permettent d'\u00e9viter les erreurs de placement<\/p>\n<\/li>\n<li data-start=\"1251\" data-end=\"1285\">\n<p data-start=\"1253\" data-end=\"1285\">Poids de la base : \u00b1 7 - 7,5 kg<\/p>\n<\/li>\n<\/ul>\n<ul data-start=\"1420\" data-end=\"1576\">\n<li data-start=\"1474\" data-end=\"1520\">\n<p data-start=\"1476\" data-end=\"1520\">Con\u00e7u pour un usage quotidien intensif<\/p>\n<\/li>\n<\/ul>","protected":false},"excerpt":{"rendered":"<ul>\n<li>Rotation innovante \u00e0 360\u00b0 d'une seule main : faites pivoter le si\u00e8ge auto vers vous sans effort pour charger ou d\u00e9charger votre enfant sans vous fatiguer le dos.<\/li>\n<li>Connexion ISOFIX + jambe de support : pour une stabilit\u00e9 maximale et une installation facile sans avoir \u00e0 utiliser les ceintures de s\u00e9curit\u00e9 de la voiture.<\/li>\n<li>R\u00e9pond aux exigences de s\u00e9curit\u00e9 les plus \u00e9lev\u00e9es (i-Size) : passage de la phase b\u00e9b\u00e9 \u00e0 la phase enfant - convient aux enfants de 0 \u00e0 4 ans environ (taille 40-105 cm, poids jusqu'\u00e0 17,4 kg).<\/li>\n<\/ul>\n<p>&nbsp;<\/p>","protected":false},"featured_media":8618,"comment_status":"open","ping_status":"closed","template":"","meta":[],"product_brand":[85],"product_cat":[81],"product_tag":[],"class_list":{"0":"post-8342","1":"product","2":"type-product","3":"status-publish","4":"has-post-thumbnail","6":"product_brand-maxi-cosi","7":"product_cat-autostoelen","9":"first","10":"instock","11":"taxable","12":"shipping-taxable","13":"purchasable","14":"product-type-simple"},"_links":{"self":[{"href":"https:\/\/qiddo.be\/fr\/wp-json\/wp\/v2\/product\/8342","targetHints":{"allow":["GET"]}}],"collection":[{"href":"https:\/\/qiddo.be\/fr\/wp-json\/wp\/v2\/product"}],"about":[{"href":"https:\/\/qiddo.be\/fr\/wp-json\/wp\/v2\/types\/product"}],"replies":[{"embeddable":true,"href":"https:\/\/qiddo.be\/fr\/wp-json\/wp\/v2\/comments?post=8342"}],"version-history":[{"count":3,"href":"https:\/\/qiddo.be\/fr\/wp-json\/wp\/v2\/product\/8342\/revisions"}],"predecessor-version":[{"id":8623,"href":"https:\/\/qiddo.be\/fr\/wp-json\/wp\/v2\/product\/8342\/revisions\/8623"}],"wp:featuredmedia":[{"embeddable":true,"href":"https:\/\/qiddo.be\/fr\/wp-json\/wp\/v2\/media\/8618"}],"wp:attachment":[{"href":"https:\/\/qiddo.be\/fr\/wp-json\/wp\/v2\/media?parent=8342"}],"wp:term":[{"taxonomy":"product_brand","embeddable":true,"href":"https:\/\/qiddo.be\/fr\/wp-json\/wp\/v2\/product_brand?post=8342"},{"taxonomy":"product_cat","embeddable":true,"href":"https:\/\/qiddo.be\/fr\/wp-json\/wp\/v2\/product_cat?post=8342"},{"taxonomy":"product_tag","embeddable":true,"href":"https:\/\/qiddo.be\/fr\/wp-json\/wp\/v2\/product_tag?post=8342"}],"curies":[{"name":"wp","href":"https:\/\/api.w.org\/{rel}","templated":true}]}}