{"id":8344,"date":"2025-11-10T09:16:29","date_gmt":"2025-11-10T09:16:29","guid":{"rendered":"https:\/\/qiddo.be\/?post_type=product&#038;p=8344"},"modified":"2025-11-20T09:48:49","modified_gmt":"2025-11-20T09:48:49","slug":"minimonkey-combi-carrier-mini-sling","status":"publish","type":"product","link":"https:\/\/qiddo.be\/fr\/affaires-de-bebe\/embaucher\/minimonkey-combi-carrier-mini-sling\/","title":{"rendered":"MiniMonkey Mini Sling Sling"},"content":{"rendered":"<p data-start=\"263\" data-end=\"792\"><strong>MiniMonkey Mini Sling Sling<\/strong><\/p>\n<p data-start=\"263\" data-end=\"792\">Voici le MiniMonkey Mini Sling : une solution de portage r\u00e9volutionnaire, l\u00e9g\u00e8re, compacte et conviviale pour les parents qui veulent avoir leur b\u00e9b\u00e9 pr\u00e8s d'eux \u00e0 tout moment. Avec seulement 175 grammes, ce porte-b\u00e9b\u00e9 p\u00e8se moins que la plupart des smartphones, tout en offrant le soutien ergonomique d'un v\u00e9ritable porte-b\u00e9b\u00e9. Il est donc id\u00e9al pour un usage quotidien, les voyages, les vacances ou les moments o\u00f9 vous souhaitez un portage rapide, facile et confortable sans mat\u00e9riaux lourds ou constructions compliqu\u00e9es.<\/p>\n<p data-start=\"794\" data-end=\"1267\">Le Mini Sling est fabriqu\u00e9 dans un tissu en maille a\u00e9r\u00e9e qui s\u00e8che rapidement, ce qui le rend parfait pour les journ\u00e9es chaudes, les visites \u00e0 la plage, \u00e0 la piscine ou m\u00eame sous la douche. Le tissu respire, est doux au toucher et soutient en m\u00eame temps la position M naturelle de votre b\u00e9b\u00e9, essentielle au bon d\u00e9veloppement de ses hanches. Gr\u00e2ce \u00e0 sa conception intelligente, l'\u00e9charpe cr\u00e9e une position assise s\u00fbre o\u00f9 votre b\u00e9b\u00e9 peut se reposer en toute d\u00e9contraction, tout en conservant une totale libert\u00e9 de mouvement.<\/p>\n<p data-start=\"1269\" data-end=\"1661\">Le syst\u00e8me de taille unique permet \u00e0 tous les parents de l'utiliser imm\u00e9diatement : pas de probl\u00e8me avec les sangles, les boutons ou les sangles r\u00e9glables. Il suffit de l'enclencher, de l'enfiler et d'\u00eatre pr\u00eat : en quelques secondes, votre b\u00e9b\u00e9 est en s\u00e9curit\u00e9 et pr\u00e8s de vous. L'\u00e9charpe convient de la naissance \u00e0 environ 15 kg, offrant ainsi une longue p\u00e9riode d'utilisation.<\/p>\n<p data-start=\"1663\" data-end=\"1971\">Le Mini Sling n'est pas seulement pratique, il est aussi \u00e9l\u00e9gant. Il s'adapte \u00e0 toutes les tenues, \u00e0 toutes les poussettes et \u00e0 tous les styles de portage. Sa taille compacte vous permet de le transporter sans effort dans votre sac \u00e0 main, votre sac \u00e0 dos ou m\u00eame la poche de votre veste : toujours \u00e0 port\u00e9e de main quand vous en avez besoin.<\/p>","protected":false},"excerpt":{"rendered":"<ul>\n<li>Conception ultra-l\u00e9g\u00e8re : seulement 175 grammes.<\/li>\n<li>Compact et transportable : se plie en deux pour se glisser facilement dans votre sac.<\/li>\n<li>Conception ergonomique : convient de la naissance \u00e0 environ 15 kg (environ 2 ans) - avec une position M s\u00fbre pour les jambes.<\/li>\n<li>Tissu en maille a\u00e9r\u00e9e : assure une ventilation optimale - id\u00e9al pour les journ\u00e9es chaudes, \u00e0 la piscine ou \u00e0 la plage.<\/li>\n<li>R\u00e9sistant \u00e0 l'eau : parfait pour une utilisation en ext\u00e9rieur, m\u00eame sous la douche ou au bord de la mer.<\/li>\n<\/ul>","protected":false},"featured_media":8611,"comment_status":"open","ping_status":"closed","template":"","meta":[],"product_brand":[85],"product_cat":[73,82],"product_tag":[],"class_list":{"0":"post-8344","1":"product","2":"type-product","3":"status-publish","4":"has-post-thumbnail","6":"product_brand-maxi-cosi","7":"product_cat-draagssystemen","8":"product_cat-travel","10":"first","11":"instock","12":"taxable","13":"shipping-taxable","14":"purchasable","15":"product-type-simple"},"_links":{"self":[{"href":"https:\/\/qiddo.be\/fr\/wp-json\/wp\/v2\/product\/8344","targetHints":{"allow":["GET"]}}],"collection":[{"href":"https:\/\/qiddo.be\/fr\/wp-json\/wp\/v2\/product"}],"about":[{"href":"https:\/\/qiddo.be\/fr\/wp-json\/wp\/v2\/types\/product"}],"replies":[{"embeddable":true,"href":"https:\/\/qiddo.be\/fr\/wp-json\/wp\/v2\/comments?post=8344"}],"version-history":[{"count":9,"href":"https:\/\/qiddo.be\/fr\/wp-json\/wp\/v2\/product\/8344\/revisions"}],"predecessor-version":[{"id":8616,"href":"https:\/\/qiddo.be\/fr\/wp-json\/wp\/v2\/product\/8344\/revisions\/8616"}],"wp:featuredmedia":[{"embeddable":true,"href":"https:\/\/qiddo.be\/fr\/wp-json\/wp\/v2\/media\/8611"}],"wp:attachment":[{"href":"https:\/\/qiddo.be\/fr\/wp-json\/wp\/v2\/media?parent=8344"}],"wp:term":[{"taxonomy":"product_brand","embeddable":true,"href":"https:\/\/qiddo.be\/fr\/wp-json\/wp\/v2\/product_brand?post=8344"},{"taxonomy":"product_cat","embeddable":true,"href":"https:\/\/qiddo.be\/fr\/wp-json\/wp\/v2\/product_cat?post=8344"},{"taxonomy":"product_tag","embeddable":true,"href":"https:\/\/qiddo.be\/fr\/wp-json\/wp\/v2\/product_tag?post=8344"}],"curies":[{"name":"wp","href":"https:\/\/api.w.org\/{rel}","templated":true}]}}