{"id":8348,"date":"2025-11-10T09:16:29","date_gmt":"2025-11-10T09:16:29","guid":{"rendered":"https:\/\/qiddo.be\/?post_type=product&#038;p=8348"},"modified":"2025-11-24T11:08:19","modified_gmt":"2025-11-24T11:08:19","slug":"siege-auto-portable-nuna-pipa-urbn-groupe-0","status":"publish","type":"product","link":"https:\/\/qiddo.be\/fr\/affaires-de-bebe\/embaucher\/siege-auto-portable-nuna-pipa-urbn-groupe-0\/","title":{"rendered":"Si\u00e8ge auto portable Nuna Pipa Urbn Groupe 0+"},"content":{"rendered":"<p><strong>Si\u00e8ge auto portable Nuna Pipa urbn Groupe 0+<\/strong><\/p>\n<p>Le PIPA urbn pr\u00e9sente une nouvelle vision de l'avenir des voyages avec b\u00e9b\u00e9. Ce si\u00e8ge auto innovant et ultra-l\u00e9ger pour b\u00e9b\u00e9s ne p\u00e8se que 3,3 kg* et s'installe \u00e0 l'aide d'un syst\u00e8me ISOFIX avanc\u00e9. Cette installation r\u00e9volutionnaire sans base est int\u00e9gr\u00e9e au si\u00e8ge auto, ce qui permet d'installer le si\u00e8ge tr\u00e8s facilement et en toute s\u00e9curit\u00e9 et de changer tr\u00e8s rapidement de voiture ou de taxi. Le si\u00e8ge est \u00e9galement dot\u00e9 d'un syst\u00e8me de d\u00e9verrouillage rapide d'une seule main depuis la poussette ou hors de la voiture et de la couverture de r\u00eave embl\u00e9matique de Nuna pour une intimit\u00e9 ultime, afin que vous et votre b\u00e9b\u00e9 puissiez naviguer dans la vie avec une facilit\u00e9 moderne.<\/p>\n<p>* sans capuche ni insert<\/p>\n<p><strong>Utilisation<\/strong><\/p>\n<ul>\n<li>Installation r\u00e9volutionnaire sans base gr\u00e2ce aux connecteurs ISOFIX int\u00e9gr\u00e9s pour une installation en 2 secondes (se r\u00e9f\u00e9rer aux instructions pour les ajustements finaux)<\/li>\n<li>Ultra-l\u00e9ger, seulement 3,3 kg (sans capot ni insert)<\/li>\n<li>A utiliser avec toutes les poussettes Nuna pour un syst\u00e8me de voyage moderne ultime<\/li>\n<li>Facile \u00e0 d\u00e9tacher de la voiture et de la poussette d'une seule main. Retour tr\u00e8s rapide sur la route.<\/li>\n<\/ul>\n<p><strong>S\u00e9curit\u00e9<\/strong><\/p>\n<ul>\n<li>Protection lat\u00e9rale (SIP) pour une s\u00e9curit\u00e9 ultime La mousse Aeroflex\u2122 est l\u00e9g\u00e8re, r\u00e9siliente et minimise la force transmise au b\u00e9b\u00e9 en absorbant et en dispersant l'\u00e9nergie.<\/li>\n<li>Le jeu de guides ISOFIX inclus facilite l'installation du si\u00e8ge<\/li>\n<\/ul>\n<p><strong>Confort<\/strong><\/p>\n<ul>\n<li>Appui-t\u00eate en mousse \u00e0 m\u00e9moire de forme Tailer tech\u2122 brevet\u00e9e pour un maintien confortable.<\/li>\n<li>Ceinture 3 points avec \u00e9paulettes et entrejambe confortables avec un r\u00e9glage central<\/li>\n<li>Grande capuche UPF 50+ r\u00e9glable en 2 positions avec pare-soleil et fen\u00eatre<\/li>\n<\/ul>\n<p><strong>D\u00e9tails du luxe<\/strong><\/p>\n<ul>\n<li>Poign\u00e9e de transport en cuir de luxe pour une meilleure prise en main<\/li>\n<li>La couverture de r\u00eave embl\u00e9matique de Nuna pour une intimit\u00e9 optimale<\/li>\n<li>L'appui-t\u00eate et le r\u00e9ducteur de si\u00e8ge sont fabriqu\u00e9s \u00e0 partir d'un m\u00e9lange \u00e9cologique de laine m\u00e9rinos et de fibres lyocell TENCEL\u2122 qui est doux, \u00e9cologique et r\u00e9gule naturellement l'humidit\u00e9 (TENCEL\u2122 est une marque d\u00e9pos\u00e9e de Lenzing AG).<\/li>\n<li>Du tissu \u00e0 la mousse, chaque \u00e9l\u00e9ment est intelligemment fabriqu\u00e9 pour \u00eatre \u00e0 la fois r\u00e9sistant \u00e0 la flamme et sans ajout de produits chimiques retardateurs de flamme, ce qui le rend plus s\u00fbr pour les b\u00e9b\u00e9s.<br \/>\nLe rembourrage et le r\u00e9ducteur sont lavables en machine.<\/li>\n<\/ul>\n<p><strong>Prix et certifications<\/strong><\/p>\n<ul>\n<li>4 \u00e9toiles au test ADAC des si\u00e8ges auto 05\/2024<\/li>\n<li>Laur\u00e9at du Red Dot Award<\/li>\n<li>Gagnant du iF Design Award 2023<\/li>\n<li>Laur\u00e9at du Prix europ\u00e9en du design de produit 2023<\/li>\n<li>Certificat TUV pour le transport a\u00e9rien, pour voyager partout<\/li>\n<li>Certifi\u00e9 GREENGUARD Gold : Les produits qui ont obtenu la certification GREENGUARD Gold sont scientifiquement prouv\u00e9s comme \u00e9tant conformes \u00e0 certaines des normes d'\u00e9missions chimiques tierces les plus strictes au monde et sont certifi\u00e9s comme ne contribuant pas \u00e0 la pollution de l'air int\u00e9rieur ou \u00e0 l'exposition \u00e0 des produits chimiques.<\/li>\n<\/ul>\n<p>Sp\u00e9cifications techniques<\/p>\n<ul>\n<li>Poids : 3,3 kg (poids sans la hotte et l'insert)<\/li>\n<li>Dimensions : 65 x 43,5 x 57 cm (L x L x H)<\/li>\n<li>Poids de l'enfant : jusqu'\u00e0 13 kg<\/li>\n<li>Longueur de l'enfant : 40-75 cm<\/li>\n<li>Utilisation recommand\u00e9e : uniquement face \u00e0 l'arri\u00e8re<\/li>\n<li>Conforme \u00e0 la norme europ\u00e9enne : ECE R129\/03<\/li>\n<li>Usine certifi\u00e9e ISO 14001 ISO 9001 OHSAS 18001<\/li>\n<\/ul>","protected":false},"excerpt":{"rendered":"<ul>\n<li>Conception ultra-l\u00e9g\u00e8re : seulement 3,3 kg environ sans la capuche et l'insert - id\u00e9al pour l'embarquement, le transport ou le changement de v\u00e9hicule.<\/li>\n<li>Installation r\u00e9volutionnaire : connecteurs ISOFIX int\u00e9gr\u00e9s pour une installation sans base, rapide comme l'\u00e9clair et s\u00e9curis\u00e9e en quelques secondes.<\/li>\n<li>Confort de qualit\u00e9 sup\u00e9rieure pour b\u00e9b\u00e9 : comprend un doux m\u00e9lange de laine m\u00e9rinos et de TENCEL\u2122, une capote solaire UPF 50+ avec fen\u00eatre de visualisation XL, une lib\u00e9ration d'une seule main de la poussette et du v\u00e9hicule.<\/li>\n<li>S\u00e9curit\u00e9 de haut niveau : protection contre les chocs lat\u00e9raux (SIP), mousse Aeroflex\u2122 pour l'absorption des chocs, conforme \u00e0 la norme europ\u00e9enne ECE R129\/03.<\/li>\n<\/ul>","protected":false},"featured_media":8593,"comment_status":"open","ping_status":"closed","template":"","meta":[],"product_brand":[92],"product_cat":[81,82],"product_tag":[],"class_list":{"0":"post-8348","1":"product","2":"type-product","3":"status-publish","4":"has-post-thumbnail","6":"product_brand-nuna","7":"product_cat-autostoelen","8":"product_cat-travel","10":"first","11":"instock","12":"taxable","13":"shipping-taxable","14":"purchasable","15":"product-type-simple"},"_links":{"self":[{"href":"https:\/\/qiddo.be\/fr\/wp-json\/wp\/v2\/product\/8348","targetHints":{"allow":["GET"]}}],"collection":[{"href":"https:\/\/qiddo.be\/fr\/wp-json\/wp\/v2\/product"}],"about":[{"href":"https:\/\/qiddo.be\/fr\/wp-json\/wp\/v2\/types\/product"}],"replies":[{"embeddable":true,"href":"https:\/\/qiddo.be\/fr\/wp-json\/wp\/v2\/comments?post=8348"}],"version-history":[{"count":4,"href":"https:\/\/qiddo.be\/fr\/wp-json\/wp\/v2\/product\/8348\/revisions"}],"predecessor-version":[{"id":8600,"href":"https:\/\/qiddo.be\/fr\/wp-json\/wp\/v2\/product\/8348\/revisions\/8600"}],"wp:featuredmedia":[{"embeddable":true,"href":"https:\/\/qiddo.be\/fr\/wp-json\/wp\/v2\/media\/8593"}],"wp:attachment":[{"href":"https:\/\/qiddo.be\/fr\/wp-json\/wp\/v2\/media?parent=8348"}],"wp:term":[{"taxonomy":"product_brand","embeddable":true,"href":"https:\/\/qiddo.be\/fr\/wp-json\/wp\/v2\/product_brand?post=8348"},{"taxonomy":"product_cat","embeddable":true,"href":"https:\/\/qiddo.be\/fr\/wp-json\/wp\/v2\/product_cat?post=8348"},{"taxonomy":"product_tag","embeddable":true,"href":"https:\/\/qiddo.be\/fr\/wp-json\/wp\/v2\/product_tag?post=8348"}],"curies":[{"name":"wp","href":"https:\/\/api.w.org\/{rel}","templated":true}]}}