{"id":8350,"date":"2025-11-10T09:16:29","date_gmt":"2025-11-10T09:16:29","guid":{"rendered":"https:\/\/qiddo.be\/?post_type=product&#038;p=8350"},"modified":"2025-11-24T11:29:12","modified_gmt":"2025-11-24T11:29:12","slug":"wagon-pronto","status":"publish","type":"product","link":"https:\/\/qiddo.be\/fr\/affaires-de-bebe\/embaucher\/wagon-pronto\/","title":{"rendered":"Wagon Pronto"},"content":{"rendered":"<p><strong>Poussette Pronto Gris Espace<\/strong><\/p>\n<p>La poussette Pronto est bien plus qu'un landau ou une voiturette : c'est l'outil de mobilit\u00e9 familial par excellence, qui allie confort, style et polyvalence. Que vous vous promeniez tranquillement en ville ou que vous planifiez une journ\u00e9e \u00e0 la plage ou en for\u00eat, cette poussette vous permet de passer \u00e0 la vitesse sup\u00e9rieure.<\/p>\n<p>D\u00e9couvrez la poussette Pronto - o\u00f9 le luxe, l'espace et le mouvement s'unissent. De la journ\u00e9e en ville aux excursions du week-end, du b\u00e9b\u00e9 au jeune enfant, d'un enfant \u00e0 plusieurs : espace, confort et style tout en un. Qu'attendez-vous ?\u201d<\/p>\n<p>Sp\u00e9cifications techniques<\/p>\n<ul>\n<li>Poids : environ 15 kg.<\/li>\n<li>Dimensions d\u00e9pli\u00e9es : environ 66 \u00d7 96 \u00d7 100 cm (largeur \u00d7 longueur \u00d7 hauteur).<\/li>\n<li>Capacit\u00e9 de charge maximale : jusqu'\u00e0 100 kg.<\/li>\n<li>Nombre de places : 2 places de s\u00e9rie avec harnais \u00e0 5 points ; extensible \u00e0 3-4 enfants dans certaines configurations.<\/li>\n<\/ul>\n<p>&nbsp;<\/p>\n<p>&nbsp;<\/p>","protected":false},"excerpt":{"rendered":"<ul>\n<li>De la place pour plusieurs enfants - Cette poussette\/wagon est con\u00e7ue pour les familles : elle dispose de deux si\u00e8ges d\u00e9di\u00e9s \u00e9quip\u00e9s de ceintures de s\u00e9curit\u00e9 \u00e0 5 points, et peut m\u00eame transporter 3 \u00e0 4 enfants en un rien de temps.<\/li>\n<li>Maniabilit\u00e9 tout-terrain - Gr\u00e2ce \u00e0 ses roues larges et robustes, il convient aussi bien aux surfaces dures qu'aux surfaces irr\u00e9guli\u00e8res, m\u00eame au sable.<\/li>\n<li>Une installation flexible - Les si\u00e8ges peuvent \u00eatre positionn\u00e9s de mani\u00e8re \u00e0 ce que les b\u00e9b\u00e9s et les enfants plus \u00e2g\u00e9s puissent participer confortablement ; id\u00e9al pour les b\u00e9b\u00e9s et les tout-petits.<\/li>\n<li>Une seule poussette pour toute la famille - plus besoin de poussettes s\u00e9par\u00e9es ou de si\u00e8ges suppl\u00e9mentaires.<\/li>\n<\/ul>","protected":false},"featured_media":8583,"comment_status":"open","ping_status":"closed","template":"","meta":[],"product_brand":[106],"product_cat":[82,79],"product_tag":[],"class_list":{"0":"post-8350","1":"product","2":"type-product","3":"status-publish","4":"has-post-thumbnail","6":"product_brand-pronto","7":"product_cat-travel","8":"product_cat-wandelwagens","10":"first","11":"instock","12":"taxable","13":"shipping-taxable","14":"purchasable","15":"product-type-simple"},"_links":{"self":[{"href":"https:\/\/qiddo.be\/fr\/wp-json\/wp\/v2\/product\/8350","targetHints":{"allow":["GET"]}}],"collection":[{"href":"https:\/\/qiddo.be\/fr\/wp-json\/wp\/v2\/product"}],"about":[{"href":"https:\/\/qiddo.be\/fr\/wp-json\/wp\/v2\/types\/product"}],"replies":[{"embeddable":true,"href":"https:\/\/qiddo.be\/fr\/wp-json\/wp\/v2\/comments?post=8350"}],"version-history":[{"count":3,"href":"https:\/\/qiddo.be\/fr\/wp-json\/wp\/v2\/product\/8350\/revisions"}],"predecessor-version":[{"id":8592,"href":"https:\/\/qiddo.be\/fr\/wp-json\/wp\/v2\/product\/8350\/revisions\/8592"}],"wp:featuredmedia":[{"embeddable":true,"href":"https:\/\/qiddo.be\/fr\/wp-json\/wp\/v2\/media\/8583"}],"wp:attachment":[{"href":"https:\/\/qiddo.be\/fr\/wp-json\/wp\/v2\/media?parent=8350"}],"wp:term":[{"taxonomy":"product_brand","embeddable":true,"href":"https:\/\/qiddo.be\/fr\/wp-json\/wp\/v2\/product_brand?post=8350"},{"taxonomy":"product_cat","embeddable":true,"href":"https:\/\/qiddo.be\/fr\/wp-json\/wp\/v2\/product_cat?post=8350"},{"taxonomy":"product_tag","embeddable":true,"href":"https:\/\/qiddo.be\/fr\/wp-json\/wp\/v2\/product_tag?post=8350"}],"curies":[{"name":"wp","href":"https:\/\/api.w.org\/{rel}","templated":true}]}}