{"id":8352,"date":"2025-11-10T09:16:29","date_gmt":"2025-11-10T09:16:29","guid":{"rendered":"https:\/\/qiddo.be\/?post_type=product&#038;p=8352"},"modified":"2025-11-24T11:41:08","modified_gmt":"2025-11-24T11:41:08","slug":"bebeconfort-duobuggy-mane","status":"publish","type":"product","link":"https:\/\/qiddo.be\/fr\/affaires-de-bebe\/embaucher\/bebeconfort-duobuggy-mane\/","title":{"rendered":"Bebeconfort Duobuggy Mane"},"content":{"rendered":"<p><strong>Bebeconfort Duobuggy Mane Mineral Graphite<\/strong><\/p>\n<p>D\u00e9couvrez la solution id\u00e9ale pour les parents de deux petits ou pairs : le Duobuggy Mane de Bebeconfort - con\u00e7u dans un souci de confort, de s\u00e9curit\u00e9 et de facilit\u00e9 d'utilisation. Voici une description commerciale puissante que vous pouvez utiliser pour votre promotion ou votre pr\u00e9sentation.<\/p>\n<p>Sp\u00e9cifications techniques<\/p>\n<ul>\n<li>Convient pour : de la naissance \u00e0 22 kg maximum par si\u00e8ge (jusqu'\u00e0 4 ans)<\/li>\n<li>Poids de la poussette : 14,46 kg<\/li>\n<li>Dimensions pli\u00e9es : H 28,5 cm \u00d7 L 75 cm \u00d7 P 61 cm<\/li>\n<li>Accessoires inclus : habillage pluie, toit solaire (avec fen\u00eatre d'a\u00e9ration), barre de s\u00e9curit\u00e9, panier \u00e0 provisions.<\/li>\n<\/ul>","protected":false},"excerpt":{"rendered":"<ul>\n<li>Con\u00e7ue pour deux enfants : La Mane est une poussette biplace qui permet \u00e0 deux enfants de s'asseoir confortablement c\u00f4te \u00e0 c\u00f4te, de la naissance \u00e0 4 ans environ (jusqu'\u00e0 22 kg).<\/li>\n<li>Syst\u00e8me de pliage automatique : il suffit d'appuyer sur deux boutons pour que la poussette se plie automatiquement et reste en position verticale - id\u00e9al pour les parents qui n'ont pas beaucoup de temps \u00e0 perdre.<\/li>\n<li>Confort d\u00e8s le premier jour : la position couch\u00e9e \u00e0 plat permet aux deux enfants de se d\u00e9tendre, m\u00eame d\u00e8s la naissance.<\/li>\n<li>La s\u00e9curit\u00e9 avant tout : \u00e9quip\u00e9 d'un harnais de s\u00e9curit\u00e9 \u00e0 5 points, de supports pivotants et amovibles par si\u00e8ge, et d'une protection solide pour les tout-petits.<\/li>\n<li>Pratique \u00e0 utiliser : grand panier (jusqu'\u00e0 environ 8 kg), housse de pluie incluse, fen\u00eatre d'a\u00e9ration dans la capote, repose-pieds r\u00e9glable - tous ces \u00e9l\u00e9ments sont destin\u00e9s \u00e0 faciliter la vie des parents et des enfants.<\/li>\n<\/ul>","protected":false},"featured_media":8550,"comment_status":"open","ping_status":"closed","template":"","meta":[],"product_brand":[95],"product_cat":[89,79],"product_tag":[],"class_list":{"0":"post-8352","1":"product","2":"type-product","3":"status-publish","4":"has-post-thumbnail","6":"product_brand-bebeconfort","7":"product_cat-tweeling","8":"product_cat-wandelwagens","10":"first","11":"instock","12":"taxable","13":"shipping-taxable","14":"purchasable","15":"product-type-simple"},"_links":{"self":[{"href":"https:\/\/qiddo.be\/fr\/wp-json\/wp\/v2\/product\/8352","targetHints":{"allow":["GET"]}}],"collection":[{"href":"https:\/\/qiddo.be\/fr\/wp-json\/wp\/v2\/product"}],"about":[{"href":"https:\/\/qiddo.be\/fr\/wp-json\/wp\/v2\/types\/product"}],"replies":[{"embeddable":true,"href":"https:\/\/qiddo.be\/fr\/wp-json\/wp\/v2\/comments?post=8352"}],"version-history":[{"count":3,"href":"https:\/\/qiddo.be\/fr\/wp-json\/wp\/v2\/product\/8352\/revisions"}],"predecessor-version":[{"id":8556,"href":"https:\/\/qiddo.be\/fr\/wp-json\/wp\/v2\/product\/8352\/revisions\/8556"}],"wp:featuredmedia":[{"embeddable":true,"href":"https:\/\/qiddo.be\/fr\/wp-json\/wp\/v2\/media\/8550"}],"wp:attachment":[{"href":"https:\/\/qiddo.be\/fr\/wp-json\/wp\/v2\/media?parent=8352"}],"wp:term":[{"taxonomy":"product_brand","embeddable":true,"href":"https:\/\/qiddo.be\/fr\/wp-json\/wp\/v2\/product_brand?post=8352"},{"taxonomy":"product_cat","embeddable":true,"href":"https:\/\/qiddo.be\/fr\/wp-json\/wp\/v2\/product_cat?post=8352"},{"taxonomy":"product_tag","embeddable":true,"href":"https:\/\/qiddo.be\/fr\/wp-json\/wp\/v2\/product_tag?post=8352"}],"curies":[{"name":"wp","href":"https:\/\/api.w.org\/{rel}","templated":true}]}}