{"id":8354,"date":"2025-11-10T09:16:29","date_gmt":"2025-11-10T09:16:29","guid":{"rendered":"https:\/\/qiddo.be\/?post_type=product&#038;p=8354"},"modified":"2025-11-20T08:19:41","modified_gmt":"2025-11-20T08:19:41","slug":"topmark-duo-pushchair-2-combi","status":"publish","type":"product","link":"https:\/\/qiddo.be\/fr\/affaires-de-bebe\/embaucher\/topmark-duo-pushchair-2-combi\/","title":{"rendered":"Topmark Duo pram 2 combi"},"content":{"rendered":"<p><strong>Topmark Duo pram 2 Combi noir<\/strong><\/p>\n<p>La poussette 2 COMBI duo est un moyen de transport id\u00e9al pour des jumeaux ou un b\u00e9b\u00e9 et un enfant en bas \u00e2ge. La poussette est \u00e9quip\u00e9e de s\u00e9rie d'un ch\u00e2ssis en aluminium, de 2 si\u00e8ges poussettes avec habillage pluie et d'un panier \u00e0 provisions spacieux. L'insert pour poussette peut \u00eatre tourn\u00e9 dans les deux sens, le guidon est r\u00e9glable en hauteur (hauteur min. 95 cm, hauteur max. 105 cm) et les roues avant simples peuvent \u00eatre pivot\u00e9es et verrouill\u00e9es. En outre, le rembourrage est amovible et lavable. La poussette peut \u00eatre compl\u00e9t\u00e9e par une nacelle (adapt\u00e9e aux enfants d\u00e8s la naissance).<\/p>\n<p>Sp\u00e9cifications techniques<\/p>\n<p>Dimensions d\u00e9pli\u00e9es 100 x 62 x 107 cm<br \/>\nDimensions en position repli\u00e9e : 100 x 46 x 27 cm<br \/>\nPoids : 19 kg<br \/>\nConvient aux enfants de : 6-36 mois max 15 kg par si\u00e8ge<\/p>\n<p><strong>AVERTISSEMENT :<\/strong> Ce produit n'est pas adapt\u00e9 \u00e0 la course \u00e0 pied ou au roller.<\/p>","protected":false},"excerpt":{"rendered":"<ul>\n<li>Con\u00e7u pour deux enfants : id\u00e9al pour des jumeaux ou un b\u00e9b\u00e9 + un enfant en bas \u00e2ge.<\/li>\n<li>Convient aux enfants d'environ 6 mois \u00e0 environ 36 mois, avec un poids maximum d'environ 15 kg par si\u00e8ge.<\/li>\n<li>Options de si\u00e8ges r\u00e9versibles : les si\u00e8ges peuvent \u00eatre positionn\u00e9s dans deux directions, de sorte que l'enfant soit face \u00e0 vous ou face \u00e0 l'avant.<\/li>\n<li>Roues avant pivotantes et verrouillables pour une bonne maniabilit\u00e9 - pratique en ville ou sur la route.<\/li>\n<li>Barre de pouss\u00e9e r\u00e9glable : s'ajuste \u00e0 la hauteur du parent pour une pouss\u00e9e ergonomique.<\/li>\n<\/ul>","protected":false},"featured_media":8404,"comment_status":"open","ping_status":"closed","template":"","meta":[],"product_brand":[90],"product_cat":[89,79],"product_tag":[],"class_list":{"0":"post-8354","1":"product","2":"type-product","3":"status-publish","4":"has-post-thumbnail","6":"product_brand-topmark","7":"product_cat-tweeling","8":"product_cat-wandelwagens","10":"first","11":"instock","12":"taxable","13":"shipping-taxable","14":"purchasable","15":"product-type-simple"},"_links":{"self":[{"href":"https:\/\/qiddo.be\/fr\/wp-json\/wp\/v2\/product\/8354","targetHints":{"allow":["GET"]}}],"collection":[{"href":"https:\/\/qiddo.be\/fr\/wp-json\/wp\/v2\/product"}],"about":[{"href":"https:\/\/qiddo.be\/fr\/wp-json\/wp\/v2\/types\/product"}],"replies":[{"embeddable":true,"href":"https:\/\/qiddo.be\/fr\/wp-json\/wp\/v2\/comments?post=8354"}],"version-history":[{"count":3,"href":"https:\/\/qiddo.be\/fr\/wp-json\/wp\/v2\/product\/8354\/revisions"}],"predecessor-version":[{"id":8411,"href":"https:\/\/qiddo.be\/fr\/wp-json\/wp\/v2\/product\/8354\/revisions\/8411"}],"wp:featuredmedia":[{"embeddable":true,"href":"https:\/\/qiddo.be\/fr\/wp-json\/wp\/v2\/media\/8404"}],"wp:attachment":[{"href":"https:\/\/qiddo.be\/fr\/wp-json\/wp\/v2\/media?parent=8354"}],"wp:term":[{"taxonomy":"product_brand","embeddable":true,"href":"https:\/\/qiddo.be\/fr\/wp-json\/wp\/v2\/product_brand?post=8354"},{"taxonomy":"product_cat","embeddable":true,"href":"https:\/\/qiddo.be\/fr\/wp-json\/wp\/v2\/product_cat?post=8354"},{"taxonomy":"product_tag","embeddable":true,"href":"https:\/\/qiddo.be\/fr\/wp-json\/wp\/v2\/product_tag?post=8354"}],"curies":[{"name":"wp","href":"https:\/\/api.w.org\/{rel}","templated":true}]}}