{"id":8356,"date":"2025-11-10T09:16:29","date_gmt":"2025-11-10T09:16:29","guid":{"rendered":"https:\/\/qiddo.be\/?post_type=product&#038;p=8356"},"modified":"2025-11-20T08:23:02","modified_gmt":"2025-11-20T08:23:02","slug":"topmark-carrycot-2-combi","status":"publish","type":"product","link":"https:\/\/qiddo.be\/fr\/affaires-de-bebe\/embaucher\/topmark-carrycot-2-combi\/","title":{"rendered":"Topmark Carrycot 2 combi"},"content":{"rendered":"<p><strong>Topmark Carrycot 2 Combi Black<\/strong><\/p>\n<p>Le Topmark Carry Basket 2 Combi offre \u00e0 votre b\u00e9b\u00e9 un endroit s\u00fbr, doux et confortable d\u00e8s la naissance. L\u00e9ger, \u00e9l\u00e9gant et facile \u00e0 attacher \u00e0 la poussette Topmark 2 Combi, il est id\u00e9al pour les parents modernes ayant deux enfants.<\/p>\n<ul>\n<li>Convient d\u00e8s la naissance - offre une position allong\u00e9e s\u00fbre et confortable pour les b\u00e9b\u00e9s jusqu'\u00e0 environ 6 mois (max. 9 kg).<\/li>\n<li>Kit complet inclus - comprend un toit solaire, un pare-vent, un matelas et un ensemble d'adaptateurs pour une fixation directe sur la poussette Topmark 2 Combi.<\/li>\n<li>Int\u00e9gration parfaite - s'adapte parfaitement au ch\u00e2ssis du Topmark 2 Combi, id\u00e9al pour les parents de jumeaux ou de b\u00e9b\u00e9s et d'enfants en bas \u00e2ge.<\/li>\n<li>L\u00e9ger et pratique - il ne p\u00e8se que 3 kg environ, ce qui le rend facile \u00e0 transporter et \u00e0 assembler.<\/li>\n<li>Protection optimale - le toit solaire avec fen\u00eatre d'a\u00e9ration prot\u00e8ge votre b\u00e9b\u00e9 du soleil et du vent, avec une circulation d'air agr\u00e9able.<\/li>\n<li>Facile \u00e0 nettoyer - le rev\u00eatement est amovible et facile d'entretien.<\/li>\n<li>Taille compacte - prend peu de place et est facile \u00e0 ranger ou \u00e0 transporter dans la voiture.<\/li>\n<li>Design \u00e9l\u00e9gant et intemporel - compl\u00e8te parfaitement le look moderne de la poussette Topmark 2 Combi.<\/li>\n<\/ul>","protected":false},"excerpt":{"rendered":"<ul>\n<li>Convient d\u00e8s la naissance - offre une position allong\u00e9e s\u00fbre et confortable pour les b\u00e9b\u00e9s jusqu'\u00e0 environ 6 mois (max. 9 kg).<\/li>\n<li>Kit complet inclus - comprend un toit solaire, un pare-vent, un matelas et un ensemble d'adaptateurs pour une fixation directe sur la poussette Topmark 2 Combi.<\/li>\n<li>L\u00e9ger et pratique - il ne p\u00e8se que 3 kg environ, ce qui le rend facile \u00e0 transporter et \u00e0 assembler.<\/li>\n<li>Taille compacte - prend peu de place et est facile \u00e0 ranger ou \u00e0 transporter dans la voiture.<\/li>\n<li>Design \u00e9l\u00e9gant et intemporel - compl\u00e8te parfaitement le look moderne de la poussette Topmark 2 Combi.<\/li>\n<\/ul>","protected":false},"featured_media":8397,"comment_status":"open","ping_status":"closed","template":"","meta":[],"product_brand":[90],"product_cat":[89,79],"product_tag":[],"class_list":{"0":"post-8356","1":"product","2":"type-product","3":"status-publish","4":"has-post-thumbnail","6":"product_brand-topmark","7":"product_cat-tweeling","8":"product_cat-wandelwagens","10":"first","11":"instock","12":"taxable","13":"shipping-taxable","14":"purchasable","15":"product-type-simple"},"_links":{"self":[{"href":"https:\/\/qiddo.be\/fr\/wp-json\/wp\/v2\/product\/8356","targetHints":{"allow":["GET"]}}],"collection":[{"href":"https:\/\/qiddo.be\/fr\/wp-json\/wp\/v2\/product"}],"about":[{"href":"https:\/\/qiddo.be\/fr\/wp-json\/wp\/v2\/types\/product"}],"replies":[{"embeddable":true,"href":"https:\/\/qiddo.be\/fr\/wp-json\/wp\/v2\/comments?post=8356"}],"version-history":[{"count":3,"href":"https:\/\/qiddo.be\/fr\/wp-json\/wp\/v2\/product\/8356\/revisions"}],"predecessor-version":[{"id":8398,"href":"https:\/\/qiddo.be\/fr\/wp-json\/wp\/v2\/product\/8356\/revisions\/8398"}],"wp:featuredmedia":[{"embeddable":true,"href":"https:\/\/qiddo.be\/fr\/wp-json\/wp\/v2\/media\/8397"}],"wp:attachment":[{"href":"https:\/\/qiddo.be\/fr\/wp-json\/wp\/v2\/media?parent=8356"}],"wp:term":[{"taxonomy":"product_brand","embeddable":true,"href":"https:\/\/qiddo.be\/fr\/wp-json\/wp\/v2\/product_brand?post=8356"},{"taxonomy":"product_cat","embeddable":true,"href":"https:\/\/qiddo.be\/fr\/wp-json\/wp\/v2\/product_cat?post=8356"},{"taxonomy":"product_tag","embeddable":true,"href":"https:\/\/qiddo.be\/fr\/wp-json\/wp\/v2\/product_tag?post=8356"}],"curies":[{"name":"wp","href":"https:\/\/api.w.org\/{rel}","templated":true}]}}