{"id":8358,"date":"2025-11-10T09:16:29","date_gmt":"2025-11-10T09:16:29","guid":{"rendered":"https:\/\/qiddo.be\/?post_type=product&#038;p=8358"},"modified":"2025-11-24T11:44:21","modified_gmt":"2025-11-24T11:44:21","slug":"poussette-joie-duo-evalite-shale","status":"publish","type":"product","link":"https:\/\/qiddo.be\/fr\/affaires-de-bebe\/embaucher\/poussette-joie-duo-evalite-shale\/","title":{"rendered":"Joie Duo pram Evalite Duo"},"content":{"rendered":"<p><strong>Poussette Joie Duo Evalite Shale<\/strong><\/p>\n<p>La poussette Joie Evalite Duo Shale offre un maximum de confort dans un design minimaliste et l\u00e9ger. Sa facilit\u00e9 d'utilisation, sa technologie de pliage intelligente et ses doubles si\u00e8ges en font le compagnon id\u00e9al des parents actifs qui souhaitent allier style et fonctionnalit\u00e9.<\/p>\n<p>Caract\u00e9ristiques techniques :<\/p>\n<ul>\n<li>Convient pour : 2 enfants<\/li>\n<li>Capacit\u00e9 de charge par si\u00e8ge : jusqu'\u00e0 15 kg<\/li>\n<li>Poids : environ 10,5 kg<\/li>\n<li>Dimensions ouvertes : 120 \u00d7 56,5 \u00d7 115 cm<\/li>\n<li>Dimensions une fois pli\u00e9 : 45 \u00d7 56,5 \u00d7 99 cm<\/li>\n<li>Panier extra-large<\/li>\n<li>Couleur : Shale<\/li>\n<li>Convient aux enfants d\u00e8s la naissance (si\u00e8ge arri\u00e8re) et aux enfants plus \u00e2g\u00e9s (si\u00e8ge avant).<\/li>\n<\/ul>","protected":false},"excerpt":{"rendered":"<ul>\n<li>La poussette passager intelligente et \u00e9l\u00e9gante, l\u00e9g\u00e8re, pratique et confortable, id\u00e9ale pour les familles avec deux jeunes enfants.<\/li>\n<li>Conception ultra-l\u00e9g\u00e8re : seulement 10,5 kg environ - l'une des poussettes duo les plus l\u00e9g\u00e8res du march\u00e9.<\/li>\n<li>Pliage compact : se plie en un seul geste, id\u00e9al pour la voiture ou un petit espace de rangement.<\/li>\n<li>Confort de conduite : suspension sur toutes les roues et roues avant pivotantes et verrouillables pour une conduite stable sur toutes les surfaces.<\/li>\n<li>En toute s\u00e9curit\u00e9 : harnais \u00e0 5 points, freins fermes et syst\u00e8me Sure Lock\u2122 pour une fixation s\u00fbre des si\u00e8ges auto compatibles.<\/li>\n<\/ul>","protected":false},"featured_media":8399,"comment_status":"open","ping_status":"closed","template":"","meta":[],"product_brand":[91],"product_cat":[89,79],"product_tag":[],"class_list":{"0":"post-8358","1":"product","2":"type-product","3":"status-publish","4":"has-post-thumbnail","6":"product_brand-joie","7":"product_cat-tweeling","8":"product_cat-wandelwagens","10":"first","11":"instock","12":"taxable","13":"shipping-taxable","14":"purchasable","15":"product-type-simple"},"_links":{"self":[{"href":"https:\/\/qiddo.be\/fr\/wp-json\/wp\/v2\/product\/8358","targetHints":{"allow":["GET"]}}],"collection":[{"href":"https:\/\/qiddo.be\/fr\/wp-json\/wp\/v2\/product"}],"about":[{"href":"https:\/\/qiddo.be\/fr\/wp-json\/wp\/v2\/types\/product"}],"replies":[{"embeddable":true,"href":"https:\/\/qiddo.be\/fr\/wp-json\/wp\/v2\/comments?post=8358"}],"version-history":[{"count":4,"href":"https:\/\/qiddo.be\/fr\/wp-json\/wp\/v2\/product\/8358\/revisions"}],"predecessor-version":[{"id":8402,"href":"https:\/\/qiddo.be\/fr\/wp-json\/wp\/v2\/product\/8358\/revisions\/8402"}],"wp:featuredmedia":[{"embeddable":true,"href":"https:\/\/qiddo.be\/fr\/wp-json\/wp\/v2\/media\/8399"}],"wp:attachment":[{"href":"https:\/\/qiddo.be\/fr\/wp-json\/wp\/v2\/media?parent=8358"}],"wp:term":[{"taxonomy":"product_brand","embeddable":true,"href":"https:\/\/qiddo.be\/fr\/wp-json\/wp\/v2\/product_brand?post=8358"},{"taxonomy":"product_cat","embeddable":true,"href":"https:\/\/qiddo.be\/fr\/wp-json\/wp\/v2\/product_cat?post=8358"},{"taxonomy":"product_tag","embeddable":true,"href":"https:\/\/qiddo.be\/fr\/wp-json\/wp\/v2\/product_tag?post=8358"}],"curies":[{"name":"wp","href":"https:\/\/api.w.org\/{rel}","templated":true}]}}