{"id":8495,"date":"2025-11-14T14:18:03","date_gmt":"2025-11-14T14:18:03","guid":{"rendered":"https:\/\/qiddo.be\/?post_type=product&#038;p=8495"},"modified":"2025-11-18T21:13:51","modified_gmt":"2025-11-18T21:13:51","slug":"baby-brezza-automate-a-biberons-formula-pro-black-white","status":"publish","type":"product","link":"https:\/\/qiddo.be\/fr\/affaires-de-bebe\/embaucher\/baby-brezza-automate-a-biberons-formula-pro-black-white\/","title":{"rendered":"Tire-biberon automatique Baby Brezza Formula PRO noir et blanc"},"content":{"rendered":"<p><strong>Tire-biberon automatique Baby Brezza Formula PRO noir et blanc<\/strong><\/p>\n<p data-start=\"241\" data-end=\"583\">Le Baby Brezza Formula Pro Advanced Original rend la pr\u00e9paration des biberons plus rapide, plus facile et plus r\u00e9guli\u00e8re que jamais. Sur simple pression d'un bouton, cet appareil intelligent pr\u00e9pare automatiquement un biberon de lait parfaitement m\u00e9lang\u00e9 - \u00e0 la bonne temp\u00e9rature et avec la proportion id\u00e9ale d'eau et de poudre. Pas de grumeaux, pas de tracas, pas d'attente.<\/p>\n<p data-start=\"585\" data-end=\"854\">Gr\u00e2ce aux param\u00e8tres r\u00e9glables, vous choisissez la temp\u00e9rature (froide, temp\u00e9rature corporelle ou plus chaude) et la quantit\u00e9 de lait souhait\u00e9e. L'appareil fonctionne avec presque tous les types de biberons et la plupart des marques de lait en poudre, de sorte qu'il s'int\u00e8gre sans probl\u00e8me \u00e0 toutes les habitudes.<\/p>\n<p data-start=\"856\" data-end=\"1148\">Le Formula Pro Advanced est con\u00e7u pour les parents occup\u00e9s qui recherchent le confort et la fiabilit\u00e9. Son design \u00e9l\u00e9gant, son syst\u00e8me silencieux et son r\u00e9servoir de poudre facile \u00e0 nettoyer font de cet appareil un v\u00e9ritable changement dans la routine d'alimentation de b\u00e9b\u00e9. Un biberon toujours parfait, jour et nuit.<\/p>","protected":false},"excerpt":{"rendered":"<ul>\n<li data-start=\"1196\" data-end=\"1250\">\n<p data-start=\"1198\" data-end=\"1250\">Pr\u00e9paration automatique des bouteilles par simple pression d'un bouton<\/p>\n<\/li>\n<li data-start=\"1251\" data-end=\"1288\">\n<p data-start=\"1253\" data-end=\"1288\">Parfaitement m\u00e9lang\u00e9 et \u00e0 temp\u00e9rature<\/p>\n<\/li>\n<li data-start=\"1289\" data-end=\"1335\">\n<p data-start=\"1291\" data-end=\"1335\">Fonctionne avec presque tous les biberons et le lait en poudre<\/p>\n<\/li>\n<li data-start=\"1336\" data-end=\"1378\">\n<p data-start=\"1338\" data-end=\"1378\">Temp\u00e9rature et quantit\u00e9s r\u00e9glables<\/p>\n<\/li>\n<li data-start=\"1379\" data-end=\"1418\">\n<p data-start=\"1381\" data-end=\"1418\">Rapide, silencieux et facile \u00e0 nettoyer<\/p>\n<\/li>\n<\/ul>","protected":false},"featured_media":8842,"comment_status":"open","ping_status":"closed","template":"","meta":[],"product_brand":[100],"product_cat":[71],"product_tag":[],"class_list":{"0":"post-8495","1":"product","2":"type-product","3":"status-publish","4":"has-post-thumbnail","6":"product_brand-baby-brezza","7":"product_cat-voeden","9":"first","10":"instock","11":"taxable","12":"shipping-taxable","13":"purchasable","14":"product-type-simple"},"_links":{"self":[{"href":"https:\/\/qiddo.be\/fr\/wp-json\/wp\/v2\/product\/8495","targetHints":{"allow":["GET"]}}],"collection":[{"href":"https:\/\/qiddo.be\/fr\/wp-json\/wp\/v2\/product"}],"about":[{"href":"https:\/\/qiddo.be\/fr\/wp-json\/wp\/v2\/types\/product"}],"replies":[{"embeddable":true,"href":"https:\/\/qiddo.be\/fr\/wp-json\/wp\/v2\/comments?post=8495"}],"version-history":[{"count":3,"href":"https:\/\/qiddo.be\/fr\/wp-json\/wp\/v2\/product\/8495\/revisions"}],"predecessor-version":[{"id":9326,"href":"https:\/\/qiddo.be\/fr\/wp-json\/wp\/v2\/product\/8495\/revisions\/9326"}],"wp:featuredmedia":[{"embeddable":true,"href":"https:\/\/qiddo.be\/fr\/wp-json\/wp\/v2\/media\/8842"}],"wp:attachment":[{"href":"https:\/\/qiddo.be\/fr\/wp-json\/wp\/v2\/media?parent=8495"}],"wp:term":[{"taxonomy":"product_brand","embeddable":true,"href":"https:\/\/qiddo.be\/fr\/wp-json\/wp\/v2\/product_brand?post=8495"},{"taxonomy":"product_cat","embeddable":true,"href":"https:\/\/qiddo.be\/fr\/wp-json\/wp\/v2\/product_cat?post=8495"},{"taxonomy":"product_tag","embeddable":true,"href":"https:\/\/qiddo.be\/fr\/wp-json\/wp\/v2\/product_tag?post=8495"}],"curies":[{"name":"wp","href":"https:\/\/api.w.org\/{rel}","templated":true}]}}