{"id":9347,"date":"2026-03-20T10:55:41","date_gmt":"2026-03-20T10:55:41","guid":{"rendered":"https:\/\/qiddo.be\/?post_type=product&#038;p=9347"},"modified":"2026-03-20T11:29:01","modified_gmt":"2026-03-20T11:29:01","slug":"veer-cruiser-bolderkar-xl","status":"publish","type":"product","link":"https:\/\/qiddo.be\/fr\/affaires-de-bebe\/embaucher\/veer-cruiser-bolderkar-xl\/","title":{"rendered":"VEER Cruiser Wagon XL"},"content":{"rendered":"<h3>Veelzijdiger dan welke kinderwagen of bolderkar dan ook.<\/h3>\n<p>De Veer Cruiser is net zo veelzijdig als u en biedt talloze opties zodat het hele gezin mee kan op elk uitstapje en goed verzorgd is.<\/p>\n<p>Enkele voordelen van de Veer Cruiser XL zijn:<\/p>\n<ul>\n<li>Kan worden geduwd, getrokken en zijwaarts worden geduwd<\/li>\n<li>Kan in een paar eenvoudige stappen volledig worden opgevouwen en opgeborgen in de bagageruimte<\/li>\n<li>Het stuur is in hoogte verstelbaar<\/li>\n<li>2 bekerhouders inbegrepen<\/li>\n<li>Eettafel inbegrepen<\/li>\n<li>Uitbreidbare voetruimte<\/li>\n<li>6 binnenvakken van gaas<\/li>\n<li>4 vakken om speelgoed en dergelijke in op te bergen<\/li>\n<li>Compatibel met veelzijdige accessoires<\/li>\n<\/ul>\n<p>&nbsp;<\/p>\n<p>&nbsp;<\/p>","protected":false},"excerpt":{"rendered":"<ul>\n<li>Voor vier kinderen vanaf geboorte tot peuterleeftijd.<\/li>\n<li>All-terrain wielen en vering: ongeacht zand, sneeuw, bos of asfalt - de wagen blijft soepel en stabiel.<\/li>\n<li>Compact et pliable : facile \u00e0 transporter, \u00e0 ranger ou \u00e0 emporter dans la voiture.<\/li>\n<li>Finition haut de gamme : cadre en aluminium, si\u00e8ges confortables avec ventilation et nombreuses possibilit\u00e9s de rangement.<\/li>\n<li>Veiligheid &amp; veelzijdigheid: vijf-punts gordels, voetrem, zitplaatsen die meegroeien met uw gezin.<\/li>\n<\/ul>","protected":false},"featured_media":9349,"comment_status":"open","ping_status":"closed","template":"","meta":[],"product_brand":[107],"product_cat":[82,79],"product_tag":[],"class_list":{"0":"post-9347","1":"product","2":"type-product","3":"status-publish","4":"has-post-thumbnail","6":"product_brand-veer","7":"product_cat-travel","8":"product_cat-wandelwagens","10":"first","11":"instock","12":"taxable","13":"shipping-taxable","14":"purchasable","15":"product-type-simple"},"_links":{"self":[{"href":"https:\/\/qiddo.be\/fr\/wp-json\/wp\/v2\/product\/9347","targetHints":{"allow":["GET"]}}],"collection":[{"href":"https:\/\/qiddo.be\/fr\/wp-json\/wp\/v2\/product"}],"about":[{"href":"https:\/\/qiddo.be\/fr\/wp-json\/wp\/v2\/types\/product"}],"replies":[{"embeddable":true,"href":"https:\/\/qiddo.be\/fr\/wp-json\/wp\/v2\/comments?post=9347"}],"version-history":[{"count":4,"href":"https:\/\/qiddo.be\/fr\/wp-json\/wp\/v2\/product\/9347\/revisions"}],"predecessor-version":[{"id":9358,"href":"https:\/\/qiddo.be\/fr\/wp-json\/wp\/v2\/product\/9347\/revisions\/9358"}],"wp:featuredmedia":[{"embeddable":true,"href":"https:\/\/qiddo.be\/fr\/wp-json\/wp\/v2\/media\/9349"}],"wp:attachment":[{"href":"https:\/\/qiddo.be\/fr\/wp-json\/wp\/v2\/media?parent=9347"}],"wp:term":[{"taxonomy":"product_brand","embeddable":true,"href":"https:\/\/qiddo.be\/fr\/wp-json\/wp\/v2\/product_brand?post=9347"},{"taxonomy":"product_cat","embeddable":true,"href":"https:\/\/qiddo.be\/fr\/wp-json\/wp\/v2\/product_cat?post=9347"},{"taxonomy":"product_tag","embeddable":true,"href":"https:\/\/qiddo.be\/fr\/wp-json\/wp\/v2\/product_tag?post=9347"}],"curies":[{"name":"wp","href":"https:\/\/api.w.org\/{rel}","templated":true}]}}